{"id":13757,"date":"2025-01-16T11:10:12","date_gmt":"2025-01-16T16:10:12","guid":{"rendered":"https:\/\/dimgrey-goat-433611.hostingersite.com\/us\/warranty-policy-bergstrom-aftermarket-systems-and-parts\/"},"modified":"2025-03-18T07:19:56","modified_gmt":"2025-03-18T11:19:56","slug":"warranty-policy-bergstrom-aftermarket-systems-and-parts","status":"publish","type":"page","link":"https:\/\/bergstrominc.com\/us\/es\/warranty-policy-bergstrom-aftermarket-systems-and-parts\/","title":{"rendered":"Warranty Policy &#8211; Bergstrom Aftermarket Systems and Parts"},"content":{"rendered":"\t\t<div data-elementor-type=\"wp-page\" data-elementor-id=\"13757\" class=\"elementor elementor-13757 elementor-12228\" data-elementor-post-type=\"page\">\n\t\t\t\t<div class=\"elementor-element elementor-element-ab63199 e-flex e-con-boxed e-con e-parent\" data-id=\"ab63199\" data-element_type=\"container\" data-e-type=\"container\" data-settings=\"{&quot;background_background&quot;:&quot;classic&quot;,&quot;jet_parallax_layout_list&quot;:[]}\">\n\t\t\t\t\t<div class=\"e-con-inner\">\n\t\t<div class=\"elementor-element elementor-element-f907161 e-con-full e-flex e-con e-child\" data-id=\"f907161\" data-element_type=\"container\" data-e-type=\"container\" data-settings=\"{&quot;jet_parallax_layout_list&quot;:[]}\">\n\t\t\t\t<div class=\"elementor-element elementor-element-14abf48 elementor-widget__width-initial elementor-widget elementor-widget-heading\" data-id=\"14abf48\" data-element_type=\"widget\" data-e-type=\"widget\" data-widget_type=\"heading.default\">\n\t\t\t\t<div class=\"elementor-widget-container\">\n\t\t\t\t\t<h1 class=\"elementor-heading-title elementor-size-default\">Garant\u00eda de Bergstrom Inc. para Sistemas de aftermarket\u00a0 y Piezas de Reemplazo<\/h1>\t\t\t\t<\/div>\n\t\t\t\t<\/div>\n\t\t\t\t<\/div>\n\t\t\t\t\t<\/div>\n\t\t\t\t<\/div>\n\t\t<div class=\"elementor-element elementor-element-9ff596b e-flex e-con-boxed e-con e-parent\" data-id=\"9ff596b\" data-element_type=\"container\" data-e-type=\"container\" data-settings=\"{&quot;background_background&quot;:&quot;classic&quot;,&quot;jet_parallax_layout_list&quot;:[]}\">\n\t\t\t\t\t<div class=\"e-con-inner\">\n\t\t\t\t<div class=\"elementor-element elementor-element-5756e9f elementor-widget elementor-widget-text-editor\" data-id=\"5756e9f\" data-element_type=\"widget\" data-e-type=\"widget\" data-widget_type=\"text-editor.default\">\n\t\t\t\t<div class=\"elementor-widget-container\">\n\t\t\t\t\t\t\t\t\t<p><span style=\"font-weight: 400;\">Esta garant\u00eda se aplica a los sistemas y piezas de repuesto vendidos por <\/span><b>Bergstrom Inc.<\/b><span style=\"font-weight: 400;\">. Si un sistema o una pieza se encuentra con un defecto de calidad antes de la instalaci\u00f3n o la fecha de servicio, comun\u00edquese con su representante de servicio al cliente de <\/span><b>Bergstrom<\/b><span style=\"font-weight: 400;\"> para solicitar una autorizaci\u00f3n de devoluci\u00f3n de mercanc\u00eda (RGA) e instrucciones sobre c\u00f3mo devolver la pieza defectuosa.<\/span><\/p><ol><li><b> Definici\u00f3n de Producto(s)<\/b><\/li><\/ol><p><span style=\"font-weight: 400;\">Los sistemas de repuesto incluyen, pero no se limitan a, unidades y piezas bajo la etiqueta <\/span><b>Bergstrom<\/b><span style=\"font-weight: 400;\">. Para los fines de esta pol\u00edtica de garant\u00eda, el t\u00e9rmino \u00abSistemas de Repuesto\u00bb o \u00abPiezas de Repuesto\u00bb se refiere a todas las unidades y piezas vendidas por <\/span><b>Bergstrom<\/b><span style=\"font-weight: 400;\"> al cliente.<\/span><\/p><ol start=\"2\"><li><b> Garant\u00eda del Producto<\/b><\/li><\/ol><p><span style=\"font-weight: 400;\">Sujeta a las condiciones del <\/span><b>apartado 3<\/b><span style=\"font-weight: 400;\">, <\/span><b>Bergstrom<\/b><span style=\"font-weight: 400;\"> garantiza que durante el per\u00edodo de garant\u00eda especificado a continuaci\u00f3n, las unidades o piezas vendidas por <\/span><b>Bergstrom<\/b><span style=\"font-weight: 400;\"> al cliente:<\/span><\/p><ul><li style=\"font-weight: 400;\" aria-level=\"1\"><span style=\"font-weight: 400;\">Estar\u00e1n libres de defectos en el dise\u00f1o, los materiales y la mano de obra.<\/span><\/li><li style=\"font-weight: 400;\" aria-level=\"1\"><span style=\"font-weight: 400;\">Estar\u00e1n libres de grav\u00e1menes o cargas.<\/span><\/li><\/ul><p><span style=\"font-weight: 400;\">El per\u00edodo de garant\u00eda (\u00abPer\u00edodo de Garant\u00eda\u00bb) es el siguiente:<\/span><\/p><table><thead><tr><th><p><b>Tipo de Producto<\/b><\/p><\/th><th><p><b>Duraci\u00f3n de la Garant\u00eda<\/b><\/p><\/th><\/tr><\/thead><tbody><tr><td><p><span style=\"font-weight: 400;\">Veh\u00edculos On-Highway<\/span><\/p><\/td><td><p><span style=\"font-weight: 400;\">1 a\u00f1o \/ 100,000 millas<\/span><\/p><\/td><\/tr><tr><td><p><span style=\"font-weight: 400;\">Veh\u00edculos Off-Highway<\/span><\/p><\/td><td><p><span style=\"font-weight: 400;\">1 a\u00f1o \/ 1,500 horas<\/span><\/p><\/td><\/tr><\/tbody><\/table><ul><li style=\"font-weight: 400;\" aria-level=\"1\"><span style=\"font-weight: 400;\">Cualquier reparaci\u00f3n o reemplazo de la unidad o pieza de acuerdo con la garant\u00eda de <\/span><b>Bergstrom<\/b><span style=\"font-weight: 400;\"> no extender\u00e1 el per\u00edodo de garant\u00eda.<\/span><\/li><li style=\"font-weight: 400;\" aria-level=\"1\"><span style=\"font-weight: 400;\">La garant\u00eda es intransferible y solo se aplica al propietario-usuario-consumidor original. La transferencia de propiedad anular\u00e1 la garant\u00eda.<\/span><\/li><\/ul><ol start=\"3\"><li><b> Descargo de Responsabilidad de la Garant\u00eda para Piezas Cubiertas y Exclusiones de Garant\u00eda<\/b><\/li><\/ol><p><span style=\"font-weight: 400;\">La garant\u00eda limitada expresa que se establece en el <\/span><b>apartado 2<\/b><span style=\"font-weight: 400;\"> reemplaza todas las dem\u00e1s garant\u00edas, ya sean expresas o impl\u00edcitas, orales o escritas. No existe garant\u00eda impl\u00edcita de comerciabilidad, garant\u00eda impl\u00edcita de aptitud para un prop\u00f3sito particular o cualquier otra garant\u00eda, excepto las expresamente indicadas en este acuerdo.<\/span><\/p><p><span style=\"font-weight: 400;\">Esta garant\u00eda no se aplica a:<\/span><\/p><ul><li style=\"font-weight: 400;\" aria-level=\"1\"><span style=\"font-weight: 400;\">Cualquier pieza que haya sido inadecuadamente mantenida, manipulada incorrectamente, instalada, ensamblada, manipulada sin autorizaci\u00f3n, desarmada, mal utilizada o abusada.<\/span><\/li><li style=\"font-weight: 400;\" aria-level=\"1\"><span style=\"font-weight: 400;\">Cualquier pieza que no haya recibido el mantenimiento o servicio adecuado por parte del cliente final.<\/span><\/li><li style=\"font-weight: 400;\" aria-level=\"1\"><span style=\"font-weight: 400;\">Fallas de piezas causadas por cualquier componente de reemplazo o pieza de repuesto no dise\u00f1ado, fabricado o aprobado por <\/span><b>Bergstrom<\/b><span style=\"font-weight: 400;\">.<\/span><\/li><li style=\"font-weight: 400;\" aria-level=\"1\"><span style=\"font-weight: 400;\">Desgaste normal y art\u00edculos de mantenimiento o piezas y componentes consumibles, como correas, mangueras, sellos de eje del compresor, juntas, rodamientos de embrague y compresores, v\u00e1lvulas, deshidratadores, productos qu\u00edmicos, aceites, bombillas y filtros.<\/span><\/li><li style=\"font-weight: 400;\" aria-level=\"1\"><span style=\"font-weight: 400;\">Piezas que se hayan instalado en contra de las pr\u00e1cticas recomendadas de instalaci\u00f3n o que se hayan utilizado junto con componentes no <\/span><b>Bergstrom<\/b><span style=\"font-weight: 400;\">, lo que afecte negativamente su funcionamiento.<\/span><\/li><li style=\"font-weight: 400;\" aria-level=\"1\"><span style=\"font-weight: 400;\">Otros componentes del veh\u00edculo que est\u00e1n excluidos de esta garant\u00eda, como componentes est\u00e1ndar de calefacci\u00f3n, ventilaci\u00f3n y aire acondicionado (HVAC) del veh\u00edculo, bater\u00edas (por ejemplo, Trojan), calentadores operados por combustible (por ejemplo, Ebersp\u00e4cher) e inversores (por ejemplo, Tundra).<\/span><\/li><\/ul><ol start=\"4\"><li><b> Limitaci\u00f3n de Responsabilidad para Productos Cubiertos<\/b><\/li><\/ol><p><b>Bergstrom<\/b><span style=\"font-weight: 400;\"> no ser\u00e1 responsable de:<\/span><\/p><ul><li style=\"font-weight: 400;\" aria-level=\"1\"><span style=\"font-weight: 400;\">Da\u00f1os indirectos, incidentales, consecuentes o especiales.<\/span><\/li><li style=\"font-weight: 400;\" aria-level=\"1\"><span style=\"font-weight: 400;\">P\u00e9rdidas de ganancias o da\u00f1os resultantes de defectos o no conformidades en las piezas o por incumplimiento de este acuerdo de garant\u00eda.<\/span><\/li><li style=\"font-weight: 400;\" aria-level=\"1\"><span style=\"font-weight: 400;\">Costos relacionados con remolques, env\u00edo de piezas de reemplazo, gastos de alquiler, tiempo de inactividad o da\u00f1os a veh\u00edculos, carga o contenido.<\/span><\/li><\/ul><ol start=\"5\"><li><b> Reembolso por Reclamaciones de Garant\u00eda<\/b><\/li><\/ol><p><span style=\"font-weight: 400;\">Sujeto a los t\u00e9rminos de la garant\u00eda, <\/span><b>Bergstrom<\/b><span style=\"font-weight: 400;\"> reembolsar\u00e1 al cliente los costos de las reclamaciones de garant\u00eda en los casos en que <\/span><b>Bergstrom<\/b><span style=\"font-weight: 400;\"> determine que es responsable:<\/span><\/p><ul><li style=\"font-weight: 400;\" aria-level=\"1\"><span style=\"font-weight: 400;\">Costos de material al precio que <\/span><b>Bergstrom<\/b><span style=\"font-weight: 400;\"> le haya vendido al cliente.<\/span><\/li><li style=\"font-weight: 400;\" aria-level=\"1\"><span style=\"font-weight: 400;\">Costos de mano de obra seg\u00fan la tarifa de mano de obra aprobada en el centro de servicio, multiplicada por el tiempo est\u00e1ndar de reparaci\u00f3n publicado por <\/span><b>Bergstrom<\/b><span style=\"font-weight: 400;\"> (SRT).<\/span><\/li><\/ul><p><span style=\"font-weight: 400;\">Para las piezas de servicio, el reembolso de la garant\u00eda est\u00e1 limitado al precio de compra que el cliente pag\u00f3 a <\/span><b>Bergstrom<\/b><span style=\"font-weight: 400;\"> por las piezas defectuosas o no conformes.<\/span><\/p><ul><li style=\"font-weight: 400;\" aria-level=\"1\"><span style=\"font-weight: 400;\">Se debe emitir un n\u00famero de reclamo separado y un formulario de \u00abSolicitud de Garant\u00eda\u00bb para cada veh\u00edculo reparado.<\/span><\/li><li style=\"font-weight: 400;\" aria-level=\"1\"><span style=\"font-weight: 400;\">Las reclamaciones de garant\u00eda deben enviarse a trav\u00e9s del portal de garant\u00edas de <\/span><b>Bergstrom<\/b><span style=\"font-weight: 400;\">, y el cliente debe devolver las piezas defectuosas a <\/span><b>Bergstrom<\/b><span style=\"font-weight: 400;\"> dentro de los 30 d\u00edas posteriores a la reparaci\u00f3n. El costo de env\u00edo ser\u00e1 pagado por el cliente y se reembolsar\u00e1 si la reclamaci\u00f3n es aprobada.<\/span><\/li><li style=\"font-weight: 400;\" aria-level=\"1\"><b>Bergstrom<\/b><span style=\"font-weight: 400;\"> responder\u00e1 a las reclamaciones de garant\u00eda dentro de los 30 d\u00edas posteriores a la presentaci\u00f3n de la reclamaci\u00f3n o a la recepci\u00f3n de las piezas defectuosas, lo que ocurra m\u00e1s tarde.<\/span><\/li><li style=\"font-weight: 400;\" aria-level=\"1\"><span style=\"font-weight: 400;\">El reembolso de <\/span><b>Bergstrom<\/b><span style=\"font-weight: 400;\"> se realizar\u00e1 dentro de los 30 d\u00edas siguientes a la determinaci\u00f3n final de responsabilidad.<\/span><\/li><\/ul><ol start=\"6\"><li><b> T\u00e9rmino y Aplicabilidad de la Pol\u00edtica de Garant\u00eda<\/b><\/li><\/ol><p><span style=\"font-weight: 400;\">Las disposiciones sobre garant\u00edas, remedios y responsabilidad con respecto a las piezas vendidas por <\/span><b>Bergstrom<\/b><span style=\"font-weight: 400;\"> al cliente bajo esta pol\u00edtica de garant\u00eda no pueden ser modificadas, modificadas o suplementadas de ninguna manera, excepto mediante un acuerdo escrito firmado por ambas partes.<\/span><\/p><p><span style=\"font-weight: 400;\">Las partes tambi\u00e9n acuerdan que esta pol\u00edtica de garant\u00eda constituye el acuerdo completo entre ellas con respecto al asunto de la garant\u00eda de los productos vendidos por <\/span><b>Bergstrom<\/b><span style=\"font-weight: 400;\"> al cliente. No existen otros acuerdos ni obligaciones fuera de esta pol\u00edtica.<\/span><\/p><ol start=\"7\"><li><b> Ley Aplicable<\/b><\/li><\/ol><p><span style=\"font-weight: 400;\">Este acuerdo de garant\u00eda se regir\u00e1 e interpretar\u00e1 de acuerdo con las leyes del estado de Illinois. Si alguna disposici\u00f3n de limitaci\u00f3n de responsabilidad o indemnizaci\u00f3n es considerada ilegal, inv\u00e1lida o inaplicable por un tribunal, la legalidad de las dem\u00e1s disposiciones no se ver\u00e1 afectada.<\/span><\/p>\t\t\t\t\t\t\t\t<\/div>\n\t\t\t\t<\/div>\n\t\t\t\t\t<\/div>\n\t\t\t\t<\/div>\n\t\t\t\t<\/div>\n\t\t","protected":false},"excerpt":{"rendered":"<p>Garant\u00eda de Bergstrom Inc. para Sistemas de aftermarket\u00a0 y Piezas de Reemplazo Esta garant\u00eda se aplica a los sistemas y [&hellip;]<\/p>\n","protected":false},"author":4,"featured_media":0,"parent":0,"menu_order":0,"comment_status":"closed","ping_status":"closed","template":"","meta":{"postBodyCss":"","postBodyMargin":[],"postBodyPadding":[],"postBodyBackground":{"backgroundType":"classic","gradient":""},"site-sidebar-layout":"no-sidebar","site-content-layout":"","ast-site-content-layout":"full-width-container","site-content-style":"default","site-sidebar-style":"default","ast-global-header-display":"","ast-banner-title-visibility":"","ast-main-header-display":"","ast-hfb-above-header-display":"","ast-hfb-below-header-display":"","ast-hfb-mobile-header-display":"","site-post-title":"disabled","ast-breadcrumbs-content":"","ast-featured-img":"disabled","footer-sml-layout":"","ast-disable-related-posts":"","theme-transparent-header-meta":"","adv-header-id-meta":"","stick-header-meta":"","header-above-stick-meta":"","header-main-stick-meta":"","header-below-stick-meta":"","astra-migrate-meta-layouts":"default","ast-page-background-enabled":"default","ast-page-background-meta":{"desktop":{"background-color":"var(--ast-global-color-4)","background-image":"","background-repeat":"repeat","background-position":"center center","background-size":"auto","background-attachment":"scroll","background-type":"","background-media":"","overlay-type":"","overlay-color":"","overlay-opacity":"","overlay-gradient":""},"tablet":{"background-color":"","background-image":"","background-repeat":"repeat","background-position":"center center","background-size":"auto","background-attachment":"scroll","background-type":"","background-media":"","overlay-type":"","overlay-color":"","overlay-opacity":"","overlay-gradient":""},"mobile":{"background-color":"","background-image":"","background-repeat":"repeat","background-position":"center center","background-size":"auto","background-attachment":"scroll","background-type":"","background-media":"","overlay-type":"","overlay-color":"","overlay-opacity":"","overlay-gradient":""}},"ast-content-background-meta":{"desktop":{"background-color":"var(--ast-global-color-5)","background-image":"","background-repeat":"repeat","background-position":"center center","background-size":"auto","background-attachment":"scroll","background-type":"","background-media":"","overlay-type":"","overlay-color":"","overlay-opacity":"","overlay-gradient":""},"tablet":{"background-color":"var(--ast-global-color-5)","background-image":"","background-repeat":"repeat","background-position":"center center","background-size":"auto","background-attachment":"scroll","background-type":"","background-media":"","overlay-type":"","overlay-color":"","overlay-opacity":"","overlay-gradient":""},"mobile":{"background-color":"var(--ast-global-color-5)","background-image":"","background-repeat":"repeat","background-position":"center center","background-size":"auto","background-attachment":"scroll","background-type":"","background-media":"","overlay-type":"","overlay-color":"","overlay-opacity":"","overlay-gradient":""}},"footnotes":""},"class_list":["post-13757","page","type-page","status-publish","hentry"],"_links":{"self":[{"href":"https:\/\/bergstrominc.com\/us\/es\/wp-json\/wp\/v2\/pages\/13757","targetHints":{"allow":["GET"]}}],"collection":[{"href":"https:\/\/bergstrominc.com\/us\/es\/wp-json\/wp\/v2\/pages"}],"about":[{"href":"https:\/\/bergstrominc.com\/us\/es\/wp-json\/wp\/v2\/types\/page"}],"author":[{"embeddable":true,"href":"https:\/\/bergstrominc.com\/us\/es\/wp-json\/wp\/v2\/users\/4"}],"replies":[{"embeddable":true,"href":"https:\/\/bergstrominc.com\/us\/es\/wp-json\/wp\/v2\/comments?post=13757"}],"version-history":[{"count":3,"href":"https:\/\/bergstrominc.com\/us\/es\/wp-json\/wp\/v2\/pages\/13757\/revisions"}],"predecessor-version":[{"id":13778,"href":"https:\/\/bergstrominc.com\/us\/es\/wp-json\/wp\/v2\/pages\/13757\/revisions\/13778"}],"wp:attachment":[{"href":"https:\/\/bergstrominc.com\/us\/es\/wp-json\/wp\/v2\/media?parent=13757"}],"curies":[{"name":"wp","href":"https:\/\/api.w.org\/{rel}","templated":true}]}}