{"id":6523,"date":"2024-06-19T06:28:54","date_gmt":"2024-06-19T04:28:54","guid":{"rendered":"https:\/\/dimgrey-goat-433611.hostingersite.com\/us\/?post_type=product&#038;p=6523"},"modified":"2025-03-13T16:52:43","modified_gmt":"2025-03-13T20:52:43","slug":"integral-power-ii","status":"publish","type":"product","link":"https:\/\/bergstrominc.com\/us\/es\/producto\/integral-power-ii\/","title":{"rendered":"INTEGRAL POWER II"},"content":{"rendered":"<p>Integral Power II se monta en el techo de la cabina y resulta la soluci\u00f3n ideal cuando el veh\u00edculo no dispone de aire acondicionado de origen, cuando se requiere de un refuerzo al ya existente o en situaciones en las que se necesita un sistema de aire acondicionado adicional.<\/p>\n<p>Como aplicaciones principales se encuentran los veh\u00edculos off-road, tales como excavadoras, camiones, volquete, gr\u00faas, niveladoras, maquinaria agr\u00edcola y carretillas. Su uso est\u00e1 tambi\u00e9n muy extendido en camiones urbanos de recogida de residuos.<\/p>\n<h4><strong>CARACTER\u00cdSTICAS:<\/strong><\/h4>\n<p>&nbsp;<\/p>\n<ul>\n<li>Mando a distancia por radiofrecuencia (RF) y term\u00f3metro digital (0C o0F).<\/li>\n<li>Equipo completamente el\u00e9ctricodotado de tecnolog\u00eda inverter.<\/li>\n<li>Estructura muy resistente y m\u00ednimo mantenimiento.<\/li>\n<li>Instalaci\u00f3n sencillasobre el techo de la cabinasin tocar el motor del veh\u00edculo.<\/li>\n<li>Adaptaci\u00f3n perfecta: adecuado para diferentes tipos de cabina, con o sin escotilla.<\/li>\n<li>Incluye plantilla de corte para el techo de veh\u00edculos que no incorporan escotilla.<\/li>\n<li>Disponibilidad de consolas espec\u00edficas para determinados modelos (Consultar).<\/li>\n<\/ul>\n","protected":false},"excerpt":{"rendered":"<p>Integral Power II es un equipo de aire acondicionado el\u00e9ctrico de techo en una \u00fanica unidad independiente alimentado directamente por la bater\u00eda del veh\u00edculo, pensado para funcionar en aquellos veh\u00edculos que trabajan en los entornos m\u00e1s duros y exigentes<\/p>\n","protected":false},"featured_media":6590,"comment_status":"open","ping_status":"closed","template":"","meta":{"postBodyCss":"","postBodyMargin":[],"postBodyPadding":[],"postBodyBackground":{"backgroundType":"classic","gradient":""},"site-sidebar-layout":"default","site-content-layout":"","ast-site-content-layout":"default","site-content-style":"default","site-sidebar-style":"default","ast-global-header-display":"","ast-banner-title-visibility":"","ast-main-header-display":"","ast-hfb-above-header-display":"","ast-hfb-below-header-display":"","ast-hfb-mobile-header-display":"","site-post-title":"","ast-breadcrumbs-content":"","ast-featured-img":"","footer-sml-layout":"","ast-disable-related-posts":"","theme-transparent-header-meta":"default","adv-header-id-meta":"","stick-header-meta":"","header-above-stick-meta":"","header-main-stick-meta":"","header-below-stick-meta":"","astra-migrate-meta-layouts":"set","ast-page-background-enabled":"default","ast-page-background-meta":{"desktop":{"background-color":"var(--ast-global-color-4)","background-image":"","background-repeat":"repeat","background-position":"center center","background-size":"auto","background-attachment":"scroll","background-type":"","background-media":"","overlay-type":"","overlay-color":"","overlay-opacity":"","overlay-gradient":""},"tablet":{"background-color":"","background-image":"","background-repeat":"repeat","background-position":"center center","background-size":"auto","background-attachment":"scroll","background-type":"","background-media":"","overlay-type":"","overlay-color":"","overlay-opacity":"","overlay-gradient":""},"mobile":{"background-color":"","background-image":"","background-repeat":"repeat","background-position":"center center","background-size":"auto","background-attachment":"scroll","background-type":"","background-media":"","overlay-type":"","overlay-color":"","overlay-opacity":"","overlay-gradient":""}},"ast-content-background-meta":{"desktop":{"background-color":"var(--ast-global-color-5)","background-image":"","background-repeat":"repeat","background-position":"center center","background-size":"auto","background-attachment":"scroll","background-type":"","background-media":"","overlay-type":"","overlay-color":"","overlay-opacity":"","overlay-gradient":""},"tablet":{"background-color":"var(--ast-global-color-5)","background-image":"","background-repeat":"repeat","background-position":"center center","background-size":"auto","background-attachment":"scroll","background-type":"","background-media":"","overlay-type":"","overlay-color":"","overlay-opacity":"","overlay-gradient":""},"mobile":{"background-color":"var(--ast-global-color-5)","background-image":"","background-repeat":"repeat","background-position":"center center","background-size":"auto","background-attachment":"scroll","background-type":"","background-media":"","overlay-type":"","overlay-color":"","overlay-opacity":"","overlay-gradient":""}}},"product_brand":[],"product_cat":[65,39],"product_tag":[69],"modelo":[],"class_list":{"0":"post-6523","1":"product","2":"type-product","3":"status-publish","4":"has-post-thumbnail","6":"product_cat-para-trabajar","7":"product_cat-profesional","8":"product_tag-3columnas","9":"desktop-align-left","10":"tablet-align-left","11":"mobile-align-left","13":"first","14":"instock","15":"shipping-taxable","16":"product-type-simple"},"_links":{"self":[{"href":"https:\/\/bergstrominc.com\/us\/es\/wp-json\/wp\/v2\/product\/6523","targetHints":{"allow":["GET"]}}],"collection":[{"href":"https:\/\/bergstrominc.com\/us\/es\/wp-json\/wp\/v2\/product"}],"about":[{"href":"https:\/\/bergstrominc.com\/us\/es\/wp-json\/wp\/v2\/types\/product"}],"replies":[{"embeddable":true,"href":"https:\/\/bergstrominc.com\/us\/es\/wp-json\/wp\/v2\/comments?post=6523"}],"version-history":[{"count":6,"href":"https:\/\/bergstrominc.com\/us\/es\/wp-json\/wp\/v2\/product\/6523\/revisions"}],"predecessor-version":[{"id":9030,"href":"https:\/\/bergstrominc.com\/us\/es\/wp-json\/wp\/v2\/product\/6523\/revisions\/9030"}],"wp:featuredmedia":[{"embeddable":true,"href":"https:\/\/bergstrominc.com\/us\/es\/wp-json\/wp\/v2\/media\/6590"}],"wp:attachment":[{"href":"https:\/\/bergstrominc.com\/us\/es\/wp-json\/wp\/v2\/media?parent=6523"}],"wp:term":[{"taxonomy":"product_brand","embeddable":true,"href":"https:\/\/bergstrominc.com\/us\/es\/wp-json\/wp\/v2\/product_brand?post=6523"},{"taxonomy":"product_cat","embeddable":true,"href":"https:\/\/bergstrominc.com\/us\/es\/wp-json\/wp\/v2\/product_cat?post=6523"},{"taxonomy":"product_tag","embeddable":true,"href":"https:\/\/bergstrominc.com\/us\/es\/wp-json\/wp\/v2\/product_tag?post=6523"},{"taxonomy":"modelo","embeddable":true,"href":"https:\/\/bergstrominc.com\/us\/es\/wp-json\/wp\/v2\/modelo?post=6523"}],"curies":[{"name":"wp","href":"https:\/\/api.w.org\/{rel}","templated":true}]}}