{"id":7428,"date":"2024-07-01T17:48:29","date_gmt":"2024-07-01T15:48:29","guid":{"rendered":"https:\/\/dimgrey-goat-433611.hostingersite.com\/us\/?post_type=product&#038;p=7428"},"modified":"2024-07-03T14:24:50","modified_gmt":"2024-07-03T12:24:50","slug":"compact-3-0","status":"publish","type":"product","link":"https:\/\/bergstrominc.com\/us\/es\/producto\/compact-3-0\/","title":{"rendered":"COMPACT 3.0"},"content":{"rendered":"<p>COMPACT 3.0 es un equipo completamente el\u00e9ctrico dotado con tecnolog\u00eda full inverter.<br \/>\nAdem\u00e1s de recomendar su uso durante los periodos de parada obligatoria o en las operaciones de carga y descarga, COMPACT resulta una de las mejores opciones para el descanso nocturno en la cabina del cami\u00f3n.<br \/>\nCOMPACT 3.0 est\u00e1 equipado con dos compresores y dos circuitos de refrigerante independientes para el evaporador y el condensador, por lo que act\u00faa como dos unidades de aire acondicionado en un \u00fanico equipo.<\/p>\n<h4><strong>CARACTER\u00cdSTICAS:<\/strong><\/h4>\n<p>&nbsp;<\/p>\n<ul>\n<li>Equipo completamente el\u00e9ctrico dotado de tecnolog\u00eda full inverter.<\/li>\n<li>Instalaci\u00f3n en el techo sin tocar el motor del veh\u00edculo.<\/li>\n<li>Montaje sencillo sin necesidad de taladrar el techo de la cabina en camiones con escotilla.<\/li>\n<li>Funci\u00f3n manual y autom\u00e1tica.<\/li>\n<li>Mando a distancia por radiofrecuencia (RF) y term\u00f3metro digital (en 0C y 0F).<\/li>\n<li>Doble protecci\u00f3n de bater\u00eda.<\/li>\n<li>Ahorro de combustible.<\/li>\n<li>5 velocidades de ventilaci\u00f3n.<\/li>\n<li>Sistemas precargados.<\/li>\n<li>M\u00ednimo mantenimiento.<\/li>\n<li>Funcionamiento con veh\u00edculo a motor parado o en marcha.<\/li>\n<li>Emisiones 0 &#8211; 100% respetuoso con el medio ambiente<\/li>\n<li>Posibilita un buen descanso en la cabina del veh\u00edculo, lo que contribuye a incrementar la seguridad vial<\/li>\n<\/ul>\n","protected":false},"excerpt":{"rendered":"<p>COMPACT 3.0, equipo compacto de aire acondicionado aut\u00f3nomo de altas prestaciones que puede ser utilizado con el motor parado o en marcha, ha sido dise\u00f1ado para ser la alternativa de climatizaci\u00f3n en veh\u00edculos sin aire acondicionado de origen.<\/p>\n","protected":false},"featured_media":7433,"comment_status":"open","ping_status":"closed","template":"","meta":{"postBodyCss":"","postBodyMargin":[],"postBodyPadding":[],"postBodyBackground":{"backgroundType":"classic","gradient":""},"site-sidebar-layout":"default","site-content-layout":"","ast-site-content-layout":"default","site-content-style":"default","site-sidebar-style":"default","ast-global-header-display":"","ast-banner-title-visibility":"","ast-main-header-display":"","ast-hfb-above-header-display":"","ast-hfb-below-header-display":"","ast-hfb-mobile-header-display":"","site-post-title":"","ast-breadcrumbs-content":"","ast-featured-img":"","footer-sml-layout":"","ast-disable-related-posts":"","theme-transparent-header-meta":"default","adv-header-id-meta":"","stick-header-meta":"","header-above-stick-meta":"","header-main-stick-meta":"","header-below-stick-meta":"","astra-migrate-meta-layouts":"set","ast-page-background-enabled":"default","ast-page-background-meta":{"desktop":{"background-color":"var(--ast-global-color-4)","background-image":"","background-repeat":"repeat","background-position":"center center","background-size":"auto","background-attachment":"scroll","background-type":"","background-media":"","overlay-type":"","overlay-color":"","overlay-opacity":"","overlay-gradient":""},"tablet":{"background-color":"","background-image":"","background-repeat":"repeat","background-position":"center center","background-size":"auto","background-attachment":"scroll","background-type":"","background-media":"","overlay-type":"","overlay-color":"","overlay-opacity":"","overlay-gradient":""},"mobile":{"background-color":"","background-image":"","background-repeat":"repeat","background-position":"center center","background-size":"auto","background-attachment":"scroll","background-type":"","background-media":"","overlay-type":"","overlay-color":"","overlay-opacity":"","overlay-gradient":""}},"ast-content-background-meta":{"desktop":{"background-color":"var(--ast-global-color-5)","background-image":"","background-repeat":"repeat","background-position":"center center","background-size":"auto","background-attachment":"scroll","background-type":"","background-media":"","overlay-type":"","overlay-color":"","overlay-opacity":"","overlay-gradient":""},"tablet":{"background-color":"var(--ast-global-color-5)","background-image":"","background-repeat":"repeat","background-position":"center center","background-size":"auto","background-attachment":"scroll","background-type":"","background-media":"","overlay-type":"","overlay-color":"","overlay-opacity":"","overlay-gradient":""},"mobile":{"background-color":"var(--ast-global-color-5)","background-image":"","background-repeat":"repeat","background-position":"center center","background-size":"auto","background-attachment":"scroll","background-type":"","background-media":"","overlay-type":"","overlay-color":"","overlay-opacity":"","overlay-gradient":""}}},"product_brand":[],"product_cat":[71,65,39],"product_tag":[70],"modelo":[],"class_list":{"0":"post-7428","1":"product","2":"type-product","3":"status-publish","4":"has-post-thumbnail","6":"product_cat-para-descansar","7":"product_cat-para-trabajar","8":"product_cat-profesional","9":"product_tag-2columnas","10":"desktop-align-left","11":"tablet-align-left","12":"mobile-align-left","14":"first","15":"instock","16":"shipping-taxable","17":"product-type-simple"},"_links":{"self":[{"href":"https:\/\/bergstrominc.com\/us\/es\/wp-json\/wp\/v2\/product\/7428","targetHints":{"allow":["GET"]}}],"collection":[{"href":"https:\/\/bergstrominc.com\/us\/es\/wp-json\/wp\/v2\/product"}],"about":[{"href":"https:\/\/bergstrominc.com\/us\/es\/wp-json\/wp\/v2\/types\/product"}],"replies":[{"embeddable":true,"href":"https:\/\/bergstrominc.com\/us\/es\/wp-json\/wp\/v2\/comments?post=7428"}],"version-history":[{"count":5,"href":"https:\/\/bergstrominc.com\/us\/es\/wp-json\/wp\/v2\/product\/7428\/revisions"}],"predecessor-version":[{"id":8049,"href":"https:\/\/bergstrominc.com\/us\/es\/wp-json\/wp\/v2\/product\/7428\/revisions\/8049"}],"wp:featuredmedia":[{"embeddable":true,"href":"https:\/\/bergstrominc.com\/us\/es\/wp-json\/wp\/v2\/media\/7433"}],"wp:attachment":[{"href":"https:\/\/bergstrominc.com\/us\/es\/wp-json\/wp\/v2\/media?parent=7428"}],"wp:term":[{"taxonomy":"product_brand","embeddable":true,"href":"https:\/\/bergstrominc.com\/us\/es\/wp-json\/wp\/v2\/product_brand?post=7428"},{"taxonomy":"product_cat","embeddable":true,"href":"https:\/\/bergstrominc.com\/us\/es\/wp-json\/wp\/v2\/product_cat?post=7428"},{"taxonomy":"product_tag","embeddable":true,"href":"https:\/\/bergstrominc.com\/us\/es\/wp-json\/wp\/v2\/product_tag?post=7428"},{"taxonomy":"modelo","embeddable":true,"href":"https:\/\/bergstrominc.com\/us\/es\/wp-json\/wp\/v2\/modelo?post=7428"}],"curies":[{"name":"wp","href":"https:\/\/api.w.org\/{rel}","templated":true}]}}