{"id":8050,"date":"2024-07-02T16:24:29","date_gmt":"2024-07-02T14:24:29","guid":{"rendered":"https:\/\/dimgrey-goat-433611.hostingersite.com\/us\/?post_type=product&#038;p=8050"},"modified":"2024-07-03T14:26:25","modified_gmt":"2024-07-03T12:26:25","slug":"slimfit","status":"publish","type":"product","link":"https:\/\/bergstrominc.com\/us\/es\/producto\/slimfit\/","title":{"rendered":"SlimFIT"},"content":{"rendered":"<p>SlimFIT es el equipo de aire acondicionado aut\u00f3nomo de altas prestaciones m\u00e1s plano del mercado dise\u00f1ado para refrigerar la cabina del cami\u00f3n durante los per\u00edodos de descanso nocturno del conductor, las operaciones de carga y descarga y durante las paradas obligatorias.<\/p>\n<p>SlimFIT funciona tanto a motor en marcha como a motor parado y, dado que se alimenta directamente de la bater\u00eda del veh\u00edculo, le ayudar\u00e1 a reducir el gasto de combustible y evitar\u00e1 emisiones de CO\u2082 a la atm\u00f3sfera. Su reducida altura y su dise\u00f1o aerodin\u00e1mico le convierten en el accesorio perfecto para enfriar veh\u00edculos con cabinas altas.<\/p>\n<h4><strong>VENTAJAS:<\/strong><\/h4>\n<p>&nbsp;<\/p>\n<ul>\n<li>Equipo completamente el\u00e9ctrico dotado de tecnolog\u00eda full inverter.<\/li>\n<li>Instalaci\u00f3n sencilla en la que no es necesario tocar el motor del veh\u00edculo.<\/li>\n<li>Montaje f\u00e1cil sin necesidad de taladrar el techo de la cabina en camiones con escotilla.<\/li>\n<li>Funci\u00f3n manual y autom\u00e1tica.<\/li>\n<li>Mando a distancia por infrarrojos (IR) y panel de control t\u00e1ctil.<\/li>\n<li>Term\u00f3metro digital (en <sup>0<\/sup>C y <sup>0<\/sup>F).<\/li>\n<li>Doble protecci\u00f3n de bater\u00eda.<\/li>\n<li>Ahorro de combustible.<\/li>\n<li>5 velocidades de ventilaci\u00f3n.<\/li>\n<li>Sistema precargado con refrigerante R134a.<\/li>\n<li>Funci\u00f3n de programaci\u00f3n.<\/li>\n<li>Bajo mantenimiento.<\/li>\n<li>Emisiones 0 &#8211; 100% respetuoso con el medio ambiente.<\/li>\n<\/ul>\n<p>Posibilita un buen descanso en la cabina del veh\u00edculo, lo que contribuye a incrementar la seguridad vial.<\/p>\n","protected":false},"excerpt":{"rendered":"<p>De instalaci\u00f3n en el techo de la cabina, SlimFIT, de Dirna Bergstrom, es el equipo compacto de aire acondicionado aut\u00f3nomo m\u00e1s plano del mercado para camiones de ruta.<br \/>\nAlimentado directamente de la bater\u00eda del veh\u00edculo, es una excelente soluci\u00f3n de refrigeraci\u00f3n y ahorro de combustible. Debido a su altura reducida, SlimFIT es perfecto para veh\u00edculos con cabinas altas.<\/p>\n","protected":false},"featured_media":8061,"comment_status":"open","ping_status":"closed","template":"","meta":{"postBodyCss":"","postBodyMargin":[],"postBodyPadding":[],"postBodyBackground":{"backgroundType":"classic","gradient":""},"site-sidebar-layout":"default","site-content-layout":"","ast-site-content-layout":"default","site-content-style":"default","site-sidebar-style":"default","ast-global-header-display":"","ast-banner-title-visibility":"","ast-main-header-display":"","ast-hfb-above-header-display":"","ast-hfb-below-header-display":"","ast-hfb-mobile-header-display":"","site-post-title":"","ast-breadcrumbs-content":"","ast-featured-img":"","footer-sml-layout":"","ast-disable-related-posts":"","theme-transparent-header-meta":"default","adv-header-id-meta":"","stick-header-meta":"","header-above-stick-meta":"","header-main-stick-meta":"","header-below-stick-meta":"","astra-migrate-meta-layouts":"set","ast-page-background-enabled":"default","ast-page-background-meta":{"desktop":{"background-color":"var(--ast-global-color-4)","background-image":"","background-repeat":"repeat","background-position":"center center","background-size":"auto","background-attachment":"scroll","background-type":"","background-media":"","overlay-type":"","overlay-color":"","overlay-opacity":"","overlay-gradient":""},"tablet":{"background-color":"","background-image":"","background-repeat":"repeat","background-position":"center center","background-size":"auto","background-attachment":"scroll","background-type":"","background-media":"","overlay-type":"","overlay-color":"","overlay-opacity":"","overlay-gradient":""},"mobile":{"background-color":"","background-image":"","background-repeat":"repeat","background-position":"center center","background-size":"auto","background-attachment":"scroll","background-type":"","background-media":"","overlay-type":"","overlay-color":"","overlay-opacity":"","overlay-gradient":""}},"ast-content-background-meta":{"desktop":{"background-color":"var(--ast-global-color-5)","background-image":"","background-repeat":"repeat","background-position":"center center","background-size":"auto","background-attachment":"scroll","background-type":"","background-media":"","overlay-type":"","overlay-color":"","overlay-opacity":"","overlay-gradient":""},"tablet":{"background-color":"var(--ast-global-color-5)","background-image":"","background-repeat":"repeat","background-position":"center center","background-size":"auto","background-attachment":"scroll","background-type":"","background-media":"","overlay-type":"","overlay-color":"","overlay-opacity":"","overlay-gradient":""},"mobile":{"background-color":"var(--ast-global-color-5)","background-image":"","background-repeat":"repeat","background-position":"center center","background-size":"auto","background-attachment":"scroll","background-type":"","background-media":"","overlay-type":"","overlay-color":"","overlay-opacity":"","overlay-gradient":""}}},"product_brand":[],"product_cat":[71,39],"product_tag":[70],"modelo":[],"class_list":{"0":"post-8050","1":"product","2":"type-product","3":"status-publish","4":"has-post-thumbnail","6":"product_cat-para-descansar","7":"product_cat-profesional","8":"product_tag-2columnas","9":"desktop-align-left","10":"tablet-align-left","11":"mobile-align-left","13":"first","14":"instock","15":"shipping-taxable","16":"product-type-simple"},"_links":{"self":[{"href":"https:\/\/bergstrominc.com\/us\/es\/wp-json\/wp\/v2\/product\/8050","targetHints":{"allow":["GET"]}}],"collection":[{"href":"https:\/\/bergstrominc.com\/us\/es\/wp-json\/wp\/v2\/product"}],"about":[{"href":"https:\/\/bergstrominc.com\/us\/es\/wp-json\/wp\/v2\/types\/product"}],"replies":[{"embeddable":true,"href":"https:\/\/bergstrominc.com\/us\/es\/wp-json\/wp\/v2\/comments?post=8050"}],"version-history":[{"count":3,"href":"https:\/\/bergstrominc.com\/us\/es\/wp-json\/wp\/v2\/product\/8050\/revisions"}],"predecessor-version":[{"id":9032,"href":"https:\/\/bergstrominc.com\/us\/es\/wp-json\/wp\/v2\/product\/8050\/revisions\/9032"}],"wp:featuredmedia":[{"embeddable":true,"href":"https:\/\/bergstrominc.com\/us\/es\/wp-json\/wp\/v2\/media\/8061"}],"wp:attachment":[{"href":"https:\/\/bergstrominc.com\/us\/es\/wp-json\/wp\/v2\/media?parent=8050"}],"wp:term":[{"taxonomy":"product_brand","embeddable":true,"href":"https:\/\/bergstrominc.com\/us\/es\/wp-json\/wp\/v2\/product_brand?post=8050"},{"taxonomy":"product_cat","embeddable":true,"href":"https:\/\/bergstrominc.com\/us\/es\/wp-json\/wp\/v2\/product_cat?post=8050"},{"taxonomy":"product_tag","embeddable":true,"href":"https:\/\/bergstrominc.com\/us\/es\/wp-json\/wp\/v2\/product_tag?post=8050"},{"taxonomy":"modelo","embeddable":true,"href":"https:\/\/bergstrominc.com\/us\/es\/wp-json\/wp\/v2\/modelo?post=8050"}],"curies":[{"name":"wp","href":"https:\/\/api.w.org\/{rel}","templated":true}]}}