{"id":8077,"date":"2024-07-02T16:40:58","date_gmt":"2024-07-02T14:40:58","guid":{"rendered":"https:\/\/dimgrey-goat-433611.hostingersite.com\/us\/?post_type=product&#038;p=8077"},"modified":"2024-07-02T16:40:58","modified_gmt":"2024-07-02T14:40:58","slug":"t5","status":"publish","type":"product","link":"https:\/\/bergstrominc.com\/us\/es\/producto\/t5\/","title":{"rendered":"T5"},"content":{"rendered":"<p>El compacto T5 es una unidad evaporadora &#8211; condensadora de aire acondicionado con 5 velocidades de ventilaci\u00f3n y termostato regulable, v\u00e1lido para cabinas peque\u00f1as y medianas de todo tipo de veh\u00edculos. La instalaci\u00f3n del compacto T5 debe completarse con un compresor adecuado al motor del veh\u00edculo (no incluido en el compacto de techo).<\/p>\n<p>\u2022 Funcionamiento manual.<br \/>\n\u2022 Bajo mantenimiento.<br \/>\n\u2022 F\u00e1cil montaje.<br \/>\n\u2022 Estructura muy resistente.<br \/>\n\u2022 Bajo mantenimiento.<br \/>\n\u2022 Funcionamiento manual.<br \/>\n\u2022 Bajo mantenimiento.<br \/>\n\u2022 Montaje en el techo de la cabina<\/p>\n<p>Ofrecemos la opci\u00f3n de completar el compacto T5 con un Kit de instalaci\u00f3n est\u00e1ndar compuesto por:<\/p>\n<p>\u2022 Compresor de doble canal y correa trapezoidal (5H14 2\u00aa).<br \/>\n\u2022 Conjunto de tuber\u00edas de 6 metros con racores est\u00e1ndar.<br \/>\n\u2022 L\u00ednea de cableado.<br \/>\n\u2022 Bote de aceite.<br \/>\n* Soportaci\u00f3n del compresor NO INCLUIDA.<\/p>\n","protected":false},"excerpt":{"rendered":"<p>T5 es una unidad evaporadora &#8211; condensadora de aire acondicionado con 5 velocidades de ventilaci\u00f3n y termostato regulable.<\/p>\n","protected":false},"featured_media":8084,"comment_status":"open","ping_status":"closed","template":"","meta":{"postBodyCss":"","postBodyMargin":[],"postBodyPadding":[],"postBodyBackground":{"backgroundType":"classic","gradient":""},"site-sidebar-layout":"default","site-content-layout":"","ast-site-content-layout":"default","site-content-style":"default","site-sidebar-style":"default","ast-global-header-display":"","ast-banner-title-visibility":"","ast-main-header-display":"","ast-hfb-above-header-display":"","ast-hfb-below-header-display":"","ast-hfb-mobile-header-display":"","site-post-title":"","ast-breadcrumbs-content":"","ast-featured-img":"","footer-sml-layout":"","ast-disable-related-posts":"","theme-transparent-header-meta":"default","adv-header-id-meta":"","stick-header-meta":"","header-above-stick-meta":"","header-main-stick-meta":"","header-below-stick-meta":"","astra-migrate-meta-layouts":"set","ast-page-background-enabled":"default","ast-page-background-meta":{"desktop":{"background-color":"var(--ast-global-color-4)","background-image":"","background-repeat":"repeat","background-position":"center center","background-size":"auto","background-attachment":"scroll","background-type":"","background-media":"","overlay-type":"","overlay-color":"","overlay-opacity":"","overlay-gradient":""},"tablet":{"background-color":"","background-image":"","background-repeat":"repeat","background-position":"center center","background-size":"auto","background-attachment":"scroll","background-type":"","background-media":"","overlay-type":"","overlay-color":"","overlay-opacity":"","overlay-gradient":""},"mobile":{"background-color":"","background-image":"","background-repeat":"repeat","background-position":"center center","background-size":"auto","background-attachment":"scroll","background-type":"","background-media":"","overlay-type":"","overlay-color":"","overlay-opacity":"","overlay-gradient":""}},"ast-content-background-meta":{"desktop":{"background-color":"var(--ast-global-color-5)","background-image":"","background-repeat":"repeat","background-position":"center center","background-size":"auto","background-attachment":"scroll","background-type":"","background-media":"","overlay-type":"","overlay-color":"","overlay-opacity":"","overlay-gradient":""},"tablet":{"background-color":"var(--ast-global-color-5)","background-image":"","background-repeat":"repeat","background-position":"center center","background-size":"auto","background-attachment":"scroll","background-type":"","background-media":"","overlay-type":"","overlay-color":"","overlay-opacity":"","overlay-gradient":""},"mobile":{"background-color":"var(--ast-global-color-5)","background-image":"","background-repeat":"repeat","background-position":"center center","background-size":"auto","background-attachment":"scroll","background-type":"","background-media":"","overlay-type":"","overlay-color":"","overlay-opacity":"","overlay-gradient":""}}},"product_brand":[],"product_cat":[65,39],"product_tag":[69],"modelo":[],"class_list":{"0":"post-8077","1":"product","2":"type-product","3":"status-publish","4":"has-post-thumbnail","6":"product_cat-para-trabajar","7":"product_cat-profesional","8":"product_tag-3columnas","9":"desktop-align-left","10":"tablet-align-left","11":"mobile-align-left","13":"first","14":"instock","15":"shipping-taxable","16":"product-type-simple"},"_links":{"self":[{"href":"https:\/\/bergstrominc.com\/us\/es\/wp-json\/wp\/v2\/product\/8077","targetHints":{"allow":["GET"]}}],"collection":[{"href":"https:\/\/bergstrominc.com\/us\/es\/wp-json\/wp\/v2\/product"}],"about":[{"href":"https:\/\/bergstrominc.com\/us\/es\/wp-json\/wp\/v2\/types\/product"}],"replies":[{"embeddable":true,"href":"https:\/\/bergstrominc.com\/us\/es\/wp-json\/wp\/v2\/comments?post=8077"}],"version-history":[{"count":1,"href":"https:\/\/bergstrominc.com\/us\/es\/wp-json\/wp\/v2\/product\/8077\/revisions"}],"predecessor-version":[{"id":8093,"href":"https:\/\/bergstrominc.com\/us\/es\/wp-json\/wp\/v2\/product\/8077\/revisions\/8093"}],"wp:featuredmedia":[{"embeddable":true,"href":"https:\/\/bergstrominc.com\/us\/es\/wp-json\/wp\/v2\/media\/8084"}],"wp:attachment":[{"href":"https:\/\/bergstrominc.com\/us\/es\/wp-json\/wp\/v2\/media?parent=8077"}],"wp:term":[{"taxonomy":"product_brand","embeddable":true,"href":"https:\/\/bergstrominc.com\/us\/es\/wp-json\/wp\/v2\/product_brand?post=8077"},{"taxonomy":"product_cat","embeddable":true,"href":"https:\/\/bergstrominc.com\/us\/es\/wp-json\/wp\/v2\/product_cat?post=8077"},{"taxonomy":"product_tag","embeddable":true,"href":"https:\/\/bergstrominc.com\/us\/es\/wp-json\/wp\/v2\/product_tag?post=8077"},{"taxonomy":"modelo","embeddable":true,"href":"https:\/\/bergstrominc.com\/us\/es\/wp-json\/wp\/v2\/modelo?post=8077"}],"curies":[{"name":"wp","href":"https:\/\/api.w.org\/{rel}","templated":true}]}}