{"id":8094,"date":"2024-07-02T17:09:57","date_gmt":"2024-07-02T15:09:57","guid":{"rendered":"https:\/\/dimgrey-goat-433611.hostingersite.com\/us\/?post_type=product&#038;p=8094"},"modified":"2024-07-03T14:26:13","modified_gmt":"2024-07-03T12:26:13","slug":"lite","status":"publish","type":"product","link":"https:\/\/bergstrominc.com\/us\/es\/producto\/lite\/","title":{"rendered":"LITE"},"content":{"rendered":"<p>LITE, equipo de aire acondicionado compacto aut\u00f3nomo de altas prestaciones e instalaci\u00f3n en techo, ha sido dise\u00f1ado con un \u00fanico compresor herm\u00e9tico para refrigerar la cabina del cami\u00f3n durante los per\u00edodos de descanso nocturno del conductor.<br \/>\nLITE es un equipo ligero y de f\u00e1cil instalaci\u00f3n gracias a sus ajustadas dimensiones y a su reducida altura. Se alimenta directamente de la bater\u00eda del veh\u00edculo lo que contribuye a reducir el gasto en combustible y las emisiones de CO\u2082 a la atm\u00f3sfera (respetuoso con el medio ambiente).<\/p>\n<p>\u2022 Equipo completamente el\u00e9ctrico dotado de tecnolog\u00eda inverter.<br \/>\n\u2022 Instalaci\u00f3n sin tocar el motor del veh\u00edculo.<br \/>\n\u2022 Montaje f\u00e1cil sin necesidad de taladrar el techo de la cabina en camiones con escotilla.<br \/>\n\u2022 Funcionamiento manual y autom\u00e1tico.<br \/>\n\u2022 Mando a distancia por radiofrecuencia (RF) y term\u00f3metro digital (en 0C o 0F).<br \/>\n\u2022 Doble protecci\u00f3n de bater\u00eda.<br \/>\n\u2022 Ahorro de combustible.<br \/>\n\u2022 5 velocidades de ventilaci\u00f3n<br \/>\n\u2022 Emisiones 0: el motor del veh\u00edculo permanece apagado mientras el equipo est\u00e1 en funcionamiento.<br \/>\n\u2022 Posibilita un buen descanso en la cabina del veh\u00edculo, lo que contribuye a incrementar la seguridad vial.<\/p>\n","protected":false},"excerpt":{"rendered":"<p>LITE es el equipo el\u00e9ctrico de instalaci\u00f3n en el techo de Bergstrom m\u00e1s compacto. De reducidas dimensiones y altura similar a SlimFIT, es ligero y f\u00e1cil de instalar.<br \/>\nAlimentado directamente por la bater\u00eda del veh\u00edculo y con un solo compresor herm\u00e9tico, LITE resulta una buena soluci\u00f3n para descansar por las noches en la cabina del cami\u00f3n.<\/p>\n","protected":false},"featured_media":8107,"comment_status":"open","ping_status":"closed","template":"","meta":{"postBodyCss":"","postBodyMargin":[],"postBodyPadding":[],"postBodyBackground":{"backgroundType":"classic","gradient":""},"site-sidebar-layout":"default","site-content-layout":"","ast-site-content-layout":"default","site-content-style":"default","site-sidebar-style":"default","ast-global-header-display":"","ast-banner-title-visibility":"","ast-main-header-display":"","ast-hfb-above-header-display":"","ast-hfb-below-header-display":"","ast-hfb-mobile-header-display":"","site-post-title":"","ast-breadcrumbs-content":"","ast-featured-img":"","footer-sml-layout":"","ast-disable-related-posts":"","theme-transparent-header-meta":"default","adv-header-id-meta":"","stick-header-meta":"","header-above-stick-meta":"","header-main-stick-meta":"","header-below-stick-meta":"","astra-migrate-meta-layouts":"set","ast-page-background-enabled":"default","ast-page-background-meta":{"desktop":{"background-color":"var(--ast-global-color-4)","background-image":"","background-repeat":"repeat","background-position":"center center","background-size":"auto","background-attachment":"scroll","background-type":"","background-media":"","overlay-type":"","overlay-color":"","overlay-opacity":"","overlay-gradient":""},"tablet":{"background-color":"","background-image":"","background-repeat":"repeat","background-position":"center center","background-size":"auto","background-attachment":"scroll","background-type":"","background-media":"","overlay-type":"","overlay-color":"","overlay-opacity":"","overlay-gradient":""},"mobile":{"background-color":"","background-image":"","background-repeat":"repeat","background-position":"center center","background-size":"auto","background-attachment":"scroll","background-type":"","background-media":"","overlay-type":"","overlay-color":"","overlay-opacity":"","overlay-gradient":""}},"ast-content-background-meta":{"desktop":{"background-color":"var(--ast-global-color-5)","background-image":"","background-repeat":"repeat","background-position":"center center","background-size":"auto","background-attachment":"scroll","background-type":"","background-media":"","overlay-type":"","overlay-color":"","overlay-opacity":"","overlay-gradient":""},"tablet":{"background-color":"var(--ast-global-color-5)","background-image":"","background-repeat":"repeat","background-position":"center center","background-size":"auto","background-attachment":"scroll","background-type":"","background-media":"","overlay-type":"","overlay-color":"","overlay-opacity":"","overlay-gradient":""},"mobile":{"background-color":"var(--ast-global-color-5)","background-image":"","background-repeat":"repeat","background-position":"center center","background-size":"auto","background-attachment":"scroll","background-type":"","background-media":"","overlay-type":"","overlay-color":"","overlay-opacity":"","overlay-gradient":""}}},"product_brand":[],"product_cat":[71,39],"product_tag":[70],"modelo":[],"class_list":{"0":"post-8094","1":"product","2":"type-product","3":"status-publish","4":"has-post-thumbnail","6":"product_cat-para-descansar","7":"product_cat-profesional","8":"product_tag-2columnas","9":"desktop-align-left","10":"tablet-align-left","11":"mobile-align-left","13":"first","14":"instock","15":"shipping-taxable","16":"product-type-simple"},"_links":{"self":[{"href":"https:\/\/bergstrominc.com\/us\/es\/wp-json\/wp\/v2\/product\/8094","targetHints":{"allow":["GET"]}}],"collection":[{"href":"https:\/\/bergstrominc.com\/us\/es\/wp-json\/wp\/v2\/product"}],"about":[{"href":"https:\/\/bergstrominc.com\/us\/es\/wp-json\/wp\/v2\/types\/product"}],"replies":[{"embeddable":true,"href":"https:\/\/bergstrominc.com\/us\/es\/wp-json\/wp\/v2\/comments?post=8094"}],"version-history":[{"count":2,"href":"https:\/\/bergstrominc.com\/us\/es\/wp-json\/wp\/v2\/product\/8094\/revisions"}],"predecessor-version":[{"id":9031,"href":"https:\/\/bergstrominc.com\/us\/es\/wp-json\/wp\/v2\/product\/8094\/revisions\/9031"}],"wp:featuredmedia":[{"embeddable":true,"href":"https:\/\/bergstrominc.com\/us\/es\/wp-json\/wp\/v2\/media\/8107"}],"wp:attachment":[{"href":"https:\/\/bergstrominc.com\/us\/es\/wp-json\/wp\/v2\/media?parent=8094"}],"wp:term":[{"taxonomy":"product_brand","embeddable":true,"href":"https:\/\/bergstrominc.com\/us\/es\/wp-json\/wp\/v2\/product_brand?post=8094"},{"taxonomy":"product_cat","embeddable":true,"href":"https:\/\/bergstrominc.com\/us\/es\/wp-json\/wp\/v2\/product_cat?post=8094"},{"taxonomy":"product_tag","embeddable":true,"href":"https:\/\/bergstrominc.com\/us\/es\/wp-json\/wp\/v2\/product_tag?post=8094"},{"taxonomy":"modelo","embeddable":true,"href":"https:\/\/bergstrominc.com\/us\/es\/wp-json\/wp\/v2\/modelo?post=8094"}],"curies":[{"name":"wp","href":"https:\/\/api.w.org\/{rel}","templated":true}]}}