{"id":8117,"date":"2024-07-02T17:28:19","date_gmt":"2024-07-02T15:28:19","guid":{"rendered":"https:\/\/dimgrey-goat-433611.hostingersite.com\/us\/?post_type=product&#038;p=8117"},"modified":"2024-07-03T14:25:59","modified_gmt":"2024-07-03T12:25:59","slug":"compact-1-4","status":"publish","type":"product","link":"https:\/\/bergstrominc.com\/us\/es\/producto\/compact-1-4\/","title":{"rendered":"COMPACT 1.4"},"content":{"rendered":"<p>COMPACT 1.4 es un equipo compacto de aire acondicionado aut\u00f3nomo de altas prestaciones dise\u00f1ado para refrigerar la cabina del cami\u00f3n durante los per\u00edodos de descanso nocturno del conductor, las operaciones de carga y descarga y durante las paradas. Compact 1.4 funciona tanto a motor en marcha como a motor parado y, puesto que es un sistema el\u00e9ctrico aut\u00f3nomo, le ayudar\u00e1 a reducir el gasto en combustible y las emisiones de CO\u2082 a la atm\u00f3sfera.<\/p>\n<p>\u2022 Equipo completamente el\u00e9ctrico dotado de tecnolog\u00eda inverter.<br \/>\n\u2022 Instalaci\u00f3n sin tocar el motor del veh\u00edculo.<br \/>\n\u2022 Montaje sencillo sin necesidad de taladrar el techo de la cabina en camiones con escotilla.<br \/>\n\u2022 Funci\u00f3n manual y autom\u00e1tica.<br \/>\n\u2022 Mando a distancia por (RF) y term\u00f3metro digital (en 0C y 0F)<br \/>\n\u2022 Doble protecci\u00f3n de bater\u00eda<br \/>\n\u2022 Ahorro de combustible.<br \/>\n\u2022 5 velocidades de ventilaci\u00f3n<br \/>\n\u2022 Sistemas precargados<br \/>\n\u2022 Posibilita un descanso confortable en la cabina del veh\u00edculo, lo que contribuye a incrementar la seguridad vial.<\/p>\n","protected":false},"excerpt":{"rendered":"<p>COMPACT 1.4 es la soluci\u00f3n perfecta para el descanso nocturno en la cabina del cami\u00f3n y, seg\u00fan el modelo, tambi\u00e9n puede utilizarse para mantener un ambiente confortable en el interior de la cabina durante las operaciones de carga y descarga, as\u00ed como en los periodos de parada obligatoria.<\/p>\n","protected":false},"featured_media":8128,"comment_status":"open","ping_status":"closed","template":"","meta":{"postBodyCss":"","postBodyMargin":[],"postBodyPadding":[],"postBodyBackground":{"backgroundType":"classic","gradient":""},"site-sidebar-layout":"default","site-content-layout":"","ast-site-content-layout":"default","site-content-style":"default","site-sidebar-style":"default","ast-global-header-display":"","ast-banner-title-visibility":"","ast-main-header-display":"","ast-hfb-above-header-display":"","ast-hfb-below-header-display":"","ast-hfb-mobile-header-display":"","site-post-title":"","ast-breadcrumbs-content":"","ast-featured-img":"","footer-sml-layout":"","ast-disable-related-posts":"","theme-transparent-header-meta":"default","adv-header-id-meta":"","stick-header-meta":"","header-above-stick-meta":"","header-main-stick-meta":"","header-below-stick-meta":"","astra-migrate-meta-layouts":"set","ast-page-background-enabled":"default","ast-page-background-meta":{"desktop":{"background-color":"var(--ast-global-color-4)","background-image":"","background-repeat":"repeat","background-position":"center center","background-size":"auto","background-attachment":"scroll","background-type":"","background-media":"","overlay-type":"","overlay-color":"","overlay-opacity":"","overlay-gradient":""},"tablet":{"background-color":"","background-image":"","background-repeat":"repeat","background-position":"center center","background-size":"auto","background-attachment":"scroll","background-type":"","background-media":"","overlay-type":"","overlay-color":"","overlay-opacity":"","overlay-gradient":""},"mobile":{"background-color":"","background-image":"","background-repeat":"repeat","background-position":"center center","background-size":"auto","background-attachment":"scroll","background-type":"","background-media":"","overlay-type":"","overlay-color":"","overlay-opacity":"","overlay-gradient":""}},"ast-content-background-meta":{"desktop":{"background-color":"var(--ast-global-color-5)","background-image":"","background-repeat":"repeat","background-position":"center center","background-size":"auto","background-attachment":"scroll","background-type":"","background-media":"","overlay-type":"","overlay-color":"","overlay-opacity":"","overlay-gradient":""},"tablet":{"background-color":"var(--ast-global-color-5)","background-image":"","background-repeat":"repeat","background-position":"center center","background-size":"auto","background-attachment":"scroll","background-type":"","background-media":"","overlay-type":"","overlay-color":"","overlay-opacity":"","overlay-gradient":""},"mobile":{"background-color":"var(--ast-global-color-5)","background-image":"","background-repeat":"repeat","background-position":"center center","background-size":"auto","background-attachment":"scroll","background-type":"","background-media":"","overlay-type":"","overlay-color":"","overlay-opacity":"","overlay-gradient":""}}},"product_brand":[],"product_cat":[71,39],"product_tag":[70],"modelo":[],"class_list":{"0":"post-8117","1":"product","2":"type-product","3":"status-publish","4":"has-post-thumbnail","6":"product_cat-para-descansar","7":"product_cat-profesional","8":"product_tag-2columnas","9":"desktop-align-left","10":"tablet-align-left","11":"mobile-align-left","13":"first","14":"instock","15":"shipping-taxable","16":"product-type-simple"},"_links":{"self":[{"href":"https:\/\/bergstrominc.com\/us\/es\/wp-json\/wp\/v2\/product\/8117","targetHints":{"allow":["GET"]}}],"collection":[{"href":"https:\/\/bergstrominc.com\/us\/es\/wp-json\/wp\/v2\/product"}],"about":[{"href":"https:\/\/bergstrominc.com\/us\/es\/wp-json\/wp\/v2\/types\/product"}],"replies":[{"embeddable":true,"href":"https:\/\/bergstrominc.com\/us\/es\/wp-json\/wp\/v2\/comments?post=8117"}],"version-history":[{"count":1,"href":"https:\/\/bergstrominc.com\/us\/es\/wp-json\/wp\/v2\/product\/8117\/revisions"}],"predecessor-version":[{"id":8143,"href":"https:\/\/bergstrominc.com\/us\/es\/wp-json\/wp\/v2\/product\/8117\/revisions\/8143"}],"wp:featuredmedia":[{"embeddable":true,"href":"https:\/\/bergstrominc.com\/us\/es\/wp-json\/wp\/v2\/media\/8128"}],"wp:attachment":[{"href":"https:\/\/bergstrominc.com\/us\/es\/wp-json\/wp\/v2\/media?parent=8117"}],"wp:term":[{"taxonomy":"product_brand","embeddable":true,"href":"https:\/\/bergstrominc.com\/us\/es\/wp-json\/wp\/v2\/product_brand?post=8117"},{"taxonomy":"product_cat","embeddable":true,"href":"https:\/\/bergstrominc.com\/us\/es\/wp-json\/wp\/v2\/product_cat?post=8117"},{"taxonomy":"product_tag","embeddable":true,"href":"https:\/\/bergstrominc.com\/us\/es\/wp-json\/wp\/v2\/product_tag?post=8117"},{"taxonomy":"modelo","embeddable":true,"href":"https:\/\/bergstrominc.com\/us\/es\/wp-json\/wp\/v2\/modelo?post=8117"}],"curies":[{"name":"wp","href":"https:\/\/api.w.org\/{rel}","templated":true}]}}