{"id":8225,"date":"2024-07-03T10:27:38","date_gmt":"2024-07-03T08:27:38","guid":{"rendered":"https:\/\/dimgrey-goat-433611.hostingersite.com\/us\/?post_type=product&#038;p=8225"},"modified":"2024-07-03T14:24:19","modified_gmt":"2024-07-03T12:24:19","slug":"dual-power-ii","status":"publish","type":"product","link":"https:\/\/bergstrominc.com\/us\/es\/producto\/dual-power-ii\/","title":{"rendered":"DUAL POWER II"},"content":{"rendered":"<p>DUAL POWER II est\u00e1 compuesto por dos partes principales: una unidad condensadora con compresor el\u00e9ctrico y una unidad evaporadora. Combinando las distintas unidades entre s\u00ed y completando con kits de instalaci\u00f3n, se podr\u00e1 colocar de forma flexible en m\u00faltiples ubicaciones.<\/p>\n<p>&nbsp;<\/p>\n<p>Como el compresor es el\u00e9ctrico, no se necesita la potencia del motor, sino tan solo de una conexi\u00f3n al sistema el\u00e9ctrico del veh\u00edculo.<\/p>\n<p>Las diferentes opciones de instalaci\u00f3n de DUAL POWER II permiten disponer de toda una gama de soluciones para veh\u00edculos off-road tales como excavadoras, gr\u00faas, niveladoras o maquinaria agr\u00edcola. Son equipos de aire acondicionado ideales para trabajar confortablemente.<\/p>\n<ul>\n<li>Equipo completamente el\u00e9ctrico<br \/>\n\u2022 Estructura muy resistente y m\u00ednimo mantenimiento.<br \/>\n\u2022 Instalaci\u00f3n sin tocar el motor del veh\u00edculo y adecuado para diferentes tipos de cabina.<br \/>\n\u2022 Adaptaci\u00f3n total al veh\u00edculo por su estructura modular.<br \/>\n\u2022 3 velocidades de ventilaci\u00f3n \u2022 Regulaci\u00f3n manual de potencia frigor\u00edfica.<\/li>\n<\/ul>\n","protected":false},"excerpt":{"rendered":"<p>DUAL POWER ll es un equipo de aire acondicionado bi-modular el\u00e9ctrico ideal para cabinas de veh\u00edculos especiales, capacitados para trabajar en entornos duros y exigentes.<\/p>\n<p>Sus diferentes variantes de instalaci\u00f3n, permiten una completa adaptaci\u00f3n al veh\u00edculo.<\/p>\n","protected":false},"featured_media":8938,"comment_status":"open","ping_status":"closed","template":"","meta":{"postBodyCss":"","postBodyMargin":[],"postBodyPadding":[],"postBodyBackground":{"backgroundType":"classic","gradient":""},"site-sidebar-layout":"default","site-content-layout":"","ast-site-content-layout":"default","site-content-style":"default","site-sidebar-style":"default","ast-global-header-display":"","ast-banner-title-visibility":"","ast-main-header-display":"","ast-hfb-above-header-display":"","ast-hfb-below-header-display":"","ast-hfb-mobile-header-display":"","site-post-title":"","ast-breadcrumbs-content":"","ast-featured-img":"","footer-sml-layout":"","ast-disable-related-posts":"","theme-transparent-header-meta":"default","adv-header-id-meta":"","stick-header-meta":"","header-above-stick-meta":"","header-main-stick-meta":"","header-below-stick-meta":"","astra-migrate-meta-layouts":"set","ast-page-background-enabled":"default","ast-page-background-meta":{"desktop":{"background-color":"var(--ast-global-color-4)","background-image":"","background-repeat":"repeat","background-position":"center center","background-size":"auto","background-attachment":"scroll","background-type":"","background-media":"","overlay-type":"","overlay-color":"","overlay-opacity":"","overlay-gradient":""},"tablet":{"background-color":"","background-image":"","background-repeat":"repeat","background-position":"center center","background-size":"auto","background-attachment":"scroll","background-type":"","background-media":"","overlay-type":"","overlay-color":"","overlay-opacity":"","overlay-gradient":""},"mobile":{"background-color":"","background-image":"","background-repeat":"repeat","background-position":"center center","background-size":"auto","background-attachment":"scroll","background-type":"","background-media":"","overlay-type":"","overlay-color":"","overlay-opacity":"","overlay-gradient":""}},"ast-content-background-meta":{"desktop":{"background-color":"var(--ast-global-color-5)","background-image":"","background-repeat":"repeat","background-position":"center center","background-size":"auto","background-attachment":"scroll","background-type":"","background-media":"","overlay-type":"","overlay-color":"","overlay-opacity":"","overlay-gradient":""},"tablet":{"background-color":"var(--ast-global-color-5)","background-image":"","background-repeat":"repeat","background-position":"center center","background-size":"auto","background-attachment":"scroll","background-type":"","background-media":"","overlay-type":"","overlay-color":"","overlay-opacity":"","overlay-gradient":""},"mobile":{"background-color":"var(--ast-global-color-5)","background-image":"","background-repeat":"repeat","background-position":"center center","background-size":"auto","background-attachment":"scroll","background-type":"","background-media":"","overlay-type":"","overlay-color":"","overlay-opacity":"","overlay-gradient":""}}},"product_brand":[],"product_cat":[65,39],"product_tag":[75],"modelo":[],"class_list":{"0":"post-8225","1":"product","2":"type-product","3":"status-publish","4":"has-post-thumbnail","6":"product_cat-para-trabajar","7":"product_cat-profesional","8":"product_tag-4columnas","9":"desktop-align-left","10":"tablet-align-left","11":"mobile-align-left","13":"first","14":"instock","15":"shipping-taxable","16":"product-type-simple"},"_links":{"self":[{"href":"https:\/\/bergstrominc.com\/us\/es\/wp-json\/wp\/v2\/product\/8225","targetHints":{"allow":["GET"]}}],"collection":[{"href":"https:\/\/bergstrominc.com\/us\/es\/wp-json\/wp\/v2\/product"}],"about":[{"href":"https:\/\/bergstrominc.com\/us\/es\/wp-json\/wp\/v2\/types\/product"}],"replies":[{"embeddable":true,"href":"https:\/\/bergstrominc.com\/us\/es\/wp-json\/wp\/v2\/comments?post=8225"}],"version-history":[{"count":3,"href":"https:\/\/bergstrominc.com\/us\/es\/wp-json\/wp\/v2\/product\/8225\/revisions"}],"predecessor-version":[{"id":8956,"href":"https:\/\/bergstrominc.com\/us\/es\/wp-json\/wp\/v2\/product\/8225\/revisions\/8956"}],"wp:featuredmedia":[{"embeddable":true,"href":"https:\/\/bergstrominc.com\/us\/es\/wp-json\/wp\/v2\/media\/8938"}],"wp:attachment":[{"href":"https:\/\/bergstrominc.com\/us\/es\/wp-json\/wp\/v2\/media?parent=8225"}],"wp:term":[{"taxonomy":"product_brand","embeddable":true,"href":"https:\/\/bergstrominc.com\/us\/es\/wp-json\/wp\/v2\/product_brand?post=8225"},{"taxonomy":"product_cat","embeddable":true,"href":"https:\/\/bergstrominc.com\/us\/es\/wp-json\/wp\/v2\/product_cat?post=8225"},{"taxonomy":"product_tag","embeddable":true,"href":"https:\/\/bergstrominc.com\/us\/es\/wp-json\/wp\/v2\/product_tag?post=8225"},{"taxonomy":"modelo","embeddable":true,"href":"https:\/\/bergstrominc.com\/us\/es\/wp-json\/wp\/v2\/modelo?post=8225"}],"curies":[{"name":"wp","href":"https:\/\/api.w.org\/{rel}","templated":true}]}}