{"id":13594,"date":"2025-04-15T09:47:00","date_gmt":"2025-04-15T14:47:00","guid":{"rendered":"https:\/\/dimgrey-goat-433611.hostingersite.com\/us\/carrieres-chez-bergstrom-inc\/"},"modified":"2025-04-11T11:16:50","modified_gmt":"2025-04-11T15:16:50","slug":"carrieres-chez-bergstrom-inc","status":"publish","type":"page","link":"https:\/\/bergstrominc.com\/us\/fr\/carrieres-chez-bergstrom-inc\/","title":{"rendered":"Carri\u00e8res chez Bergstrom Inc."},"content":{"rendered":"\t\t<div data-elementor-type=\"wp-page\" data-elementor-id=\"13594\" class=\"elementor elementor-13594 elementor-12781\" data-elementor-post-type=\"page\">\n\t\t\t\t<div class=\"elementor-element elementor-element-50ab7727 e-flex e-con-boxed e-con e-parent\" data-id=\"50ab7727\" data-element_type=\"container\" data-e-type=\"container\" data-settings=\"{&quot;background_background&quot;:&quot;classic&quot;,&quot;jet_parallax_layout_list&quot;:[]}\">\n\t\t\t\t\t<div class=\"e-con-inner\">\n\t\t<div class=\"elementor-element elementor-element-39c322fb e-con-full e-flex e-con e-child\" data-id=\"39c322fb\" data-element_type=\"container\" data-e-type=\"container\" data-settings=\"{&quot;jet_parallax_layout_list&quot;:[]}\">\n\t\t\t\t<div class=\"elementor-element elementor-element-3f577b26 elementor-widget__width-initial elementor-widget elementor-widget-heading\" data-id=\"3f577b26\" data-element_type=\"widget\" data-e-type=\"widget\" data-widget_type=\"heading.default\">\n\t\t\t\t<div class=\"elementor-widget-container\">\n\t\t\t\t\t<h1 class=\"elementor-heading-title elementor-size-default\">Carri\u00e8res chez Bergstrom Inc.\n<\/h1>\t\t\t\t<\/div>\n\t\t\t\t<\/div>\n\t\t\t\t<div class=\"elementor-element elementor-element-31e789fc elementor-widget__width-initial elementor-widget-mobile__width-inherit elementor-widget elementor-widget-text-editor\" data-id=\"31e789fc\" data-element_type=\"widget\" data-e-type=\"widget\" data-widget_type=\"text-editor.default\">\n\t\t\t\t<div class=\"elementor-widget-container\">\n\t\t\t\t\t\t\t\t\tBergstrom offre \u00e0 son \u00e9quipe un environnement de travail v\u00e9ritablement unique et agr\u00e9able, favorisant la croissance et le d\u00e9veloppement des employ\u00e9s tout en reconnaissant les r\u00e9ussites collectives. Nous offrons des opportunit\u00e9s infinies aux personnes souhaitant faire la diff\u00e9rence.\n\t\t\t\t\t\t\t\t<\/div>\n\t\t\t\t<\/div>\n\t\t\t\t<\/div>\n\t\t\t\t\t<\/div>\n\t\t\t\t<\/div>\n\t\t<div class=\"elementor-element elementor-element-6091897e e-flex e-con-boxed e-con e-parent\" data-id=\"6091897e\" data-element_type=\"container\" data-e-type=\"container\" data-settings=\"{&quot;jet_parallax_layout_list&quot;:[]}\">\n\t\t\t\t\t<div class=\"e-con-inner\">\n\t\t<div class=\"elementor-element elementor-element-68784a57 e-con-full e-flex e-con e-child\" data-id=\"68784a57\" data-element_type=\"container\" data-e-type=\"container\" data-settings=\"{&quot;jet_parallax_layout_list&quot;:[]}\">\n\t\t\t\t<div class=\"elementor-element elementor-element-572e4e26 elementor-widget elementor-widget-heading\" data-id=\"572e4e26\" data-element_type=\"widget\" data-e-type=\"widget\" data-widget_type=\"heading.default\">\n\t\t\t\t<div class=\"elementor-widget-container\">\n\t\t\t\t\t<h2 class=\"elementor-heading-title elementor-size-default\">Notre culture<br> <br> <br> <br>\n<\/h2>\t\t\t\t<\/div>\n\t\t\t\t<\/div>\n\t\t\t\t<div class=\"elementor-element elementor-element-7b2784f4 elementor-widget__width-initial elementor-widget-mobile__width-inherit elementor-widget elementor-widget-text-editor\" data-id=\"7b2784f4\" data-element_type=\"widget\" data-e-type=\"widget\" data-widget_type=\"text-editor.default\">\n\t\t\t\t<div class=\"elementor-widget-container\">\n\t\t\t\t\t\t\t\t\tBergstrom est une famille, unie par des relations solides et des int\u00e9r\u00eats communs, rassemblant des individus dynamiques et int\u00e8gres, engag\u00e9s \u00e0 relever le d\u00e9fi de fournir des produits de pointe dans l\u2019industrie.\t\t\t\t\t\t\t\t<\/div>\n\t\t\t\t<\/div>\n\t\t\t\t<div class=\"elementor-element elementor-element-3e349a9c elementor-widget elementor-widget-heading\" data-id=\"3e349a9c\" data-element_type=\"widget\" data-e-type=\"widget\" data-widget_type=\"heading.default\">\n\t\t\t\t<div class=\"elementor-widget-container\">\n\t\t\t\t\t<h3 class=\"elementor-heading-title elementor-size-default\">Offres d\u2019emploi actuelles\n<\/h3>\t\t\t\t<\/div>\n\t\t\t\t<\/div>\n\t\t\t\t<div class=\"elementor-element elementor-element-12707552 elementor-widget__width-initial elementor-widget-mobile__width-inherit elementor-widget elementor-widget-text-editor\" data-id=\"12707552\" data-element_type=\"widget\" data-e-type=\"widget\" data-widget_type=\"text-editor.default\">\n\t\t\t\t<div class=\"elementor-widget-container\">\n\t\t\t\t\t\t\t\t\t<p>Les postes suivants sont actuellement disponibles chez Bergstrom :<\/p>\n\t\t\t\t\t\t\t\t<\/div>\n\t\t\t\t<\/div>\n\t\t\t\t<div class=\"elementor-element elementor-element-79e331aa elementor-widget__width-initial elementor-widget-mobile__width-inherit elementor-widget elementor-widget-text-editor\" data-id=\"79e331aa\" data-element_type=\"widget\" data-e-type=\"widget\" data-widget_type=\"text-editor.default\">\n\t\t\t\t<div class=\"elementor-widget-container\">\n\t\t\t\t\t\t\t\t\t<p><a href=\"https:\/\/bergstrominc.com\/us\/wp-content\/uploads\/2025\/04\/job-Controller-US-Operations.pdf\" target=\"_blank\" rel=\"noopener\"><b>CONTROLLER US OPERATIONS<\/b><span style=\"font-weight: 400;\"> <\/span><\/a><\/p>\n<p><b><a href=\"https:\/\/bergstrominc.com\/us\/wp-content\/uploads\/2025\/04\/job-Customer-Service-Representative-US-Operations.pdf\" target=\"_blank\" rel=\"noopener\">REPR\u00c9SENTANT(E) DU SERVICE \u00c0 LA CLIENT\u00c8LE US OPERATIONS<\/a><\/b><\/p>\n<p><b><a href=\"https:\/\/bergstrominc.com\/us\/wp-content\/uploads\/2025\/04\/job-Mechanical-Design-Engineer-US-Operations.pdf\" target=\"_blank\" rel=\"noopener\">ING\u00c9NIEUR EN CONCEPTION M\u00c9CANIQUE OP\u00c9RATIONS AUX USA<\/a><\/b><\/p>\n\t\t\t\t\t\t\t\t<\/div>\n\t\t\t\t<\/div>\n\t\t\t\t<\/div>\n\t\t\t\t<div class=\"elementor-element elementor-element-5685e6b5 elementor-widget__width-initial elementor-widget-mobile__width-inherit elementor-widget elementor-widget-image\" data-id=\"5685e6b5\" data-element_type=\"widget\" data-e-type=\"widget\" data-widget_type=\"image.default\">\n\t\t\t\t<div class=\"elementor-widget-container\">\n\t\t\t\t\t\t\t\t\t\t\t\t\t\t\t<img fetchpriority=\"high\" decoding=\"async\" width=\"630\" height=\"550\" src=\"https:\/\/bergstrominc.com\/us\/wp-content\/uploads\/2024\/07\/about-us-carrusel-image-9.jpg\" class=\"attachment-large size-large wp-image-9211\" alt=\"\" srcset=\"https:\/\/bergstrominc.com\/us\/wp-content\/uploads\/2024\/07\/about-us-carrusel-image-9.jpg 630w, https:\/\/bergstrominc.com\/us\/wp-content\/uploads\/2024\/07\/about-us-carrusel-image-9-300x262.jpg 300w, https:\/\/bergstrominc.com\/us\/wp-content\/uploads\/2024\/07\/about-us-carrusel-image-9-600x524.jpg 600w\" sizes=\"(max-width: 630px) 100vw, 630px\" \/>\t\t\t\t\t\t\t\t\t\t\t\t\t\t\t<\/div>\n\t\t\t\t<\/div>\n\t\t\t\t\t<\/div>\n\t\t\t\t<\/div>\n\t\t<div class=\"elementor-element elementor-element-59d470df e-flex e-con-boxed e-con e-parent\" data-id=\"59d470df\" data-element_type=\"container\" data-e-type=\"container\" data-settings=\"{&quot;background_background&quot;:&quot;classic&quot;,&quot;jet_parallax_layout_list&quot;:[]}\">\n\t\t\t\t\t<div class=\"e-con-inner\">\n\t\t\t\t<div class=\"elementor-element elementor-element-7a2968f1 elementor-widget__width-initial elementor-widget-mobile__width-inherit elementor-widget elementor-widget-image\" data-id=\"7a2968f1\" data-element_type=\"widget\" data-e-type=\"widget\" data-widget_type=\"image.default\">\n\t\t\t\t<div class=\"elementor-widget-container\">\n\t\t\t\t\t\t\t\t\t\t\t\t\t\t\t<img decoding=\"async\" width=\"630\" height=\"550\" src=\"https:\/\/bergstrominc.com\/us\/wp-content\/uploads\/2024\/07\/about-us-carrusel-image-3.jpg\" class=\"attachment-large size-large wp-image-9214\" alt=\"\" srcset=\"https:\/\/bergstrominc.com\/us\/wp-content\/uploads\/2024\/07\/about-us-carrusel-image-3.jpg 630w, https:\/\/bergstrominc.com\/us\/wp-content\/uploads\/2024\/07\/about-us-carrusel-image-3-300x262.jpg 300w, https:\/\/bergstrominc.com\/us\/wp-content\/uploads\/2024\/07\/about-us-carrusel-image-3-600x524.jpg 600w\" sizes=\"(max-width: 630px) 100vw, 630px\" \/>\t\t\t\t\t\t\t\t\t\t\t\t\t\t\t<\/div>\n\t\t\t\t<\/div>\n\t\t<div class=\"elementor-element elementor-element-3fdfcc16 e-con-full e-flex e-con e-child\" data-id=\"3fdfcc16\" data-element_type=\"container\" data-e-type=\"container\" data-settings=\"{&quot;jet_parallax_layout_list&quot;:[]}\">\n\t\t\t\t<div class=\"elementor-element elementor-element-dbf593c elementor-widget__width-initial elementor-widget-tablet__width-inherit elementor-invisible elementor-widget elementor-widget-heading\" data-id=\"dbf593c\" data-element_type=\"widget\" data-e-type=\"widget\" data-settings=\"{&quot;_animation&quot;:&quot;fadeIn&quot;}\" data-widget_type=\"heading.default\">\n\t\t\t\t<div class=\"elementor-widget-container\">\n\t\t\t\t\t<p class=\"elementor-heading-title elementor-size-default\">Emploi<\/p>\t\t\t\t<\/div>\n\t\t\t\t<\/div>\n\t\t\t\t<div class=\"elementor-element elementor-element-1ddfa8f8 elementor-widget elementor-widget-heading\" data-id=\"1ddfa8f8\" data-element_type=\"widget\" data-e-type=\"widget\" data-widget_type=\"heading.default\">\n\t\t\t\t<div class=\"elementor-widget-container\">\n\t\t\t\t\t<h3 class=\"elementor-heading-title elementor-size-default\">D\u00e9claration d\u2019\u00e9galit\u00e9 des chances en mati\u00e8re d\u2019emploi\n<\/h3>\t\t\t\t<\/div>\n\t\t\t\t<\/div>\n\t\t\t\t<div class=\"elementor-element elementor-element-46dbb834 elementor-widget__width-initial elementor-widget-mobile__width-inherit elementor-widget elementor-widget-text-editor\" data-id=\"46dbb834\" data-element_type=\"widget\" data-e-type=\"widget\" data-widget_type=\"text-editor.default\">\n\t\t\t\t<div class=\"elementor-widget-container\">\n\t\t\t\t\t\t\t\t\t<p>Bergstrom Inc. offre des opportunit\u00e9s d\u2019emploi \u00e9gales (EEO) \u00e0 tous les employ\u00e9s et candidats, sans distinction ill\u00e9gale de race, couleur, religion, origine nationale, ascendance, \u00e2ge, sexe, \u00e9tat civil, handicap, statut militaire, orientation sexuelle, renvoi d\u00e9favorable du service militaire, statut d\u2019ordonnance de protection, informations g\u00e9n\u00e9tiques, historique de cr\u00e9dit ou tout autre groupe prot\u00e9g\u00e9 par la loi. Bergstrom Inc. respecte les lois nationales et locales applicables en mati\u00e8re de non-discrimination \u00e0 l\u2019emploi dans chaque lieu o\u00f9 l\u2019entreprise est implant\u00e9e. Cette politique s\u2019applique \u00e0 toutes les conditions d\u2019emploi, y compris l\u2019embauche, le placement, la promotion, la r\u00e9siliation, le licenciement, le rappel, le transfert, les cong\u00e9s, la r\u00e9mun\u00e9ration et la formation.  <\/p>\n\t\t\t\t\t\t\t\t<\/div>\n\t\t\t\t<\/div>\n\t\t\t\t<div class=\"elementor-element elementor-element-7c3604f7 elementor-widget__width-initial elementor-widget-mobile__width-inherit elementor-widget elementor-widget-text-editor\" data-id=\"7c3604f7\" data-element_type=\"widget\" data-e-type=\"widget\" data-widget_type=\"text-editor.default\">\n\t\t\t\t<div class=\"elementor-widget-container\">\n\t\t\t\t\t\t\t\t\tBergstrom Inc. interdit formellement toute forme de harc\u00e8lement ill\u00e9gal bas\u00e9 sur la race, la couleur, la religion, l\u2019origine nationale, l\u2019ascendance, l\u2019\u00e2ge, le sexe, l\u2019\u00e9tat civil, le handicap, le statut militaire, l\u2019orientation sexuelle, le renvoi d\u00e9favorable du service militaire, le statut d\u2019ordonnance de protection, les informations g\u00e9n\u00e9tiques, l\u2019historique de cr\u00e9dit ou tout autre groupe prot\u00e9g\u00e9 par la loi. Toute interf\u00e9rence inappropri\u00e9e avec la capacit\u00e9 des employ\u00e9s de Bergstrom Inc. \u00e0 exercer leurs fonctions est strictement interdite. \n\t\t\t\t\t\t\t\t<\/div>\n\t\t\t\t<\/div>\n\t\t\t\t<\/div>\n\t\t\t\t\t<\/div>\n\t\t\t\t<\/div>\n\t\t<div class=\"elementor-element elementor-element-27a3f3b3 animated-slow e-flex e-con-boxed elementor-invisible e-con e-child\" data-id=\"27a3f3b3\" data-element_type=\"container\" data-e-type=\"container\" data-settings=\"{&quot;background_background&quot;:&quot;classic&quot;,&quot;animation&quot;:&quot;fadeIn&quot;,&quot;jet_parallax_layout_list&quot;:[]}\">\n\t\t\t\t\t<div class=\"e-con-inner\">\n\t\t\t\t<div class=\"elementor-element elementor-element-133821ed elementor-widget__width-initial elementor-widget elementor-widget-heading\" data-id=\"133821ed\" data-element_type=\"widget\" data-e-type=\"widget\" data-widget_type=\"heading.default\">\n\t\t\t\t<div class=\"elementor-widget-container\">\n\t\t\t\t\t<h1 class=\"elementor-heading-title elementor-size-default\">Trust<\/h1>\t\t\t\t<\/div>\n\t\t\t\t<\/div>\n\t\t\t\t<div class=\"elementor-element elementor-element-148b725c elementor-widget__width-initial elementor-widget elementor-widget-image\" data-id=\"148b725c\" data-element_type=\"widget\" data-e-type=\"widget\" data-widget_type=\"image.default\">\n\t\t\t\t<div class=\"elementor-widget-container\">\n\t\t\t\t\t\t\t\t\t\t\t\t\t\t\t<img decoding=\"async\" width=\"512\" height=\"512\" src=\"https:\/\/bergstrominc.com\/us\/wp-content\/uploads\/2024\/07\/bergstrom-favicon.png\" class=\"attachment-large size-large wp-image-9192\" alt=\"\" srcset=\"https:\/\/bergstrominc.com\/us\/wp-content\/uploads\/2024\/07\/bergstrom-favicon.png 512w, https:\/\/bergstrominc.com\/us\/wp-content\/uploads\/2024\/07\/bergstrom-favicon-300x300.png 300w, https:\/\/bergstrominc.com\/us\/wp-content\/uploads\/2024\/07\/bergstrom-favicon-150x150.png 150w, https:\/\/bergstrominc.com\/us\/wp-content\/uploads\/2024\/07\/bergstrom-favicon-100x100.png 100w\" sizes=\"(max-width: 512px) 100vw, 512px\" \/>\t\t\t\t\t\t\t\t\t\t\t\t\t\t\t<\/div>\n\t\t\t\t<\/div>\n\t\t\t\t<div class=\"elementor-element elementor-element-497d8734 elementor-widget__width-initial elementor-widget elementor-widget-heading\" data-id=\"497d8734\" data-element_type=\"widget\" data-e-type=\"widget\" data-widget_type=\"heading.default\">\n\t\t\t\t<div class=\"elementor-widget-container\">\n\t\t\t\t\t<h1 class=\"elementor-heading-title elementor-size-default\">Integrity<\/h1>\t\t\t\t<\/div>\n\t\t\t\t<\/div>\n\t\t\t\t\t<\/div>\n\t\t\t\t<\/div>\n\t\t\t\t<\/div>\n\t\t","protected":false},"excerpt":{"rendered":"<p>Carri\u00e8res chez Bergstrom Inc. Bergstrom offre \u00e0 son \u00e9quipe un environnement de travail v\u00e9ritablement unique et agr\u00e9able, favorisant la croissance [&hellip;]<\/p>\n","protected":false},"author":4,"featured_media":0,"parent":0,"menu_order":0,"comment_status":"closed","ping_status":"closed","template":"","meta":{"postBodyCss":"","postBodyMargin":[],"postBodyPadding":[],"postBodyBackground":{"backgroundType":"classic","gradient":""},"site-sidebar-layout":"no-sidebar","site-content-layout":"","ast-site-content-layout":"full-width-container","site-content-style":"default","site-sidebar-style":"default","ast-global-header-display":"","ast-banner-title-visibility":"","ast-main-header-display":"","ast-hfb-above-header-display":"","ast-hfb-below-header-display":"","ast-hfb-mobile-header-display":"","site-post-title":"disabled","ast-breadcrumbs-content":"","ast-featured-img":"disabled","footer-sml-layout":"","ast-disable-related-posts":"","theme-transparent-header-meta":"","adv-header-id-meta":"","stick-header-meta":"","header-above-stick-meta":"","header-main-stick-meta":"","header-below-stick-meta":"","astra-migrate-meta-layouts":"default","ast-page-background-enabled":"default","ast-page-background-meta":{"desktop":{"background-color":"var(--ast-global-color-4)","background-image":"","background-repeat":"repeat","background-position":"center center","background-size":"auto","background-attachment":"scroll","background-type":"","background-media":"","overlay-type":"","overlay-color":"","overlay-opacity":"","overlay-gradient":""},"tablet":{"background-color":"","background-image":"","background-repeat":"repeat","background-position":"center center","background-size":"auto","background-attachment":"scroll","background-type":"","background-media":"","overlay-type":"","overlay-color":"","overlay-opacity":"","overlay-gradient":""},"mobile":{"background-color":"","background-image":"","background-repeat":"repeat","background-position":"center center","background-size":"auto","background-attachment":"scroll","background-type":"","background-media":"","overlay-type":"","overlay-color":"","overlay-opacity":"","overlay-gradient":""}},"ast-content-background-meta":{"desktop":{"background-color":"var(--ast-global-color-5)","background-image":"","background-repeat":"repeat","background-position":"center center","background-size":"auto","background-attachment":"scroll","background-type":"","background-media":"","overlay-type":"","overlay-color":"","overlay-opacity":"","overlay-gradient":""},"tablet":{"background-color":"var(--ast-global-color-5)","background-image":"","background-repeat":"repeat","background-position":"center center","background-size":"auto","background-attachment":"scroll","background-type":"","background-media":"","overlay-type":"","overlay-color":"","overlay-opacity":"","overlay-gradient":""},"mobile":{"background-color":"var(--ast-global-color-5)","background-image":"","background-repeat":"repeat","background-position":"center center","background-size":"auto","background-attachment":"scroll","background-type":"","background-media":"","overlay-type":"","overlay-color":"","overlay-opacity":"","overlay-gradient":""}},"footnotes":""},"class_list":["post-13594","page","type-page","status-publish","hentry"],"_links":{"self":[{"href":"https:\/\/bergstrominc.com\/us\/fr\/wp-json\/wp\/v2\/pages\/13594","targetHints":{"allow":["GET"]}}],"collection":[{"href":"https:\/\/bergstrominc.com\/us\/fr\/wp-json\/wp\/v2\/pages"}],"about":[{"href":"https:\/\/bergstrominc.com\/us\/fr\/wp-json\/wp\/v2\/types\/page"}],"author":[{"embeddable":true,"href":"https:\/\/bergstrominc.com\/us\/fr\/wp-json\/wp\/v2\/users\/4"}],"replies":[{"embeddable":true,"href":"https:\/\/bergstrominc.com\/us\/fr\/wp-json\/wp\/v2\/comments?post=13594"}],"version-history":[{"count":3,"href":"https:\/\/bergstrominc.com\/us\/fr\/wp-json\/wp\/v2\/pages\/13594\/revisions"}],"predecessor-version":[{"id":14470,"href":"https:\/\/bergstrominc.com\/us\/fr\/wp-json\/wp\/v2\/pages\/13594\/revisions\/14470"}],"wp:attachment":[{"href":"https:\/\/bergstrominc.com\/us\/fr\/wp-json\/wp\/v2\/media?parent=13594"}],"curies":[{"name":"wp","href":"https:\/\/api.w.org\/{rel}","templated":true}]}}