{"id":13692,"date":"2024-07-08T17:28:55","date_gmt":"2024-07-08T21:28:55","guid":{"rendered":"https:\/\/dimgrey-goat-433611.hostingersite.com\/us\/politique-legale-des-cookies\/"},"modified":"2025-03-18T06:56:44","modified_gmt":"2025-03-18T10:56:44","slug":"politique-legale-des-cookies","status":"publish","type":"page","link":"https:\/\/bergstrominc.com\/us\/fr\/politique-legale-des-cookies\/","title":{"rendered":"Politique l\u00e9gale des cookies"},"content":{"rendered":"\t\t<div data-elementor-type=\"wp-page\" data-elementor-id=\"13692\" class=\"elementor elementor-13692 elementor-9148\" data-elementor-post-type=\"page\">\n\t\t\t\t<div class=\"elementor-element elementor-element-4a1ec6ef e-flex e-con-boxed e-con e-parent\" data-id=\"4a1ec6ef\" data-element_type=\"container\" data-e-type=\"container\" data-settings=\"{&quot;background_background&quot;:&quot;classic&quot;,&quot;jet_parallax_layout_list&quot;:[]}\">\n\t\t\t\t\t<div class=\"e-con-inner\">\n\t\t<div class=\"elementor-element elementor-element-4920331 e-con-full e-flex e-con e-child\" data-id=\"4920331\" data-element_type=\"container\" data-e-type=\"container\" data-settings=\"{&quot;jet_parallax_layout_list&quot;:[]}\">\n\t\t\t\t<div class=\"elementor-element elementor-element-228e1b0a elementor-widget__width-initial elementor-widget elementor-widget-heading\" data-id=\"228e1b0a\" data-element_type=\"widget\" data-e-type=\"widget\" data-widget_type=\"heading.default\">\n\t\t\t\t<div class=\"elementor-widget-container\">\n\t\t\t\t\t<h1 class=\"elementor-heading-title elementor-size-default\">Politique l\u00e9gale des cookies<\/h1>\t\t\t\t<\/div>\n\t\t\t\t<\/div>\n\t\t\t\t<\/div>\n\t\t\t\t\t<\/div>\n\t\t\t\t<\/div>\n\t\t<div class=\"elementor-element elementor-element-3cf89df2 e-flex e-con-boxed e-con e-parent\" data-id=\"3cf89df2\" data-element_type=\"container\" data-e-type=\"container\" data-settings=\"{&quot;background_background&quot;:&quot;classic&quot;,&quot;jet_parallax_layout_list&quot;:[]}\">\n\t\t\t\t\t<div class=\"e-con-inner\">\n\t\t\t\t<div class=\"elementor-element elementor-element-343931d5 elementor-widget elementor-widget-text-editor\" data-id=\"343931d5\" data-element_type=\"widget\" data-e-type=\"widget\" data-widget_type=\"text-editor.default\">\n\t\t\t\t<div class=\"elementor-widget-container\">\n\t\t\t\t\t\t\t\t\t<h4>Droits d\u2019auteur<\/h4>\n<p>Copyright 2025 Bergstrom. Tous droits r\u00e9serv\u00e9s. Tous les textes, images, graphiques, animations, vid\u00e9os, musiques et autres \u00e9l\u00e9ments pr\u00e9sents sur ce site sont prot\u00e9g\u00e9s par les droits d\u2019auteur et autres droits de propri\u00e9t\u00e9 intellectuelle de Bergstrom. Ces \u00e9l\u00e9ments ne peuvent \u00eatre reproduits, distribu\u00e9s, modifi\u00e9s ou republi\u00e9s sur d&rsquo;autres sites sans l\u2019autorisation \u00e9crite expresse de Bergstrom.   <\/p>\n<h4>Marques d\u00e9pos\u00e9es<\/h4>\n<p>Les marques apparaissant sur ce site comprennent, sans s\u2019y limiter : (i) Bergstrom et le logo Bergstrom ; (ii) NITE, eCoolPark et eClimaCoach, ainsi que leurs logos, embl\u00e8mes, slogans et designs respectifs.  <\/p>\n<h4>Mentions l\u00e9gales<\/h4>\n<p>Les informations contenues dans ce site sont con\u00e7ues pour \u00eatre aussi compl\u00e8tes et factuelles que possible. Toutefois, nous nous r\u00e9servons le droit de modifier \u00e0 tout moment, sans pr\u00e9avis, les prix, couleurs, mat\u00e9riaux, \u00e9quipements, sp\u00e9cifications, mod\u00e8les et disponibilit\u00e9s. Certains liens fournis sur ce site peuvent mener \u00e0 des sites ind\u00e9pendants. Les informations pr\u00e9sent\u00e9es sur ces sites rel\u00e8vent de la seule responsabilit\u00e9 de leurs propri\u00e9taires respectifs. Bergstrom et ses partenaires n\u2019ont aucun contr\u00f4le ni responsabilit\u00e9 quant au contenu des sites ind\u00e9pendants et proposent ces liens uniquement pour la commodit\u00e9 des visiteurs.<\/p>\n\t\t\t\t\t\t\t\t<\/div>\n\t\t\t\t<\/div>\n\t\t\t\t\t<\/div>\n\t\t\t\t<\/div>\n\t\t\t\t<\/div>\n\t\t","protected":false},"excerpt":{"rendered":"<p>Droits d\u2019auteur Copyright 2025 Bergstrom. Tous droits r\u00e9serv\u00e9s. Tous les textes, images, graphiques, animations, vid\u00e9os, musiques et autres \u00e9l\u00e9ments pr\u00e9sents [&hellip;]<\/p>\n","protected":false},"author":1,"featured_media":0,"parent":0,"menu_order":0,"comment_status":"closed","ping_status":"closed","template":"","meta":{"postBodyCss":"","postBodyMargin":[],"postBodyPadding":[],"postBodyBackground":{"backgroundType":"classic","gradient":""},"site-sidebar-layout":"no-sidebar","site-content-layout":"","ast-site-content-layout":"full-width-container","site-content-style":"default","site-sidebar-style":"default","ast-global-header-display":"","ast-banner-title-visibility":"","ast-main-header-display":"","ast-hfb-above-header-display":"","ast-hfb-below-header-display":"","ast-hfb-mobile-header-display":"","site-post-title":"disabled","ast-breadcrumbs-content":"","ast-featured-img":"disabled","footer-sml-layout":"","ast-disable-related-posts":"","theme-transparent-header-meta":"","adv-header-id-meta":"","stick-header-meta":"","header-above-stick-meta":"","header-main-stick-meta":"","header-below-stick-meta":"","astra-migrate-meta-layouts":"default","ast-page-background-enabled":"default","ast-page-background-meta":{"desktop":{"background-color":"var(--ast-global-color-4)","background-image":"","background-repeat":"repeat","background-position":"center center","background-size":"auto","background-attachment":"scroll","background-type":"","background-media":"","overlay-type":"","overlay-color":"","overlay-opacity":"","overlay-gradient":""},"tablet":{"background-color":"","background-image":"","background-repeat":"repeat","background-position":"center center","background-size":"auto","background-attachment":"scroll","background-type":"","background-media":"","overlay-type":"","overlay-color":"","overlay-opacity":"","overlay-gradient":""},"mobile":{"background-color":"","background-image":"","background-repeat":"repeat","background-position":"center center","background-size":"auto","background-attachment":"scroll","background-type":"","background-media":"","overlay-type":"","overlay-color":"","overlay-opacity":"","overlay-gradient":""}},"ast-content-background-meta":{"desktop":{"background-color":"var(--ast-global-color-5)","background-image":"","background-repeat":"repeat","background-position":"center center","background-size":"auto","background-attachment":"scroll","background-type":"","background-media":"","overlay-type":"","overlay-color":"","overlay-opacity":"","overlay-gradient":""},"tablet":{"background-color":"var(--ast-global-color-5)","background-image":"","background-repeat":"repeat","background-position":"center center","background-size":"auto","background-attachment":"scroll","background-type":"","background-media":"","overlay-type":"","overlay-color":"","overlay-opacity":"","overlay-gradient":""},"mobile":{"background-color":"var(--ast-global-color-5)","background-image":"","background-repeat":"repeat","background-position":"center center","background-size":"auto","background-attachment":"scroll","background-type":"","background-media":"","overlay-type":"","overlay-color":"","overlay-opacity":"","overlay-gradient":""}},"footnotes":""},"class_list":["post-13692","page","type-page","status-publish","hentry"],"_links":{"self":[{"href":"https:\/\/bergstrominc.com\/us\/fr\/wp-json\/wp\/v2\/pages\/13692","targetHints":{"allow":["GET"]}}],"collection":[{"href":"https:\/\/bergstrominc.com\/us\/fr\/wp-json\/wp\/v2\/pages"}],"about":[{"href":"https:\/\/bergstrominc.com\/us\/fr\/wp-json\/wp\/v2\/types\/page"}],"author":[{"embeddable":true,"href":"https:\/\/bergstrominc.com\/us\/fr\/wp-json\/wp\/v2\/users\/1"}],"replies":[{"embeddable":true,"href":"https:\/\/bergstrominc.com\/us\/fr\/wp-json\/wp\/v2\/comments?post=13692"}],"version-history":[{"count":1,"href":"https:\/\/bergstrominc.com\/us\/fr\/wp-json\/wp\/v2\/pages\/13692\/revisions"}],"predecessor-version":[{"id":13693,"href":"https:\/\/bergstrominc.com\/us\/fr\/wp-json\/wp\/v2\/pages\/13692\/revisions\/13693"}],"wp:attachment":[{"href":"https:\/\/bergstrominc.com\/us\/fr\/wp-json\/wp\/v2\/media?parent=13692"}],"curies":[{"name":"wp","href":"https:\/\/api.w.org\/{rel}","templated":true}]}}