{"id":13731,"date":"2024-07-08T17:32:27","date_gmt":"2024-07-08T21:32:27","guid":{"rendered":"https:\/\/dimgrey-goat-433611.hostingersite.com\/us\/privacy-policy\/"},"modified":"2025-03-18T07:08:54","modified_gmt":"2025-03-18T11:08:54","slug":"privacy-policy","status":"publish","type":"page","link":"https:\/\/bergstrominc.com\/us\/fr\/privacy-policy\/","title":{"rendered":"Privacy Policy"},"content":{"rendered":"\t\t<div data-elementor-type=\"wp-page\" data-elementor-id=\"13731\" class=\"elementor elementor-13731 elementor-9164\" data-elementor-post-type=\"page\">\n\t\t\t\t<div class=\"elementor-element elementor-element-3669803 e-flex e-con-boxed e-con e-parent\" data-id=\"3669803\" data-element_type=\"container\" data-e-type=\"container\" data-settings=\"{&quot;background_background&quot;:&quot;classic&quot;,&quot;jet_parallax_layout_list&quot;:[]}\">\n\t\t\t\t\t<div class=\"e-con-inner\">\n\t\t<div class=\"elementor-element elementor-element-25bbb363 e-con-full e-flex e-con e-child\" data-id=\"25bbb363\" data-element_type=\"container\" data-e-type=\"container\" data-settings=\"{&quot;jet_parallax_layout_list&quot;:[]}\">\n\t\t\t\t<div class=\"elementor-element elementor-element-23085468 elementor-widget__width-initial elementor-widget elementor-widget-heading\" data-id=\"23085468\" data-element_type=\"widget\" data-e-type=\"widget\" data-widget_type=\"heading.default\">\n\t\t\t\t<div class=\"elementor-widget-container\">\n\t\t\t\t\t<h1 class=\"elementor-heading-title elementor-size-default\">Politique de Confidentialit\u00e9\n<\/h1>\t\t\t\t<\/div>\n\t\t\t\t<\/div>\n\t\t\t\t<\/div>\n\t\t\t\t\t<\/div>\n\t\t\t\t<\/div>\n\t\t<div class=\"elementor-element elementor-element-78bed167 e-flex e-con-boxed e-con e-parent\" data-id=\"78bed167\" data-element_type=\"container\" data-e-type=\"container\" data-settings=\"{&quot;background_background&quot;:&quot;classic&quot;,&quot;jet_parallax_layout_list&quot;:[]}\">\n\t\t\t\t\t<div class=\"e-con-inner\">\n\t\t\t\t<div class=\"elementor-element elementor-element-3e4b08fb elementor-widget__width-inherit elementor-widget elementor-widget-text-editor\" data-id=\"3e4b08fb\" data-element_type=\"widget\" data-e-type=\"widget\" data-widget_type=\"text-editor.default\">\n\t\t\t\t<div class=\"elementor-widget-container\">\n\t\t\t\t\t\t\t\t\t<p>Bergstrom Inc. a cr\u00e9\u00e9 l\u2019application Nite Phoenix comme une application gratuite. Ce SERVICE est fourni sans frais par Bergstrom Inc. et est destin\u00e9 \u00e0 \u00eatre utilis\u00e9 tel quel.<\/p><p>Cette page a pour but d\u2019informer les visiteurs de nos politiques de collecte, utilisation et divulgation des Informations Personnelles si quelqu\u2019un choisissait d\u2019utiliser notre Service.<\/p><p>Si vous d\u00e9cidez d\u2019utiliser notre Service, vous consentez \u00e0 la collecte et \u00e0 l\u2019utilisation d\u2019informations dans le cadre de cette politique. Les Informations Personnelles que nous recueillons sont utilis\u00e9es pour fournir et am\u00e9liorer le Service. Nous n\u2019utiliserons et ne partagerons pas vos informations avec quiconque, \u00e0 l\u2019exception de ce qui est d\u00e9crit dans la pr\u00e9sente Politique de Confidentialit\u00e9.<\/p><p>Les termes utilis\u00e9s dans la pr\u00e9sente Politique de Confidentialit\u00e9 ont la m\u00eame signification que dans nos Conditions G\u00e9n\u00e9rales, qui sont disponibles sur Nite Phoenix, \u00e0 moins qu\u2019ils ne soient d\u00e9finis diff\u00e9remment dans la pr\u00e9sente Politique de Confidentialit\u00e9.<\/p><p><b>Collecte et utilisation des informations<\/b><\/p><p>Pour une meilleure exp\u00e9rience, lorsque vous utilisez notre Service, nous pouvons vous demander de nous fournir certaines informations personnelles identifiables, y compris, mais sans s\u2019y limiter, la localisation, l\u2019acc\u00e8s au stockage externe, l\u2019acc\u00e8s \u00e0 l\u2019\u00e9tat du r\u00e9seau, l\u2019acc\u00e8s \u00e0 Internet et les informations de couplage Bluetooth. Les renseignements que nous demandons seront conserv\u00e9s par nous et utilis\u00e9s comme d\u00e9crit dans la pr\u00e9sente Politique de Confidentialit\u00e9.<\/p><p><br \/>L\u2019application utilise des services de tiers qui peuvent collecter des informations permettant de vous identifier.<\/p><p>Lien vers la Politique de Confidentialit\u00e9 des fournisseurs de services de tiers utilis\u00e9s par l\u2019application :<\/p><ul><li><a href=\"https:\/\/policies.google.com\/privacy\">Google Play Services<\/a><\/li><\/ul><p><b>Donn\u00e9es d\u2019enregistrement<\/b><br \/>Nous souhaitons vous informer que, chaque fois que vous utilisez notre Service, en cas d\u2019erreur dans l\u2019application, nous collectons des donn\u00e9es et des informations (\u00e0 travers des produits de tiers) sur votre t\u00e9l\u00e9phone, d\u00e9nomm\u00e9es Donn\u00e9es d\u2019Enregistrement. Ces Donn\u00e9es d\u2019Enregistrement peuvent inclure des informations telles que l\u2019adresse de Protocole Internet (\u00ab IP \u00bb) de votre appareil, le nom de l\u2019appareil, la version du syst\u00e8me d\u2019exploitation, les param\u00e8tres de l\u2019application lors de l\u2019utilisation de notre Service, l\u2019heure et la date de votre utilisation du Service ainsi que d\u2019autres statistiques.<\/p><p><b>Cookies<\/b><br \/>Les cookies sont des fichiers contenant une petite quantit\u00e9 de donn\u00e9es qui sont g\u00e9n\u00e9ralement utilis\u00e9s comme identifiants uniques anonymes. Ils sont envoy\u00e9s \u00e0 votre navigateur par les sites web que vous visitez et sont stock\u00e9s dans la m\u00e9moire interne de votre appareil. Ce service n\u2019utilise pas explicitement ces cookies. Cependant, l\u2019application peut utiliser des codes et des biblioth\u00e8ques de tiers qui utilisent des cookies pour collecter des informations et am\u00e9liorer ses services. Vous avez la possibilit\u00e9 d\u2019accepter ou de refuser ces cookies et de savoir quand un cookie est envoy\u00e9 \u00e0 votre appareil. Si vous choisissez de refuser nos cookies, il se peut que vous ne puissiez pas utiliser certaines parties de ce Service.<\/p><p><b>Fournisseurs de Services<\/b><br \/>Nous pouvons faire appel \u00e0 des entreprises et des personnes tierces pour les raisons suivantes :<br \/>\u2022 Pour faciliter notre Service ;<br \/>\u2022 Pour fournir le Service en notre nom ;<br \/>\u2022 Pour effectuer des services en relation avec le Service\u00a0; ou<br \/>\u2022 Pour nous aider \u00e0 analyser comment est utilis\u00e9 notre Service.\u00a0<\/p><p>Nous souhaitons informer les utilisateurs de ce Service que ces tiers ont acc\u00e8s \u00e0 vos Informations Personnelles. La raison en est la r\u00e9alisation de t\u00e2ches assign\u00e9es en notre nom. Cependant, ils sont tenus de ne pas divulguer ni utiliser les informations \u00e0 d\u2019autres fins.<\/p><p><b>S\u00e9curit\u00e9<\/b><br \/>Nous appr\u00e9cions la confiance que vous nous accordez en nous fournissant vos Informations Personnelles, et nous nous effor\u00e7ons par cons\u00e9quent d\u2019utiliser des moyens commercialement acceptables pour les prot\u00e9ger. Mais n\u2019oubliez pas qu\u2019aucune m\u00e9thode de transmission sur Internet ou de stockage \u00e9lectronique n\u2019est s\u00fbre et fiable \u00e0 100 % et que nous ne pouvons donc pas garantir une s\u00e9curit\u00e9 absolue.<\/p><p><b>Liens vers d\u2019autres sites<\/b><br \/>Ce Service peut inclure des liens vers d\u2019autres sites. Si vous cliquez sur le lien d\u2019un tiers, vous serez dirig\u00e9 vers ce site. Sachez que ces sites externes ne sont pas exploit\u00e9s par nous. Par cons\u00e9quent, nous vous encourageons vivement \u00e0 consulter la Politique de Confidentialit\u00e9 de ces sites. Nous n\u2019avons aucun contr\u00f4le sur le contenu, les politiques de confidentialit\u00e9 ou les pratiques des sites ou services de tiers et n\u2019assumons aucune responsabilit\u00e9 \u00e0 ce sujet.<\/p><p><b>Confidentialit\u00e9 des enfants<\/b><br \/>Ces Services ne sont pas destin\u00e9s aux personnes \u00e2g\u00e9es de moins de 13 ans. Nous ne recueillons pas d\u00e9lib\u00e9r\u00e9ment d\u2019informations personnelles identifiables concernant des enfants de moins de 13 ans. Si nous d\u00e9couvrons qu\u2019un enfant de moins de 13 ans nous a fourni des informations personnelles, nous supprimerons imm\u00e9diatement ces informations de nos serveurs. Si vous \u00eates un parent ou un tuteur et que vous savez que votre enfant nous a fourni des informations personnelles, veuillez nous contacter afin que nous puissions prendre les mesures n\u00e9cessaires.<\/p><p><b>Modifications de cette Politique de Confidentialit\u00e9<\/b><br \/>Nous pouvons mettre \u00e0 jour notre Politique de Confidentialit\u00e9 ponctuellement. Par cons\u00e9quent, nous vous encourageons \u00e0 consulter r\u00e9guli\u00e8rement cette page pour prendre connaissance des \u00e9ventuelles modifications. Nous vous informerons de toute modification en publiant la nouvelle Politique de Confidentialit\u00e9 sur cette page. Ces modifications entreront en vigueur d\u00e8s leur publication sur cette page.<\/p><p><b>Contactez-nous<\/b><br \/>Si vous avez des questions ou des suggestions concernant notre Politique de Confidentialit\u00e9, n\u2019h\u00e9sitez pas \u00e0 nous contacter \u00e0 l\u2019adresse\u00a0<a href=\"mailto:marketing@bergstrominc.com\">marketing@bergstrominc.com<\/a>\u00a0<\/p>\t\t\t\t\t\t\t\t<\/div>\n\t\t\t\t<\/div>\n\t\t\t\t\t<\/div>\n\t\t\t\t<\/div>\n\t\t\t\t<\/div>\n\t\t","protected":false},"excerpt":{"rendered":"<p>Politique de Confidentialit\u00e9 Bergstrom Inc. a cr\u00e9\u00e9 l\u2019application Nite Phoenix comme une application gratuite. Ce SERVICE est fourni sans frais [&hellip;]<\/p>\n","protected":false},"author":1,"featured_media":0,"parent":0,"menu_order":0,"comment_status":"closed","ping_status":"closed","template":"","meta":{"postBodyCss":"","postBodyMargin":[],"postBodyPadding":[],"postBodyBackground":{"backgroundType":"classic","gradient":""},"site-sidebar-layout":"no-sidebar","site-content-layout":"","ast-site-content-layout":"full-width-container","site-content-style":"default","site-sidebar-style":"default","ast-global-header-display":"","ast-banner-title-visibility":"","ast-main-header-display":"","ast-hfb-above-header-display":"","ast-hfb-below-header-display":"","ast-hfb-mobile-header-display":"","site-post-title":"disabled","ast-breadcrumbs-content":"","ast-featured-img":"disabled","footer-sml-layout":"","ast-disable-related-posts":"","theme-transparent-header-meta":"","adv-header-id-meta":"","stick-header-meta":"","header-above-stick-meta":"","header-main-stick-meta":"","header-below-stick-meta":"","astra-migrate-meta-layouts":"default","ast-page-background-enabled":"default","ast-page-background-meta":{"desktop":{"background-color":"var(--ast-global-color-4)","background-image":"","background-repeat":"repeat","background-position":"center center","background-size":"auto","background-attachment":"scroll","background-type":"","background-media":"","overlay-type":"","overlay-color":"","overlay-opacity":"","overlay-gradient":""},"tablet":{"background-color":"","background-image":"","background-repeat":"repeat","background-position":"center center","background-size":"auto","background-attachment":"scroll","background-type":"","background-media":"","overlay-type":"","overlay-color":"","overlay-opacity":"","overlay-gradient":""},"mobile":{"background-color":"","background-image":"","background-repeat":"repeat","background-position":"center center","background-size":"auto","background-attachment":"scroll","background-type":"","background-media":"","overlay-type":"","overlay-color":"","overlay-opacity":"","overlay-gradient":""}},"ast-content-background-meta":{"desktop":{"background-color":"var(--ast-global-color-5)","background-image":"","background-repeat":"repeat","background-position":"center center","background-size":"auto","background-attachment":"scroll","background-type":"","background-media":"","overlay-type":"","overlay-color":"","overlay-opacity":"","overlay-gradient":""},"tablet":{"background-color":"var(--ast-global-color-5)","background-image":"","background-repeat":"repeat","background-position":"center center","background-size":"auto","background-attachment":"scroll","background-type":"","background-media":"","overlay-type":"","overlay-color":"","overlay-opacity":"","overlay-gradient":""},"mobile":{"background-color":"var(--ast-global-color-5)","background-image":"","background-repeat":"repeat","background-position":"center center","background-size":"auto","background-attachment":"scroll","background-type":"","background-media":"","overlay-type":"","overlay-color":"","overlay-opacity":"","overlay-gradient":""}},"footnotes":""},"class_list":["post-13731","page","type-page","status-publish","hentry"],"_links":{"self":[{"href":"https:\/\/bergstrominc.com\/us\/fr\/wp-json\/wp\/v2\/pages\/13731","targetHints":{"allow":["GET"]}}],"collection":[{"href":"https:\/\/bergstrominc.com\/us\/fr\/wp-json\/wp\/v2\/pages"}],"about":[{"href":"https:\/\/bergstrominc.com\/us\/fr\/wp-json\/wp\/v2\/types\/page"}],"author":[{"embeddable":true,"href":"https:\/\/bergstrominc.com\/us\/fr\/wp-json\/wp\/v2\/users\/1"}],"replies":[{"embeddable":true,"href":"https:\/\/bergstrominc.com\/us\/fr\/wp-json\/wp\/v2\/comments?post=13731"}],"version-history":[{"count":6,"href":"https:\/\/bergstrominc.com\/us\/fr\/wp-json\/wp\/v2\/pages\/13731\/revisions"}],"predecessor-version":[{"id":13738,"href":"https:\/\/bergstrominc.com\/us\/fr\/wp-json\/wp\/v2\/pages\/13731\/revisions\/13738"}],"wp:attachment":[{"href":"https:\/\/bergstrominc.com\/us\/fr\/wp-json\/wp\/v2\/media?parent=13731"}],"curies":[{"name":"wp","href":"https:\/\/api.w.org\/{rel}","templated":true}]}}