{"id":13745,"date":"2024-07-15T11:36:26","date_gmt":"2024-07-15T15:36:26","guid":{"rendered":"https:\/\/dimgrey-goat-433611.hostingersite.com\/us\/terms-conditions-and-legal-notices\/"},"modified":"2025-03-18T07:12:04","modified_gmt":"2025-03-18T11:12:04","slug":"terms-conditions-and-legal-notices","status":"publish","type":"page","link":"https:\/\/bergstrominc.com\/us\/fr\/terms-conditions-and-legal-notices\/","title":{"rendered":"Terms, Conditions and Legal Notices"},"content":{"rendered":"\t\t<div data-elementor-type=\"wp-page\" data-elementor-id=\"13745\" class=\"elementor elementor-13745 elementor-9492\" data-elementor-post-type=\"page\">\n\t\t\t\t<div class=\"elementor-element elementor-element-49a394be e-flex e-con-boxed e-con e-parent\" data-id=\"49a394be\" data-element_type=\"container\" data-e-type=\"container\" data-settings=\"{&quot;background_background&quot;:&quot;classic&quot;,&quot;jet_parallax_layout_list&quot;:[]}\">\n\t\t\t\t\t<div class=\"e-con-inner\">\n\t\t<div class=\"elementor-element elementor-element-5eb25a2e e-con-full e-flex e-con e-child\" data-id=\"5eb25a2e\" data-element_type=\"container\" data-e-type=\"container\" data-settings=\"{&quot;jet_parallax_layout_list&quot;:[]}\">\n\t\t\t\t<div class=\"elementor-element elementor-element-a307cc elementor-widget__width-initial elementor-widget elementor-widget-heading\" data-id=\"a307cc\" data-element_type=\"widget\" data-e-type=\"widget\" data-widget_type=\"heading.default\">\n\t\t\t\t<div class=\"elementor-widget-container\">\n\t\t\t\t\t<h1 class=\"elementor-heading-title elementor-size-default\">Conditions G\u00e9n\u00e9rales et Mentions L\u00e9gales\n<\/h1>\t\t\t\t<\/div>\n\t\t\t\t<\/div>\n\t\t\t\t<\/div>\n\t\t\t\t\t<\/div>\n\t\t\t\t<\/div>\n\t\t<div class=\"elementor-element elementor-element-38e0bf60 e-flex e-con-boxed e-con e-parent\" data-id=\"38e0bf60\" data-element_type=\"container\" data-e-type=\"container\" data-settings=\"{&quot;background_background&quot;:&quot;classic&quot;,&quot;jet_parallax_layout_list&quot;:[]}\">\n\t\t\t\t\t<div class=\"e-con-inner\">\n\t\t\t\t<div class=\"elementor-element elementor-element-2da5bf5b elementor-widget elementor-widget-text-editor\" data-id=\"2da5bf5b\" data-element_type=\"widget\" data-e-type=\"widget\" data-widget_type=\"text-editor.default\">\n\t\t\t\t<div class=\"elementor-widget-container\">\n\t\t\t\t\t\t\t\t\t<p><b>Accord entre l\u2019Utilisateur et Bergstrom, Inc. (\u00ab\u00a0Bergstrom\u00a0\u00bb)<\/b><\/p><p>Ce site Web est propos\u00e9 \u00e0 l\u2019Utilisateur sous r\u00e9serve de l\u2019acceptation par ce dernier (\u00ab\u00a0Utilisateur\u00a0\u00bb ou \u00ab\u00a0vous \u00bb), sans modification, des conditions g\u00e9n\u00e9rales et des mentions l\u00e9gales contenues dans le pr\u00e9sent document. En acc\u00e9dant \u00e0 ce site web et en l\u2019utilisant, l\u2019Utilisateur accepte d\u2019\u00eatre li\u00e9 par toutes ces conditions et mentions, y compris la Politique de Confidentialit\u00e9 de Bergstrom (l\u2019 \u00ab Accord \u00bb).<\/p><p><b>Utilisation de Bergstrominc.com et de tous les sites Web associ\u00e9s \u00e0 Bergstrom<\/b><\/p><p>L\u2019Utilisateur d\u00e9clare et garantit qu\u2019il a le droit l\u00e9gal et la capacit\u00e9 de conclure le pr\u00e9sent accord et d\u2019utiliser ce site web conform\u00e9ment \u00e0 tous les termes et conditions qui y sont \u00e9nonc\u00e9s. L\u2019Utilisateur accepte d\u2019\u00eatre financi\u00e8rement responsable de toute utilisation de ce site web. L\u2019Utilisateur s\u2019engage \u00e0 ne pas c\u00e9der, transf\u00e9rer ou conc\u00e9der en sous-licence les droits que lui conf\u00e8re le pr\u00e9sent accord.<\/p><p>Sans limitation, l\u2019Utilisateur ne doit pas effectuer d\u2019achats ou de r\u00e9servations sp\u00e9culatifs, faux ou frauduleux en pr\u00e9vision d\u2019une demande d\u2019indemnisation. L\u2019Utilisateur accepte que le site web de Kysor Distributor ne soit utilis\u00e9 que pour effectuer des achats l\u00e9gitimes pour l\u2019Utilisateur. L\u2019Utilisateur accepte de se conformer aux conditions d\u2019achat impos\u00e9es par tout fournisseur avec lequel il choisit de traiter, y compris, mais sans s\u2019y limiter, le paiement ou le remboursement de tous les montants dus et le respect de toutes les r\u00e8gles relatives \u00e0 la disponibilit\u00e9 des prix, des produits ou des services. L\u2019Utilisateur est enti\u00e8rement responsable de tous les frais, droits, taxes et \u00e9valuations d\u00e9coulant de l\u2019utilisation de ce site Web.<\/p><p>Ce site Web est r\u00e9serv\u00e9 \u00e0 l\u2019usage personnel et non commercial de l\u2019Utilisateur. L\u2019Utilisateur s\u2019engage \u00e0 ne pas modifier, copier, alt\u00e9rer, distribuer, transmettre, afficher, ex\u00e9cuter, reproduire, publier, conc\u00e9der sous licence, cr\u00e9er des \u0153uvres d\u00e9riv\u00e9es, transf\u00e9rer ou vendre des informations, des logiciels, des produits ou des services obtenus \u00e0 partir de ce site web sans l\u2019autorisation \u00e9crite pr\u00e9alable de Bergstrom. L\u2019Utilisateur s\u2019engage \u00e0 ne pas utiliser de robot, d\u2019araign\u00e9e, de dispositif automatique ou d\u2019autre processus manuel pour surveiller ou copier ce site Web ou son contenu, ou \u00e0 toute autre fin non autoris\u00e9e, sans l\u2019autorisation \u00e9crite pr\u00e9alable de Bergstrom. L\u2019Utilisateur s\u2019engage \u00e0 ne pas utiliser de dispositif, de logiciel ou de routine pour interf\u00e9rer ou tenter d\u2019interf\u00e9rer avec le bon fonctionnement de ce site Web ou avec toute activit\u00e9 men\u00e9e sur ce site. L\u2019Utilisateur s\u2019engage \u00e0 ne prendre aucune mesure qui imposerait une charge d\u00e9raisonnable ou disproportionn\u00e9e \u00e0 notre infrastructure. Bergstrom se r\u00e9serve le droit d\u2019enqu\u00eater sur toute utilisation ill\u00e9gale et\/ou non autoris\u00e9e de ce site Web, y compris, mais sans s\u2019y limiter, le cadrage non autoris\u00e9 de ce site Web ou l\u2019utilisation non autoris\u00e9e de tout robot, araign\u00e9e ou autre dispositif automatis\u00e9, et de prendre les mesures juridiques appropri\u00e9es, y compris, sans s\u2019y limiter, des mesures de r\u00e9paration civiles, p\u00e9nales et d\u2019injonction.<\/p><p><b>Avis sur les droits d\u2019auteur et les marques d\u00e9pos\u00e9es<\/b><\/p><p>Tout le contenu de ce site Web est : Copyright\u00a9 2025 Bergstrom, Inc. et\/ou ses fournisseurs, 2390 Blackhawk Road, Rockford, Illinois 61109. Tous droits r\u00e9serv\u00e9s.<\/p><p>Tous les droits d\u2019auteur, marques d\u00e9pos\u00e9es, noms commerciaux, logos et marques de service (les \u00ab Marques \u00bb) affich\u00e9s sur ce site Web sont la propri\u00e9t\u00e9 de Bergstrom ou d\u2019autres tiers. L\u2019Utilisateur n\u2019est pas autoris\u00e9 \u00e0 utiliser ces Marques sans l\u2019accord \u00e9crit pr\u00e9alable de Bergstrom ou le consentement des tierces parties propri\u00e9taires des Marques.<\/p><p><b>Clause de non-responsabilit\u00e9<\/b><\/p><p>Les informations, logiciels, produits et services publi\u00e9s sur ce site Web peuvent contenir des inexactitudes ou des erreurs typographiques. Des modifications sont p\u00e9riodiquement apport\u00e9es aux informations contenues dans ce site. Bergstrom et\/ou ses fournisseurs peuvent apporter des am\u00e9liorations et\/ou des modifications \u00e0 ce site web \u00e0 tout moment et sans pr\u00e9avis. Bergstrom et\/ou ses fournisseurs ne font aucune d\u00e9claration quant \u00e0 l\u2019ad\u00e9quation des informations, des logiciels, des produits et des services contenus sur ce site web \u00e0 quelque fin que ce soit. L\u2019ensemble de ces informations, logiciels, produits et services sont fournis \u00ab tels quels \u00bb sans garantie d\u2019aucune sorte. Bergstrom et\/ou ses fournisseurs d\u00e9clinent par la pr\u00e9sente toutes les garanties et conditions relatives \u00e0 ces informations, logiciels, produits et services, y compris toutes les garanties et conditions implicites de qualit\u00e9 marchande, d\u2019ad\u00e9quation \u00e0 un usage particulier, de titre et d\u2019absence d\u2019infraction. Bergstrom et\/ou ses fournisseurs ne peuvent en aucun cas \u00eatre tenus responsables des dommages directs, indirects, punitifs, accessoires, sp\u00e9ciaux ou cons\u00e9cutifs r\u00e9sultant de l\u2019utilisation de ce site web ou du retard ou de l\u2019incapacit\u00e9 \u00e0 utiliser ce site Web, ou des informations, logiciels, produits et services obtenus par le biais de ce site web, ou d\u00e9coulant de l\u2019utilisation de ce site web, que ce soit sur la base d\u2019un contrat, d\u2019un d\u00e9lit, d\u2019une responsabilit\u00e9 stricte ou autre, m\u00eame si Bergstrom et\/ou l\u2019un de ses fournisseurs a \u00e9t\u00e9 inform\u00e9 de l\u2019\u00e9ventualit\u00e9 de ces dommages. \u00c9tant donn\u00e9 que certains \u00c9tats\/juridictions n\u2019autorisent pas l\u2019exclusion ou la limitation de la responsabilit\u00e9 pour les dommages cons\u00e9cutifs ou accessoires, la limitation ci-dessus peut ne pas s\u2019appliquer \u00e0 vous.<\/p><p><b>D\u00e9clarations prospectives<\/b><\/p><p>Ce site Web peut contenir des d\u00e9clarations prospectives concernant Bergstrom. Ces d\u00e9clarations prospectives ne sont valables qu\u2019\u00e0 la date indiqu\u00e9e ou, si aucune date n\u2019est indiqu\u00e9e, \u00e0 la date \u00e0 laquelle ces d\u00e9clarations sont publi\u00e9es sur ce site Web. Les r\u00e9sultats r\u00e9els peuvent diff\u00e9rer mat\u00e9riellement de ceux d\u00e9crits dans les d\u00e9clarations pr\u00e9visionnelles. Bergstrom d\u00e9cline express\u00e9ment toute obligation de mettre \u00e0 jour, de modifier, de compl\u00e9ter ou de r\u00e9viser de quelque mani\u00e8re que ce soit les d\u00e9clarations pr\u00e9visionnelles contenues dans ce site web pour tenir compte d\u2019\u00e9v\u00e9nements ou de circonstances pouvant survenir apr\u00e8s cette date, sauf si la loi applicable l\u2019exige.<\/p><p>Les informations fournies sur ce site Web le sont uniquement \u00e0 titre de r\u00e9f\u00e9rence pour les utilisateurs et ne doivent pas \u00eatre prises en compte dans le cadre d\u2019une d\u00e9cision d\u2019investissement. Les informations fournies sur ce site ne constituent pas une offre de vente ou la sollicitation d\u2019une offre d\u2019achat de titres.<\/p><p><b>Liens vers des sites Web de tiers<\/b><\/p><p>Ce site web peut contenir des liens et des pointeurs vers des sites Internet g\u00e9r\u00e9s par des tiers. Bergstrom n\u2019exploite pas et ne contr\u00f4le pas les informations, les produits ou les services de ces sites tiers. Les liens et pointeurs de tiers sont inclus uniquement pour la commodit\u00e9 des utilisateurs et ne constituent pas une approbation de la part de Bergstrom et\/ou de ses fournisseurs. L\u2019Utilisateur est seul responsable de l\u2019utilisation des liens et des pointeurs de tiers.<\/p><p><b>Logiciel disponible sur ce site Web<\/b><\/p><p>Il faut savoir que tous les logiciels, y compris, mais sans s\u2019y limiter, tous les codes HTML et les contr\u00f4les Active X contenus sur ce site Web, sont la propri\u00e9t\u00e9 de Bergstrom et\/ou de ses fournisseurs et sont prot\u00e9g\u00e9s par les lois sur la propri\u00e9t\u00e9 intellectuelle et d\u2019autres lois, y compris, mais sans s\u2019y limiter, les lois sur les droits d\u2019auteur et les dispositions des trait\u00e9s internationaux. Toute reproduction ou redistribution du logiciel est express\u00e9ment interdite par la loi et peut entra\u00eener des sanctions civiles et p\u00e9nales. Les contrevenants seront poursuivis dans toute la mesure du possible.<\/p><p><b>Utilisation des informations<\/b><\/p><p><a href=\"https:\/\/us.bergstrominc.com\/privacy-policy\">Consultez la Politique de Confidentialit\u00e9 de Bergstrom.<\/a><\/p><p>Toutes les communications que vous envoyez \u00e0 ce site Web ou \u00e0 Bergstrom par courrier \u00e9lectronique le sont sur une base non confidentielle et Bergstrom n\u2019est pas tenue de s\u2019abstenir de reproduire, de publier ou d\u2019utiliser ces communications \u00e0 quelque fin que ce soit. Bergstrom est libre d\u2019utiliser le contenu de ces communications \u00e9lectroniques, y compris dans le cadre du d\u00e9veloppement, de la fabrication et\/ou de la commercialisation de biens ou de services.<\/p><p><b>Indemnisation<\/b><\/p><p>Comme condition d\u2019utilisation de ce site Web, l\u2019Utilisateur accepte d\u2019indemniser Bergstrom et ses fournisseurs de toutes les responsabilit\u00e9s, d\u00e9penses (y compris les frais d\u2019avocat) et dommages d\u00e9coulant de r\u00e9clamations r\u00e9sultant de l\u2019utilisation de ce site Web par l\u2019Utilisateur, y compris, sans limitation, toute r\u00e9clamation all\u00e9guant des faits qui, s\u2019ils \u00e9taient av\u00e9r\u00e9s, constitueraient une violation par l\u2019Utilisateur du pr\u00e9sent Accord.<\/p><p><b>Utilisation de forums de discussion, de salles de chat, de sondages et d\u2019autres forums de communication<\/b><\/p><p>Dans la mesure o\u00f9 ce site Web contient des tableaux d\u2019affichage, des conf\u00e9rences, des salles de discussion, des sondages ou d\u2019autres moyens de communication (\u00ab Forums \u00bb), l\u2019Utilisateur accepte d\u2019utiliser ces Forums uniquement pour envoyer et recevoir des messages et des documents qui sont appropri\u00e9s et li\u00e9s au Forum en question. \u00c0 titre d\u2019exemple et non de limitation, l\u2019Utilisateur s\u2019engage, dans le cadre de l\u2019utilisation d\u2019un Forum, \u00e0 ne pas :<\/p><ul><li aria-level=\"1\">Diffamer, abuser, harceler, traquer, menacer ou violer de toute autre mani\u00e8re les droits l\u00e9gaux (tels que les droits \u00e0 la vie priv\u00e9e et \u00e0 la publicit\u00e9) d\u2019autrui.<\/li><li aria-level=\"1\">Publier, afficher, envoyer, distribuer ou diffuser du mat\u00e9riel ou des informations diffamatoires, contrefaisantes, obsc\u00e8nes, ind\u00e9centes ou ill\u00e9gales.<\/li><li aria-level=\"1\">T\u00e9l\u00e9charger des fichiers contenant des logiciels ou d\u2019autres \u00e9l\u00e9ments prot\u00e9g\u00e9s par les lois sur la propri\u00e9t\u00e9 intellectuelle (ou par le droit \u00e0 la vie priv\u00e9e ou \u00e0 la publicit\u00e9), \u00e0 moins que l\u2019Utilisateur ne poss\u00e8de ou ne contr\u00f4le les droits correspondants ou qu\u2019il ait re\u00e7u toutes les autorisations n\u00e9cessaires.<\/li><li aria-level=\"1\">T\u00e9l\u00e9charger des fichiers contenant des virus, des fichiers corrompus ou tout autre logiciel ou programme similaire susceptible d\u2019endommager le fonctionnement de l\u2019ordinateur d\u2019autrui.<\/li><li aria-level=\"1\">Supprimer toute attribution d\u2019auteur, mentions l\u00e9gales ou d\u00e9signations ou \u00e9tiquettes de propri\u00e9t\u00e9 de tout fichier t\u00e9l\u00e9charg\u00e9.<\/li><li aria-level=\"1\">Falsifier l\u2019origine ou la source d\u2019un logiciel ou d\u2019un autre mat\u00e9riel contenu dans un fichier t\u00e9l\u00e9charg\u00e9.<\/li><li aria-level=\"1\">Annoncer ou proposer de vendre des biens ou des services, ou participer \u00e0 des sondages, \u00e0 des concours, \u00e0 des lettres en cha\u00eene ou \u00e0 toute autre fin commerciale.<\/li><li aria-level=\"1\">T\u00e9l\u00e9charger tout fichier connu de l\u2019Utilisateur<\/li><\/ul><h4>\u00a0<\/h4><p>L\u2019Utilisateur accepte d\u2019utiliser ce site Web uniquement dans les limites autoris\u00e9es par le pr\u00e9sent Accord, les politiques ou proc\u00e9dures suppl\u00e9mentaires publi\u00e9es de temps \u00e0 autre sur ce site Web par Bergstrom et la loi applicable. Bergstrom se r\u00e9serve le droit de supprimer sans pr\u00e9avis tout contenu de ce site Web re\u00e7u de la part d\u2019Utilisateurs, y compris, mais sans s\u2019y limiter, les messages affich\u00e9s sur le tableau d\u2019affichage. Bergstrom se r\u00e9serve le droit de refuser, \u00e0 sa seule discr\u00e9tion, \u00e0 tout utilisateur l\u2019acc\u00e8s \u00e0 ce site Web ou \u00e0 toute partie de celui-ci, sans pr\u00e9avis. Bergstrom se r\u00e9serve le droit d\u2019\u00e9diter tout avis ou publication pour en am\u00e9liorer la clart\u00e9 et la longueur. L\u2019Utilisateur reconna\u00eet que les forums h\u00e9berg\u00e9s par ce site Web sont des communications publiques et non priv\u00e9es. En outre, l\u2019Utilisateur reconna\u00eet que les chats, les messages, les conf\u00e9rences et autres communications d\u2019autres utilisateurs ne sont pas approuv\u00e9s par Bergstrom et que ces communications ne sont pas consid\u00e9r\u00e9es comme examin\u00e9es, filtr\u00e9es ou approuv\u00e9es par Bergstrom.<\/p><h4>\u00a0<\/h4><p><b>Contact de service<\/b><\/p><p>Si vous souhaitez nous contacter au sujet de ce site Web, veuillez utiliser les informations ci-dessous pour contacter le service client\u00e8le.<\/p><ul><li aria-level=\"1\">Courriel :\u00a0<a href=\"mailto:marketing@bergstrominc.com\">marketing@bergstrominc.com<\/a><\/li><li aria-level=\"1\">Adresse : Bergstrom Inc.<\/li><li aria-level=\"1\">Attention :\u00a0 Coordinateur de Marketing, 2390 Blackhawk Rd., P.O. Box 1007 Rockford, IL 61125, \u00c9tats-Unis.<\/li><\/ul><p><b>G\u00e9n\u00e9ral<\/b><\/p><p>Bergstrom se r\u00e9serve le droit d\u2019apporter toutes les modifications \u00e0 ce site web \u00e0 sa seule discr\u00e9tion, sans notification pr\u00e9alable \u00e0 l\u2019Utilisateur. Bergstrom se r\u00e9serve le droit de refuser l\u2019acc\u00e8s \u00e0 ce site web \u00e0 quiconque et \u00e0 tout moment. Le pr\u00e9sent contrat est r\u00e9put\u00e9 inclure tous les autres avis, politiques, clauses de non-responsabilit\u00e9 et autres conditions contenus dans ce site web ; toutefois, en cas de conflit entre ces autres conditions et les conditions du pr\u00e9sent contrat, ce sont les conditions du pr\u00e9sent contrat qui pr\u00e9valent.<\/p><p>Le pr\u00e9sent accord est r\u00e9gi par les lois de l\u2019\u00c9tat de l\u2019Illinois, \u00c9tats-Unis, sans r\u00e9f\u00e9rence aux dispositions relatives aux conflits de lois. L\u2019Utilisateur accepte la comp\u00e9tence exclusive des tribunaux du comt\u00e9 de Winnebago, Illinois, \u00c9tats-Unis, pour tous les litiges d\u00e9coulant de l\u2019utilisation de ce site web ou s\u2019y rapportant. L\u2019utilisation de ce site web n\u2019est pas autoris\u00e9e dans toute juridiction qui ne donnerait pas effet \u00e0 toutes les dispositions des pr\u00e9sentes conditions g\u00e9n\u00e9rales, y compris, mais sans s\u2019y limiter, le pr\u00e9sent paragraphe.<\/p><p>Tous les droits qui ne sont pas express\u00e9ment accord\u00e9s dans le pr\u00e9sent document sont r\u00e9serv\u00e9s.<\/p>\t\t\t\t\t\t\t\t<\/div>\n\t\t\t\t<\/div>\n\t\t\t\t\t<\/div>\n\t\t\t\t<\/div>\n\t\t\t\t<\/div>\n\t\t","protected":false},"excerpt":{"rendered":"<p>Conditions G\u00e9n\u00e9rales et Mentions L\u00e9gales Accord entre l\u2019Utilisateur et Bergstrom, Inc. (\u00ab\u00a0Bergstrom\u00a0\u00bb) Ce site Web est propos\u00e9 \u00e0 l\u2019Utilisateur sous [&hellip;]<\/p>\n","protected":false},"author":1,"featured_media":0,"parent":0,"menu_order":0,"comment_status":"closed","ping_status":"closed","template":"","meta":{"postBodyCss":"","postBodyMargin":[],"postBodyPadding":[],"postBodyBackground":{"backgroundType":"classic","gradient":""},"site-sidebar-layout":"no-sidebar","site-content-layout":"","ast-site-content-layout":"full-width-container","site-content-style":"default","site-sidebar-style":"default","ast-global-header-display":"","ast-banner-title-visibility":"","ast-main-header-display":"","ast-hfb-above-header-display":"","ast-hfb-below-header-display":"","ast-hfb-mobile-header-display":"","site-post-title":"disabled","ast-breadcrumbs-content":"","ast-featured-img":"disabled","footer-sml-layout":"","ast-disable-related-posts":"","theme-transparent-header-meta":"","adv-header-id-meta":"","stick-header-meta":"","header-above-stick-meta":"","header-main-stick-meta":"","header-below-stick-meta":"","astra-migrate-meta-layouts":"default","ast-page-background-enabled":"default","ast-page-background-meta":{"desktop":{"background-color":"var(--ast-global-color-4)","background-image":"","background-repeat":"repeat","background-position":"center center","background-size":"auto","background-attachment":"scroll","background-type":"","background-media":"","overlay-type":"","overlay-color":"","overlay-opacity":"","overlay-gradient":""},"tablet":{"background-color":"","background-image":"","background-repeat":"repeat","background-position":"center center","background-size":"auto","background-attachment":"scroll","background-type":"","background-media":"","overlay-type":"","overlay-color":"","overlay-opacity":"","overlay-gradient":""},"mobile":{"background-color":"","background-image":"","background-repeat":"repeat","background-position":"center center","background-size":"auto","background-attachment":"scroll","background-type":"","background-media":"","overlay-type":"","overlay-color":"","overlay-opacity":"","overlay-gradient":""}},"ast-content-background-meta":{"desktop":{"background-color":"var(--ast-global-color-5)","background-image":"","background-repeat":"repeat","background-position":"center center","background-size":"auto","background-attachment":"scroll","background-type":"","background-media":"","overlay-type":"","overlay-color":"","overlay-opacity":"","overlay-gradient":""},"tablet":{"background-color":"var(--ast-global-color-5)","background-image":"","background-repeat":"repeat","background-position":"center center","background-size":"auto","background-attachment":"scroll","background-type":"","background-media":"","overlay-type":"","overlay-color":"","overlay-opacity":"","overlay-gradient":""},"mobile":{"background-color":"var(--ast-global-color-5)","background-image":"","background-repeat":"repeat","background-position":"center center","background-size":"auto","background-attachment":"scroll","background-type":"","background-media":"","overlay-type":"","overlay-color":"","overlay-opacity":"","overlay-gradient":""}},"footnotes":""},"class_list":["post-13745","page","type-page","status-publish","hentry"],"_links":{"self":[{"href":"https:\/\/bergstrominc.com\/us\/fr\/wp-json\/wp\/v2\/pages\/13745","targetHints":{"allow":["GET"]}}],"collection":[{"href":"https:\/\/bergstrominc.com\/us\/fr\/wp-json\/wp\/v2\/pages"}],"about":[{"href":"https:\/\/bergstrominc.com\/us\/fr\/wp-json\/wp\/v2\/types\/page"}],"author":[{"embeddable":true,"href":"https:\/\/bergstrominc.com\/us\/fr\/wp-json\/wp\/v2\/users\/1"}],"replies":[{"embeddable":true,"href":"https:\/\/bergstrominc.com\/us\/fr\/wp-json\/wp\/v2\/comments?post=13745"}],"version-history":[{"count":3,"href":"https:\/\/bergstrominc.com\/us\/fr\/wp-json\/wp\/v2\/pages\/13745\/revisions"}],"predecessor-version":[{"id":13749,"href":"https:\/\/bergstrominc.com\/us\/fr\/wp-json\/wp\/v2\/pages\/13745\/revisions\/13749"}],"wp:attachment":[{"href":"https:\/\/bergstrominc.com\/us\/fr\/wp-json\/wp\/v2\/media?parent=13745"}],"curies":[{"name":"wp","href":"https:\/\/api.w.org\/{rel}","templated":true}]}}