{"id":13756,"date":"2025-01-16T11:10:12","date_gmt":"2025-01-16T16:10:12","guid":{"rendered":"https:\/\/dimgrey-goat-433611.hostingersite.com\/us\/warranty-policy-bergstrom-aftermarket-systems-and-parts\/"},"modified":"2025-03-18T07:25:30","modified_gmt":"2025-03-18T11:25:30","slug":"warranty-policy-bergstrom-aftermarket-systems-and-parts","status":"publish","type":"page","link":"https:\/\/bergstrominc.com\/us\/fr\/warranty-policy-bergstrom-aftermarket-systems-and-parts\/","title":{"rendered":"Warranty Policy &#8211; Bergstrom Aftermarket Systems and Parts"},"content":{"rendered":"\t\t<div data-elementor-type=\"wp-page\" data-elementor-id=\"13756\" class=\"elementor elementor-13756 elementor-12228\" data-elementor-post-type=\"page\">\n\t\t\t\t<div class=\"elementor-element elementor-element-ab63199 e-flex e-con-boxed e-con e-parent\" data-id=\"ab63199\" data-element_type=\"container\" data-e-type=\"container\" data-settings=\"{&quot;background_background&quot;:&quot;classic&quot;,&quot;jet_parallax_layout_list&quot;:[]}\">\n\t\t\t\t\t<div class=\"e-con-inner\">\n\t\t<div class=\"elementor-element elementor-element-f907161 e-con-full e-flex e-con e-child\" data-id=\"f907161\" data-element_type=\"container\" data-e-type=\"container\" data-settings=\"{&quot;jet_parallax_layout_list&quot;:[]}\">\n\t\t\t\t<div class=\"elementor-element elementor-element-14abf48 elementor-widget__width-initial elementor-widget elementor-widget-heading\" data-id=\"14abf48\" data-element_type=\"widget\" data-e-type=\"widget\" data-widget_type=\"heading.default\">\n\t\t\t\t<div class=\"elementor-widget-container\">\n\t\t\t\t\t<h1 class=\"elementor-heading-title elementor-size-default\">Politique de garantie \u2013 Syst\u00e8mes et pi\u00e8ces de rechange Bergstrom<\/h1>\t\t\t\t<\/div>\n\t\t\t\t<\/div>\n\t\t\t\t<\/div>\n\t\t\t\t\t<\/div>\n\t\t\t\t<\/div>\n\t\t<div class=\"elementor-element elementor-element-9ff596b e-flex e-con-boxed e-con e-parent\" data-id=\"9ff596b\" data-element_type=\"container\" data-e-type=\"container\" data-settings=\"{&quot;background_background&quot;:&quot;classic&quot;,&quot;jet_parallax_layout_list&quot;:[]}\">\n\t\t\t\t\t<div class=\"e-con-inner\">\n\t\t\t\t<div class=\"elementor-element elementor-element-060a8e9 elementor-widget elementor-widget-text-editor\" data-id=\"060a8e9\" data-element_type=\"widget\" data-e-type=\"widget\" data-widget_type=\"text-editor.default\">\n\t\t\t\t<div class=\"elementor-widget-container\">\n\t\t\t\t\t\t\t\t\t<p><b>La garantie de Bergstrom Inc. pour les syst\u00e8mes et pi\u00e8ces de rechange du march\u00e9 secondaire est d\u00e9finie ci-dessous.<\/b><\/p><p><span style=\"font-weight: 400;\">Dans le cas o\u00f9 un syst\u00e8me ou une pi\u00e8ce pr\u00e9sente un d\u00e9faut de qualit\u00e9 avant l&rsquo;installation ou la mise en service, veuillez contacter votre repr\u00e9sentant du service client\u00e8le Bergstrom pour obtenir une autorisation de retour de marchandise (RGA) et des instructions pour retourner la pi\u00e8ce d\u00e9fectueuse.<\/span><\/p><p><b>D\u00e9finition des Produits<\/b><\/p><p><span style=\"font-weight: 400;\">Les syst\u00e8mes du march\u00e9 secondaire incluent, mais ne se limitent pas aux unit\u00e9s et pi\u00e8ces sous la marque Bergstrom. Aux fins de cette politique de garantie, le terme \u00ab\u00a0syst\u00e8mes du march\u00e9 secondaire\u00a0\u00bb ou \u00ab\u00a0pi\u00e8ces du march\u00e9 secondaire\u00a0\u00bb d\u00e9signe toutes les unit\u00e9s et pi\u00e8ces vendues par Bergstrom au client.<\/span><\/p><p><b>Garantie des Produits<\/b><\/p><p><span style=\"font-weight: 400;\">Sous r\u00e9serve de l&rsquo;Article 3, Bergstrom garantit que pendant la p\u00e9riode de garantie sp\u00e9cifi\u00e9e ci-dessous, les unit\u00e9s ou pi\u00e8ces vendues par Bergstrom au client :<\/span><\/p><ul><li style=\"font-weight: 400;\" aria-level=\"1\"><span style=\"font-weight: 400;\">seront exemptes de d\u00e9fauts de conception, de mat\u00e9riaux et de fabrication ;<\/span><\/li><li style=\"font-weight: 400;\" aria-level=\"1\"><span style=\"font-weight: 400;\">seront exemptes de charges ou d&rsquo;hypoth\u00e8ques.<\/span><\/li><\/ul><p><span style=\"font-weight: 400;\">La p\u00e9riode de garantie (\u00ab\u00a0P\u00e9riode de Garantie\u00a0\u00bb) est d\u00e9finie dans le tableau A ci-dessous et commencera \u00e0 compter de la date d&rsquo;installation d&rsquo;origine :<\/span><\/p><p><b>Tableau A<\/b><\/p><table><thead><tr><th><p><b>Type de produit<\/b><\/p><\/th><th><p><b>Dur\u00e9e de la garantie<\/b><\/p><\/th><\/tr><\/thead><tbody><tr><td><p><span style=\"font-weight: 400;\">V\u00e9hicules sur route<\/span><\/p><\/td><td><p><span style=\"font-weight: 400;\">1 an \/ 100 000 miles<\/span><\/p><\/td><\/tr><tr><td><p><span style=\"font-weight: 400;\">V\u00e9hicules hors route<\/span><\/p><\/td><td><p><span style=\"font-weight: 400;\">1 an \/ 1 500 heures<\/span><\/p><\/td><\/tr><\/tbody><\/table><p><span style=\"font-weight: 400;\">Toute r\u00e9paration ou remplacement des unit\u00e9s ou pi\u00e8ces conform\u00e9ment \u00e0 la garantie de Bergstrom n&rsquo;\u00e9tendra pas la p\u00e9riode de garantie.<\/span><\/p><p><span style=\"font-weight: 400;\">La garantie est la propri\u00e9t\u00e9 exclusive du propri\u00e9taire-utilisateur-consommateur d&rsquo;origine et n&rsquo;est pas transf\u00e9rable. Un transfert de propri\u00e9t\u00e9 annule toute garantie restante.<\/span><\/p><p><span style=\"font-weight: 400;\">Pour certains produits, toute garantie est nulle et non avenue, sauf si l&rsquo;enregistrement de la garantie est effectu\u00e9 en ligne (<\/span><a href=\"https:\/\/warranty.bergstrominc.com\"><span style=\"font-weight: 400;\">https:\/\/warranty.bergstrominc.com<\/span><\/a><span style=\"font-weight: 400;\">) dans les trente (30) jours suivant la date d&rsquo;installation.<\/span><\/p><p><b>EXCLUSION DE GARANTIE POUR LES PI\u00c8CES COUVERTES ET EXCLUSIONS DE GARANTIE<\/b><\/p><p><span style=\"font-weight: 400;\">LA GARANTIE LIMIT\u00c9E EXPLICITE \u00c9NONC\u00c9E \u00c0 L&rsquo;ARTICLE 2 REMPLACE TOUTES LES AUTRES GARANTIES, EXPRESSES OU IMPLICITES, ORALES OU \u00c9CRITES, ET IL N&rsquo;Y A AUCUNE GARANTIE IMPLICITE DE QUALIT\u00c9 MARCHANDE, DE COMPATIBILIT\u00c9 POUR UN USAGE PARTICULIER, OU TOUTE AUTRE GARANTIE POUR LES PI\u00c8CES, SAUF CE QUI EST EXPLICITEMENT INDIQU\u00c9 DANS CE CONTRAT DE GARANTIE.<\/span><\/p><p><span style=\"font-weight: 400;\">L&rsquo;expression de la garantie limit\u00e9e \u00e9nonc\u00e9e \u00e0 l&rsquo;Article 2 ne s&rsquo;appliquera pas \u00e0 :<\/span><\/p><ol><li style=\"font-weight: 400;\" aria-level=\"1\"><span style=\"font-weight: 400;\">Toute pi\u00e8ce qui a \u00e9t\u00e9 insuffisamment entretenue ou pr\u00e9serv\u00e9e, soumise \u00e0 une contamination, \u00e0 une manipulation, installation, assemblage, sabotage, d\u00e9sassemblage non autoris\u00e9, mauvaise utilisation ou abus ;<\/span><\/li><li style=\"font-weight: 400;\" aria-level=\"1\"><span style=\"font-weight: 400;\">Toute pi\u00e8ce soumise \u00e0 un manque d&rsquo;entretien ou de service appropri\u00e9 par le client final ;<\/span><\/li><li style=\"font-weight: 400;\" aria-level=\"1\"><span style=\"font-weight: 400;\">Tout d\u00e9faut de pi\u00e8ce caus\u00e9, en tout ou en partie, par un composant de remplacement ou un composant du march\u00e9 secondaire non con\u00e7u, fabriqu\u00e9 ou approuv\u00e9 par Bergstrom ;<\/span><\/li><li style=\"font-weight: 400;\" aria-level=\"1\"><span style=\"font-weight: 400;\">L&rsquo;usure normale de toute pi\u00e8ce ou article de maintenance normal, ou de pi\u00e8ces ou composants consommables, y compris, mais sans s&rsquo;y limiter, les courroies, tuyaux, joints de vilebrequin, joints, roulements d&#8217;embrayage et de compresseur, vannes, r\u00e9cepteurs, d\u00e9shydrateurs, produits chimiques, huiles, ampoules et filtres ;<\/span><\/li><li style=\"font-weight: 400;\" aria-level=\"1\"><span style=\"font-weight: 400;\">Toute pi\u00e8ce install\u00e9e contrairement aux pratiques d&rsquo;installation recommand\u00e9es ou utilis\u00e9e en combinaison avec des composants non Bergstrom, de sorte qu&rsquo;il en r\u00e9sulte un mauvais fonctionnement, selon le jugement de Bergstrom ;<\/span><\/li><li style=\"font-weight: 400;\" aria-level=\"1\"><span style=\"font-weight: 400;\">Tous les autres composants de v\u00e9hicule exclus de cette garantie, y compris, mais sans s&rsquo;y limiter, les composants standard du chauffage, de la ventilation et de la climatisation (HVAC) des v\u00e9hicules, les batteries*, les chauffages \u00e0 carburant optionnels**, les chauffages de bloc optionnels**, les onduleurs ou les combin\u00e9s onduleur\/chargeur optionnels***.<\/span><\/li><\/ol><ul><li style=\"font-weight: 400;\" aria-level=\"1\"><span style=\"font-weight: 400;\">Les batteries Trojan sont garanties par le fabricant. Pour plus d&rsquo;informations sur la garantie, appelez le 800.423.6569.<\/span><span style=\"font-weight: 400;\"><br \/><\/span><span style=\"font-weight: 400;\">** Les chauffages Ebersp\u00e4cher sont garantis par le fabricant. Pour plus d&rsquo;informations sur la garantie, appelez le 800.387.4800.<\/span><span style=\"font-weight: 400;\"><br \/><\/span><span style=\"font-weight: 400;\">*** Les onduleurs et\/ou chargeurs Tundra sont garantis par le fabricant. Pour plus d&rsquo;informations sur la garantie, appelez le 877.964.2582.<\/span><\/li><\/ul><p><b>LIMITATION DE RESPONSABILIT\u00c9 POUR LES PRODUITS COUVERTS<\/b><\/p><p><span style=\"font-weight: 400;\">4.1. EN AUCUN CAS BERGSTROM NE SERA RESPONSABLE DES DOMMAGES INDIRECTS, ACCESSOIRES, CONS\u00c9CUTIFS OU SP\u00c9CIAUX, NI DES PERTES DE PROFITS R\u00c9SULTANT DE D\u00c9FAUTS OU DE NON-CONFORMIT\u00c9S DANS TOUTE PI\u00c8CE OU DE TOUT VIOLATION DE CE CONTRAT DE GARANTIE, Y COMPRIS, MAIS SANS S&rsquo;Y LIMITER, LES CO\u00dbTS DE REMORQUAGE, L&rsquo;EXP\u00c9DITION DE LA PI\u00c8CE DE REMPLACEMENT, LES FRAIS DE LOCATION, LES PERTES DE TEMPS D&rsquo;ARR\u00caT OU LES FRAIS ASSOCI\u00c9S AUX PERTES DE TEMPS D&rsquo;ARR\u00caT DE LA PI\u00c8CE OU DU V\u00c9HICULE DANS LEQUEL ELLE EST INCORPOR\u00c9E, LES DOMMAGES AUX V\u00c9HICULES OU \u00c0 LEURS CONTENUS OU CHARGES, OU LES DOMMAGES LI\u00c9S AU RETRAIT DES PI\u00c8CES OU \u00c0 L&rsquo;INSTALLATION DE LA PI\u00c8CE R\u00c9PAR\u00c9E OU REMPLAC\u00c9E, QUELLE QUE SOIT LA FORME DE L&rsquo;ACTION (CONTRAT, D\u00c9LIT, OU AUTRE), M\u00caME SI LE CLIENT A AVERTI BERGSTROM DE LA POSSIBILIT\u00c9 DE TELS DOMMAGES.<\/span><\/p><p><b>Remboursement des r\u00e9clamations de garantie<\/b><\/p><ol><li style=\"font-weight: 400;\" aria-level=\"1\"><span style=\"font-weight: 400;\">Sous r\u00e9serve des termes de la garantie \u00e9nonc\u00e9s dans ce Contrat de Garantie, et en tant que seul et exclusif recours du Client en cas de violation de la garantie concernant les pi\u00e8ces, Bergstrom remboursera au Client les co\u00fbts des r\u00e9clamations de garantie o\u00f9 Bergstrom d\u00e9termine qu&rsquo;ils sont de sa responsabilit\u00e9, comme suit :<\/span><ol><li style=\"font-weight: 400;\" aria-level=\"2\"><span style=\"font-weight: 400;\">Co\u00fbts des mat\u00e9riaux au prix de vente par Bergstrom au Client ;<\/span><\/li><li style=\"font-weight: 400;\" aria-level=\"2\"><span style=\"font-weight: 400;\">Co\u00fbts de main-d&rsquo;\u0153uvre au tarif de main-d&rsquo;\u0153uvre approuv\u00e9 du centre de service multipli\u00e9 par le Temps Standard de R\u00e9paration (TSR) publi\u00e9 par Bergstrom ;<\/span><\/li><li style=\"font-weight: 400;\" aria-level=\"2\"><span style=\"font-weight: 400;\">Pour les pi\u00e8ces de service, le remboursement de la garantie sera limit\u00e9 au prix d&rsquo;achat pay\u00e9 par le Client \u00e0 Bergstrom pour les pi\u00e8ces d\u00e9fectueuses ou non conformes.<\/span><\/li><\/ol><\/li><li style=\"font-weight: 400;\" aria-level=\"1\"><span style=\"font-weight: 400;\">Pour chaque r\u00e9clamation de garantie et demande de remboursement, un num\u00e9ro de r\u00e9clamation distinct et un formulaire \u00ab\u00a0Demande de Garantie\u00a0\u00bb doivent \u00eatre \u00e9mis pour chaque v\u00e9hicule r\u00e9par\u00e9. Les r\u00e9clamations de garantie doivent \u00eatre soumises sur le portail de garantie de Bergstrom (<\/span><a href=\"https:\/\/warranty.bergstrominc.com\"><span style=\"font-weight: 400;\">https:\/\/warranty.bergstrominc.com<\/span><\/a><span style=\"font-weight: 400;\">) et le Client devra retourner automatiquement les pi\u00e8ces d\u00e9fectueuses \u00e0 Bergstrom dans les trente (30) jours suivant la r\u00e9paration. Les frais de retour seront pr\u00e9pay\u00e9s par le client et rembours\u00e9s uniquement si la r\u00e9clamation est approuv\u00e9e par Bergstrom.<\/span><\/li><li style=\"font-weight: 400;\" aria-level=\"1\"><span style=\"font-weight: 400;\">Bergstrom s&rsquo;engage \u00e0 r\u00e9pondre \u00e0 toutes les r\u00e9clamations de garantie dans les trente (30) jours suivant la date \u00e0 laquelle (a) cette r\u00e9clamation est pr\u00e9sent\u00e9e ou (b) les pi\u00e8ces d\u00e9fectueuses sont retourn\u00e9es \u00e0 Bergstrom, selon la date la plus tardive.<\/span><\/li><li style=\"font-weight: 400;\" aria-level=\"1\"><span style=\"font-weight: 400;\">Le remboursement des r\u00e9clamations de garantie par Bergstrom doit \u00eatre effectu\u00e9 dans les trente (30) jours suivant la d\u00e9termination finale de la responsabilit\u00e9.<\/span><\/li><li style=\"font-weight: 400;\" aria-level=\"1\"><span style=\"font-weight: 400;\">Le recours en garantie et en remboursement stipul\u00e9 dans le pr\u00e9sent document est express\u00e9ment conditionn\u00e9 \u00e0 :<\/span><\/li><li style=\"font-weight: 400;\" aria-level=\"1\"><span style=\"font-weight: 400;\">Le paiement int\u00e9gral du prix d&rsquo;achat des pi\u00e8ces ;<\/span><\/li><li style=\"font-weight: 400;\" aria-level=\"1\"><span style=\"font-weight: 400;\">Le Client doit fournir \u00e0 Bergstrom un avis \u00e9crit du d\u00e9faut ou de la non-conformit\u00e9 dans les 60 jours suivant la d\u00e9couverte du d\u00e9faut ou de la non-conformit\u00e9 ;<\/span><\/li><li style=\"font-weight: 400;\" aria-level=\"1\"><span style=\"font-weight: 400;\">Le stockage, l&rsquo;installation, l&rsquo;assemblage, l&rsquo;exploitation, l&rsquo;utilisation et l&rsquo;entretien des pi\u00e8ces conform\u00e9ment aux instructions \u00e9crites de Bergstrom ;<\/span><\/li><li style=\"font-weight: 400;\" aria-level=\"1\"><span style=\"font-weight: 400;\">La pr\u00e9sence du num\u00e9ro de s\u00e9rie ou du d\u00e9calcomanie de la date de garantie sur les pi\u00e8ces, sans alt\u00e9ration et dans leur \u00e9tat d&rsquo;origine ;<\/span><\/li><li style=\"font-weight: 400;\" aria-level=\"1\"><span style=\"font-weight: 400;\">Le retour de toute pi\u00e8ce \u00e0 Bergstrom.<\/span><\/li><\/ol><p><b>Dur\u00e9e et applicabilit\u00e9 de la politique de garantie<\/b><\/p><ol><li style=\"font-weight: 400;\" aria-level=\"1\"><span style=\"font-weight: 400;\">Les dispositions relatives aux garanties, recours et responsabilit\u00e9s concernant les pi\u00e8ces vendues par Bergstrom au Client dans le cadre de cette politique de garantie ne peuvent \u00eatre modifi\u00e9es, modifi\u00e9es ou compl\u00e9t\u00e9es de quelque mani\u00e8re que ce soit.<\/span><\/li><li style=\"font-weight: 400;\" aria-level=\"1\"><span style=\"font-weight: 400;\">Les Parties conviennent en outre que cette politique de garantie constitue l&rsquo;int\u00e9gralit\u00e9 de l&rsquo;accord et de la compr\u00e9hension des Parties concernant le sujet relatif \u00e0 la garantie mentionn\u00e9 dans ce document. Il n&rsquo;existe aucune promesse, condition, terme ou obligation, orale ou \u00e9crite, exprim\u00e9e ou implicite, concernant un tel sujet, autre que ceux contenus dans cette politique de garantie, et aucune des Parties ne pourra se fier \u00e0 un accord, une compr\u00e9hension ou un arrangement concernant les garanties des pi\u00e8ces vendues par Bergstrom au Client qui ne soient pas express\u00e9ment identifi\u00e9s ici.<\/span><\/li><\/ol><p><b>Droit applicable<\/b><\/p><ol><li style=\"font-weight: 400;\" aria-level=\"1\"><span style=\"font-weight: 400;\">Le pr\u00e9sent Contrat de Garantie sera r\u00e9gi et interpr\u00e9t\u00e9 conform\u00e9ment aux lois de l&rsquo;\u00c9tat de l&rsquo;Illinois. Si une disposition de limitation de responsabilit\u00e9 ou d&rsquo;indemnisation est jug\u00e9e ill\u00e9gale, invalide ou inapplicable par un tribunal comp\u00e9tent, la l\u00e9galit\u00e9, la validit\u00e9 et l&rsquo;applicabilit\u00e9 des autres dispositions ne seront pas affect\u00e9es ou alt\u00e9r\u00e9es.<\/span><\/li><\/ol>\t\t\t\t\t\t\t\t<\/div>\n\t\t\t\t<\/div>\n\t\t\t\t\t<\/div>\n\t\t\t\t<\/div>\n\t\t\t\t<\/div>\n\t\t","protected":false},"excerpt":{"rendered":"<p>Politique de garantie \u2013 Syst\u00e8mes et pi\u00e8ces de rechange Bergstrom La garantie de Bergstrom Inc. pour les syst\u00e8mes et pi\u00e8ces [&hellip;]<\/p>\n","protected":false},"author":4,"featured_media":0,"parent":0,"menu_order":0,"comment_status":"closed","ping_status":"closed","template":"","meta":{"postBodyCss":"","postBodyMargin":[],"postBodyPadding":[],"postBodyBackground":{"backgroundType":"classic","gradient":""},"site-sidebar-layout":"no-sidebar","site-content-layout":"","ast-site-content-layout":"full-width-container","site-content-style":"default","site-sidebar-style":"default","ast-global-header-display":"","ast-banner-title-visibility":"","ast-main-header-display":"","ast-hfb-above-header-display":"","ast-hfb-below-header-display":"","ast-hfb-mobile-header-display":"","site-post-title":"disabled","ast-breadcrumbs-content":"","ast-featured-img":"disabled","footer-sml-layout":"","ast-disable-related-posts":"","theme-transparent-header-meta":"","adv-header-id-meta":"","stick-header-meta":"","header-above-stick-meta":"","header-main-stick-meta":"","header-below-stick-meta":"","astra-migrate-meta-layouts":"default","ast-page-background-enabled":"default","ast-page-background-meta":{"desktop":{"background-color":"var(--ast-global-color-4)","background-image":"","background-repeat":"repeat","background-position":"center center","background-size":"auto","background-attachment":"scroll","background-type":"","background-media":"","overlay-type":"","overlay-color":"","overlay-opacity":"","overlay-gradient":""},"tablet":{"background-color":"","background-image":"","background-repeat":"repeat","background-position":"center center","background-size":"auto","background-attachment":"scroll","background-type":"","background-media":"","overlay-type":"","overlay-color":"","overlay-opacity":"","overlay-gradient":""},"mobile":{"background-color":"","background-image":"","background-repeat":"repeat","background-position":"center center","background-size":"auto","background-attachment":"scroll","background-type":"","background-media":"","overlay-type":"","overlay-color":"","overlay-opacity":"","overlay-gradient":""}},"ast-content-background-meta":{"desktop":{"background-color":"var(--ast-global-color-5)","background-image":"","background-repeat":"repeat","background-position":"center center","background-size":"auto","background-attachment":"scroll","background-type":"","background-media":"","overlay-type":"","overlay-color":"","overlay-opacity":"","overlay-gradient":""},"tablet":{"background-color":"var(--ast-global-color-5)","background-image":"","background-repeat":"repeat","background-position":"center center","background-size":"auto","background-attachment":"scroll","background-type":"","background-media":"","overlay-type":"","overlay-color":"","overlay-opacity":"","overlay-gradient":""},"mobile":{"background-color":"var(--ast-global-color-5)","background-image":"","background-repeat":"repeat","background-position":"center center","background-size":"auto","background-attachment":"scroll","background-type":"","background-media":"","overlay-type":"","overlay-color":"","overlay-opacity":"","overlay-gradient":""}},"footnotes":""},"class_list":["post-13756","page","type-page","status-publish","hentry"],"_links":{"self":[{"href":"https:\/\/bergstrominc.com\/us\/fr\/wp-json\/wp\/v2\/pages\/13756","targetHints":{"allow":["GET"]}}],"collection":[{"href":"https:\/\/bergstrominc.com\/us\/fr\/wp-json\/wp\/v2\/pages"}],"about":[{"href":"https:\/\/bergstrominc.com\/us\/fr\/wp-json\/wp\/v2\/types\/page"}],"author":[{"embeddable":true,"href":"https:\/\/bergstrominc.com\/us\/fr\/wp-json\/wp\/v2\/users\/4"}],"replies":[{"embeddable":true,"href":"https:\/\/bergstrominc.com\/us\/fr\/wp-json\/wp\/v2\/comments?post=13756"}],"version-history":[{"count":6,"href":"https:\/\/bergstrominc.com\/us\/fr\/wp-json\/wp\/v2\/pages\/13756\/revisions"}],"predecessor-version":[{"id":13787,"href":"https:\/\/bergstrominc.com\/us\/fr\/wp-json\/wp\/v2\/pages\/13756\/revisions\/13787"}],"wp:attachment":[{"href":"https:\/\/bergstrominc.com\/us\/fr\/wp-json\/wp\/v2\/media?parent=13756"}],"curies":[{"name":"wp","href":"https:\/\/api.w.org\/{rel}","templated":true}]}}