{"id":13760,"date":"2024-07-15T12:37:36","date_gmt":"2024-07-15T16:37:36","guid":{"rendered":"https:\/\/dimgrey-goat-433611.hostingersite.com\/us\/warranty-policy-electrified-systems-and-parts\/"},"modified":"2025-03-18T07:25:43","modified_gmt":"2025-03-18T11:25:43","slug":"warranty-policy-electrified-systems-and-parts","status":"publish","type":"page","link":"https:\/\/bergstrominc.com\/us\/fr\/warranty-policy-electrified-systems-and-parts\/","title":{"rendered":"Warranty Policy &#8211; Bergstrom Electrified Systems and Parts"},"content":{"rendered":"\t\t<div data-elementor-type=\"wp-page\" data-elementor-id=\"13760\" class=\"elementor elementor-13760 elementor-9516\" data-elementor-post-type=\"page\">\n\t\t\t\t<div class=\"elementor-element elementor-element-49a394be e-flex e-con-boxed e-con e-parent\" data-id=\"49a394be\" data-element_type=\"container\" data-e-type=\"container\" data-settings=\"{&quot;background_background&quot;:&quot;classic&quot;,&quot;jet_parallax_layout_list&quot;:[]}\">\n\t\t\t\t\t<div class=\"e-con-inner\">\n\t\t<div class=\"elementor-element elementor-element-5eb25a2e e-con-full e-flex e-con e-child\" data-id=\"5eb25a2e\" data-element_type=\"container\" data-e-type=\"container\" data-settings=\"{&quot;jet_parallax_layout_list&quot;:[]}\">\n\t\t\t\t<div class=\"elementor-element elementor-element-a307cc elementor-widget__width-initial elementor-widget elementor-widget-heading\" data-id=\"a307cc\" data-element_type=\"widget\" data-e-type=\"widget\" data-widget_type=\"heading.default\">\n\t\t\t\t<div class=\"elementor-widget-container\">\n\t\t\t\t\t<h1 class=\"elementor-heading-title elementor-size-default\">Politique de garantie \u2013 Syst\u00e8mes et pi\u00e8ces \u00e9lectrifi\u00e9s Bergstrom<\/h1>\t\t\t\t<\/div>\n\t\t\t\t<\/div>\n\t\t\t\t<\/div>\n\t\t\t\t\t<\/div>\n\t\t\t\t<\/div>\n\t\t<div class=\"elementor-element elementor-element-38e0bf60 e-flex e-con-boxed e-con e-parent\" data-id=\"38e0bf60\" data-element_type=\"container\" data-e-type=\"container\" data-settings=\"{&quot;background_background&quot;:&quot;classic&quot;,&quot;jet_parallax_layout_list&quot;:[]}\">\n\t\t\t\t\t<div class=\"e-con-inner\">\n\t\t\t\t<div class=\"elementor-element elementor-element-2da5bf5b elementor-widget elementor-widget-text-editor\" data-id=\"2da5bf5b\" data-element_type=\"widget\" data-e-type=\"widget\" data-widget_type=\"text-editor.default\">\n\t\t\t\t<div class=\"elementor-widget-container\">\n\t\t\t\t\t\t\t\t\t<p><span style=\"font-weight: 400;\">La garantie de Bergstrom Inc. pour les syst\u00e8mes et pi\u00e8ces \u00e9lectrifi\u00e9s Bergstrom est d\u00e9finie ci-dessous.<\/span><span style=\"font-weight: 400;\"><br \/><\/span><span style=\"font-weight: 400;\">Dans le cas o\u00f9 un syst\u00e8me ou une pi\u00e8ce pr\u00e9sente un d\u00e9faut de qualit\u00e9 avant l&rsquo;installation ou la date de mise en service, veuillez contacter votre repr\u00e9sentant du service client Bergstrom pour obtenir une autorisation de retour de marchandises (RGA) et des instructions pour retourner la pi\u00e8ce d\u00e9fectueuse.<\/span><\/p><ol><li style=\"font-weight: 400;\" aria-level=\"1\"><span style=\"font-weight: 400;\">D\u00e9finition des Produits<\/span><\/li><\/ol><p><span style=\"font-weight: 400;\">1.1 Les syst\u00e8mes \u00e9lectrifi\u00e9s Bergstrom (BES) comprennent, mais sans s&rsquo;y limiter, les unit\u00e9s et les pi\u00e8ces sous l&rsquo;\u00e9tiquette Bergstrom. Aux fins de cette politique de garantie, le terme \u00ab\u00a0syst\u00e8mes \u00e9lectrifi\u00e9s\u00a0\u00bb ou \u00ab\u00a0pi\u00e8ces \u00e9lectrifi\u00e9es\u00a0\u00bb d\u00e9signe toutes les unit\u00e9s et pi\u00e8ces vendues par Bergstrom au Client.<\/span><\/p><ol><li style=\"font-weight: 400;\" aria-level=\"1\"><span style=\"font-weight: 400;\">Garantie du Produit<\/span><\/li><\/ol><p><span style=\"font-weight: 400;\">2.1 Sous r\u00e9serve de la Section 3, Bergstrom garantit que pendant la p\u00e9riode de garantie sp\u00e9cifi\u00e9e ci-dessous, les unit\u00e9s ou pi\u00e8ces vendues par Bergstrom au Client seront :<\/span><span style=\"font-weight: 400;\"><br \/><\/span><span style=\"font-weight: 400;\">\u2003\u20032.1.1 exemptes de d\u00e9fauts de conception, de mat\u00e9riaux et de fabrication ; et<\/span><span style=\"font-weight: 400;\"><br \/><\/span><span style=\"font-weight: 400;\">\u2003\u20032.1.2 exemptes de privil\u00e8ges ou de charges.<\/span><\/p><p><span style=\"font-weight: 400;\">2.2 La p\u00e9riode de garantie (\u00ab P\u00e9riode de Garantie \u00bb) est d\u00e9finie dans le tableau A ci-dessous et commence \u00e0 partir de la date d&rsquo;installation initiale :<\/span><span style=\"font-weight: 400;\"><br \/><\/span><span style=\"font-weight: 400;\">Tableau A<\/span><\/p><table><thead><tr><th><p><b>Syst\u00e8mes \u00e9lectrifi\u00e9s et pi\u00e8ces \u00e9lectrifi\u00e9es<\/b><\/p><\/th><th><p><b>Dur\u00e9e de la garantie<\/b><\/p><\/th><\/tr><\/thead><tbody><tr><td><p><span style=\"font-weight: 400;\">OEM<\/span><\/p><\/td><td><p><span style=\"font-weight: 400;\">1 an<\/span><\/p><\/td><\/tr><tr><td><p><span style=\"font-weight: 400;\">Pi\u00e8ces de service<\/span><\/p><\/td><td><p><span style=\"font-weight: 400;\">1 an<\/span><\/p><\/td><\/tr><\/tbody><\/table><p><span style=\"font-weight: 400;\">2.3 Toute r\u00e9paration ou remplacement de l&rsquo;unit\u00e9 ou de la pi\u00e8ce dans le cadre de la garantie de Bergstrom ne prolongera pas la p\u00e9riode de garantie.<\/span><span style=\"font-weight: 400;\"><br \/><\/span><span style=\"font-weight: 400;\">2.4 La garantie est la propri\u00e9t\u00e9 exclusive du propri\u00e9taire\/utilisateur\/consommateur initial et n&rsquo;est pas transf\u00e9rable. Un transfert de propri\u00e9t\u00e9 entra\u00eenera la r\u00e9siliation\/de la nullit\u00e9 de toute garantie restante.<\/span><span style=\"font-weight: 400;\"><br \/><\/span><span style=\"font-weight: 400;\">2.5 Pour certains produits, toute garantie est annul\u00e9e, sauf si l&rsquo;enregistrement de la garantie est compl\u00e9t\u00e9 en ligne (<\/span><a href=\"https:\/\/warranty.bergstrominc.com\"><span style=\"font-weight: 400;\">https:\/\/warranty.bergstrominc.com<\/span><\/a><span style=\"font-weight: 400;\">) dans les trente (30) jours suivant la date d&rsquo;installation.<\/span><\/p><ol><li style=\"font-weight: 400;\" aria-level=\"1\"><span style=\"font-weight: 400;\">AVIS DE NON-RESPONSABILIT\u00c9 DE GARANTIE POUR LES PI\u00c8CES COUVERTES ET EXCLUSIONS DE GARANTIE<\/span><\/li><\/ol><p><span style=\"font-weight: 400;\">3.1 LA GARANTIE LIMIT\u00c9E EXPLICITE D\u00c9FINIE DANS LA SECTION 2 REMPLACE TOUTES LES AUTRES GARANTIES, EXPRESSES OU IMPLICITES, ORALES OU \u00c9CRITES, ET AUCUNE GARANTIE IMPLICITE DE QUALIT\u00c9 MARCHANDE, GARANTIE IMPLICITE D&rsquo;ADAPTATION \u00c0 UN OBJECTIF PARTICULIER, OU TOUTE AUTRE GARANTIE POUR LES PI\u00c8CES, \u00c0 L&rsquo;EXCEPTION DE CELLES EXPLICITEMENT INDIQU\u00c9ES DANS CET ACCORD DE GARANTIE.<\/span><span style=\"font-weight: 400;\"><br \/><\/span><span style=\"font-weight: 400;\">3.2 La garantie limit\u00e9e explicite d\u00e9finie dans la Section 2 ne s&rsquo;\u00e9tendra pas ou ne s&rsquo;appliquera pas \u00e0 :<\/span><span style=\"font-weight: 400;\"><br \/><\/span><span style=\"font-weight: 400;\">\u2003\u20033.2.1 toute pi\u00e8ce qui a \u00e9t\u00e9 mal entretenue ou conserv\u00e9e en stockage, soumise \u00e0 la contamination, \u00e0 une manipulation, installation, assemblage, modification, d\u00e9montage non autoris\u00e9, mauvaise utilisation ou abus ;<\/span><span style=\"font-weight: 400;\"><br \/><\/span><span style=\"font-weight: 400;\">\u2003\u20033.2.2 toute pi\u00e8ce qui a \u00e9t\u00e9 soumise \u00e0 un manque d&rsquo;entretien ou de service appropri\u00e9 par le client utilisateur final ;<\/span><span style=\"font-weight: 400;\"><br \/><\/span><span style=\"font-weight: 400;\">\u2003\u20033.2.3 toute d\u00e9faillance de pi\u00e8ce caus\u00e9e, en tout ou en partie, par un composant de remplacement ou un composant de rechange non con\u00e7u, fabriqu\u00e9 ou approuv\u00e9 par Bergstrom ; ou<\/span><span style=\"font-weight: 400;\"><br \/><\/span><span style=\"font-weight: 400;\">\u2003\u20033.2.4 l&rsquo;usure normale de toute pi\u00e8ce ou les \u00e9l\u00e9ments d&rsquo;entretien normal ou les pi\u00e8ces ou composants consommables, y compris mais sans s&rsquo;y limiter les courroies, tuyaux, joints de vilebrequin de compresseur, joints, roulements d&#8217;embrayage et de compresseur, vannes, s\u00e9cheurs r\u00e9cepteurs, produits chimiques, huiles, ampoules et filtres.<\/span><span style=\"font-weight: 400;\"><br \/><\/span><span style=\"font-weight: 400;\">\u2003\u20033.2.5 toute pi\u00e8ce qui a \u00e9t\u00e9 install\u00e9e contrairement \u00e0 la pratique d&rsquo;installation recommand\u00e9e de quelque mani\u00e8re que ce soit ou qui a \u00e9t\u00e9 utilis\u00e9e avec des composants non Bergstrom, de sorte qu&rsquo;\u00e0 l&rsquo;appr\u00e9ciation de Bergstrom, cela affecte n\u00e9gativement son fonctionnement.<\/span><span style=\"font-weight: 400;\"><br \/><\/span><span style=\"font-weight: 400;\">\u2003\u20033.2.6 tous les autres composants du v\u00e9hicule qui sont exclus de cette garantie, y compris, mais sans s&rsquo;y limiter, les composants standard de chauffage, ventilation et climatisation (HVAC) du v\u00e9hicule, les batteries*, les chauffages \u00e0 carburant optionnels**, les chauffages de bloc optionnels**, les onduleurs ou les combinaisons onduleur\/chargeur optionnels***.<\/span><\/p><ul><li style=\"font-weight: 400;\" aria-level=\"1\"><span style=\"font-weight: 400;\">Les batteries Trojan sont garanties par le fabricant. Pour des informations sur la garantie, appelez le 800.423.6569.<\/span><span style=\"font-weight: 400;\"><br \/><\/span><span style=\"font-weight: 400;\">** Les chauffages Ebersp\u00e4cher sont garantis par le fabricant. Pour des informations sur la garantie, appelez le 800.387.4800.<\/span><span style=\"font-weight: 400;\"><br \/><\/span><span style=\"font-weight: 400;\">*** Les onduleurs et\/ou chargeurs Tundra sont garantis par le fabricant. Pour des informations sur la garantie, appelez le 877.964.2582.<\/span><\/li><\/ul><ol><li style=\"font-weight: 400;\" aria-level=\"1\"><span style=\"font-weight: 400;\">LIMITATION DE RESPONSABILIT\u00c9 POUR LES PRODUITS COUVERTS<\/span><\/li><\/ol><p><span style=\"font-weight: 400;\">4.1 EN AUCUN CAS BERGSTROM NE SERA RESPONSABLE DES DOMMAGES INDIRECTS, ACCESSOIRES, CONS\u00c9CUTIFS OU SP\u00c9CIAUX OU DE TOUTES PERTES DE B\u00c9N\u00c9FICES R\u00c9SULTANT DE D\u00c9FAUTS OU DE NON-CONFORMIT\u00c9S DANS TOUTE PI\u00c8CE OU DE TOUTE VIOLATION DU PR\u00c9SENT ACCORD DE GARANTIE, Y COMPRIS, MAIS SANS S&rsquo;Y LIMITER, LES FRAIS DE REMORQUAGE, L&rsquo;EXP\u00c9DITION DE LA PI\u00c8CE DE REMPLACEMENT, LES FRAIS DE LOCATION, LE TEMPS D&rsquo;ARR\u00caT OU LES FRAIS LI\u00c9S AU TEMPS D&rsquo;ARR\u00caT DE LA PI\u00c8CE OU DU V\u00c9HICULE DANS LEQUEL ELLE EST INCORPOR\u00c9E, LES DOMMAGES AUX V\u00c9HICULES OU AUX CONTENUS OU CARGAISON DU V\u00c9HICULE, OU LES DOMMAGES LI\u00c9S AU RETRAIT DES PI\u00c8CES OU \u00c0 L&rsquo;INSTALLATION DES PI\u00c8CES R\u00c9PAR\u00c9ES OU REMPLAC\u00c9ES, QUELLE QUE SOIT LA FORME DE L&rsquo;ACTION (CONTRAT, D\u00c9LIT, OU AUTRE), M\u00caME SI LE CLIENT A AVERTI BERGSTROM DE LA POSSIBILIT\u00c9 DE TELS DOMMAGES.<\/span><\/p><ol><li style=\"font-weight: 400;\" aria-level=\"1\"><span style=\"font-weight: 400;\">Remboursement des r\u00e9clamations de garantie<\/span><\/li><\/ol><p><span style=\"font-weight: 400;\">5.1 Sous r\u00e9serve des termes de la garantie d\u00e9finis dans cet accord de garantie, et en tant que seul et exclusif recours du client pour toute violation de garantie concernant la ou les pi\u00e8ces, Bergstrom remboursera les frais de r\u00e9clamation de garantie lorsque Bergstrom d\u00e9termine qu&rsquo;elle en est responsable comme suit :<\/span><span style=\"font-weight: 400;\"><br \/><\/span><span style=\"font-weight: 400;\">\u2003\u20035.1.1 Les frais de mat\u00e9riaux au prix vendu par Bergstrom au client.<\/span><span style=\"font-weight: 400;\"><br \/><\/span><span style=\"font-weight: 400;\">\u2003\u20035.1.2 Pour les pi\u00e8ces de service, le remboursement de la garantie sera limit\u00e9 au prix d&rsquo;achat pay\u00e9 par le client \u00e0 Bergstrom pour les pi\u00e8ces d\u00e9fectueuses ou non conformes garanties.<\/span><\/p><p><span style=\"font-weight: 400;\">5.2 Pour chaque r\u00e9clamation de garantie et demande de remboursement, un num\u00e9ro de r\u00e9clamation s\u00e9par\u00e9 et un formulaire \u00ab Demande de garantie \u00bb doivent \u00eatre \u00e9mis pour chaque v\u00e9hicule r\u00e9par\u00e9. Les r\u00e9clamations de garantie doivent \u00eatre soumises via le portail de garantie de Bergstrom (<\/span><a href=\"https:\/\/warranty.bergstrominc.com\"><span style=\"font-weight: 400;\">https:\/\/warranty.bergstrominc.com<\/span><\/a><span style=\"font-weight: 400;\">) et le client doit retourner automatiquement la ou les pi\u00e8ces d\u00e9fectueuses \u00e0 Bergstrom dans les trente (30) jours suivant la r\u00e9paration. Les frais de retour seront pr\u00e9pay\u00e9s par le client et seront rembours\u00e9s uniquement si la r\u00e9clamation est approuv\u00e9e par Bergstrom.<\/span><span style=\"font-weight: 400;\"><br \/><\/span><span style=\"font-weight: 400;\">5.3 Bergstrom s&rsquo;engage \u00e0 r\u00e9pondre \u00e0 toutes les r\u00e9clamations de garantie dans un d\u00e9lai de trente (30) jours \u00e0 partir de la date o\u00f9 (a) la r\u00e9clamation a \u00e9t\u00e9 pr\u00e9sent\u00e9e ou (b) les pi\u00e8ces d\u00e9fectueuses ont \u00e9t\u00e9 retourn\u00e9es \u00e0 Bergstrom, selon la premi\u00e8re de ces \u00e9ventualit\u00e9s.<\/span><span style=\"font-weight: 400;\"><br \/><\/span><span style=\"font-weight: 400;\">5.4 Le remboursement des r\u00e9clamations de garantie par Bergstrom est d\u00fb dans les trente (30) jours suivant la d\u00e9termination finale de la responsabilit\u00e9.<\/span><span style=\"font-weight: 400;\"><br \/><\/span><span style=\"font-weight: 400;\">5.5 La garantie et le recours au remboursement d\u00e9finis ici sont express\u00e9ment conditionn\u00e9s par :<\/span><span style=\"font-weight: 400;\"><br \/><\/span><span style=\"font-weight: 400;\">\u2003\u2003(a) le paiement int\u00e9gral du prix d&rsquo;achat de la ou des pi\u00e8ces ;<\/span><span style=\"font-weight: 400;\"><br \/><\/span><span style=\"font-weight: 400;\">\u2003\u2003(b) la fourniture par le client d&rsquo;un avis \u00e9crit \u00e0 Bergstrom concernant le d\u00e9faut ou la non-conformit\u00e9 dans les 60 jours suivant la d\u00e9couverte ou la d\u00e9couverte pr\u00e9sum\u00e9e du d\u00e9faut ou de la non-conformit\u00e9 ;<\/span><span style=\"font-weight: 400;\"><br \/><\/span><span style=\"font-weight: 400;\">\u2003\u2003(c) le stockage, l&rsquo;installation, l&rsquo;assemblage, l&rsquo;utilisation, et l&rsquo;entretien de la ou des pi\u00e8ces conform\u00e9ment aux instructions \u00e9crites de Bergstrom ;<\/span><span style=\"font-weight: 400;\"><br \/><\/span><span style=\"font-weight: 400;\">\u2003\u2003(d) la pr\u00e9sence du num\u00e9ro de s\u00e9rie d&rsquo;origine ou du d\u00e9calque de la date de garantie sur la ou les pi\u00e8ces, intact et dans son \u00e9tat d&rsquo;origine ; et<\/span><span style=\"font-weight: 400;\"><br \/><\/span><span style=\"font-weight: 400;\">\u2003\u2003(e) le retour de toute pi\u00e8ce \u00e0 Bergstrom.<\/span><\/p><ol><li style=\"font-weight: 400;\" aria-level=\"1\"><span style=\"font-weight: 400;\">Dur\u00e9e et applicabilit\u00e9 de la politique de garantie<\/span><\/li><\/ol><p><span style=\"font-weight: 400;\">6.1 Les dispositions relatives aux garanties, aux recours et \u00e0 la responsabilit\u00e9 concernant les pi\u00e8ces vendues par Bergstrom au client dans le cadre de cette politique de garantie ne peuvent \u00eatre modifi\u00e9es, modifi\u00e9es ou compl\u00e9t\u00e9es de quelque mani\u00e8re que ce soit, sauf par un accord \u00e9crit, sign\u00e9 par les deux parties, et reconnaissant qu&rsquo;il modifie cette politique de garantie.<\/span><span style=\"font-weight: 400;\"><br \/><\/span><span style=\"font-weight: 400;\">6.2 Les parties conviennent en outre que cette politique de garantie constitue l&rsquo;int\u00e9gralit\u00e9 de l&rsquo;accord et de la compr\u00e9hension des parties en ce qui concerne le sujet des garanties des pi\u00e8ces, et qu&rsquo;il n&rsquo;existe aucune promesse, condition, obligation, orale ou \u00e9crite, expresse ou implicite \u00e0 l&rsquo;\u00e9gard de ce sujet, \u00e0 l&rsquo;exception de celles contenues dans cette politique de garantie, et aucune des parties ne pourra se fier \u00e0 un accord, une entente ou un arrangement concernant les garanties des pi\u00e8ces vendues par Bergstrom au client qui ne soit pas express\u00e9ment identifi\u00e9 dans ce document.<\/span><\/p><ol><li style=\"font-weight: 400;\" aria-level=\"1\"><span style=\"font-weight: 400;\">Loi applicable<\/span><\/li><\/ol><p><span style=\"font-weight: 400;\">7.1 Le pr\u00e9sent accord de garantie sera r\u00e9gi et interpr\u00e9t\u00e9 conform\u00e9ment aux lois de l&rsquo;\u00c9tat de l&rsquo;Illinois. Si une limitation de responsabilit\u00e9 ou une disposition d&rsquo;indemnisation contenue dans cet accord est jug\u00e9e ill\u00e9gale, invalide ou inapplicable par un tribunal de droit ou une juridiction comp\u00e9tente, la l\u00e9galit\u00e9, la validit\u00e9 et l&rsquo;applicabilit\u00e9 des autres dispositions ne seront pas affect\u00e9es ni alt\u00e9r\u00e9es par cette d\u00e9cision.<\/span><\/p><p><br \/><br \/><\/p>\t\t\t\t\t\t\t\t<\/div>\n\t\t\t\t<\/div>\n\t\t\t\t\t<\/div>\n\t\t\t\t<\/div>\n\t\t\t\t<\/div>\n\t\t","protected":false},"excerpt":{"rendered":"<p>Politique de garantie \u2013 Syst\u00e8mes et pi\u00e8ces \u00e9lectrifi\u00e9s Bergstrom La garantie de Bergstrom Inc. pour les syst\u00e8mes et pi\u00e8ces \u00e9lectrifi\u00e9s [&hellip;]<\/p>\n","protected":false},"author":1,"featured_media":0,"parent":0,"menu_order":0,"comment_status":"closed","ping_status":"closed","template":"","meta":{"postBodyCss":"","postBodyMargin":[],"postBodyPadding":[],"postBodyBackground":{"backgroundType":"classic","gradient":""},"site-sidebar-layout":"no-sidebar","site-content-layout":"","ast-site-content-layout":"full-width-container","site-content-style":"default","site-sidebar-style":"default","ast-global-header-display":"","ast-banner-title-visibility":"","ast-main-header-display":"","ast-hfb-above-header-display":"","ast-hfb-below-header-display":"","ast-hfb-mobile-header-display":"","site-post-title":"disabled","ast-breadcrumbs-content":"","ast-featured-img":"disabled","footer-sml-layout":"","ast-disable-related-posts":"","theme-transparent-header-meta":"","adv-header-id-meta":"","stick-header-meta":"","header-above-stick-meta":"","header-main-stick-meta":"","header-below-stick-meta":"","astra-migrate-meta-layouts":"default","ast-page-background-enabled":"default","ast-page-background-meta":{"desktop":{"background-color":"var(--ast-global-color-4)","background-image":"","background-repeat":"repeat","background-position":"center center","background-size":"auto","background-attachment":"scroll","background-type":"","background-media":"","overlay-type":"","overlay-color":"","overlay-opacity":"","overlay-gradient":""},"tablet":{"background-color":"","background-image":"","background-repeat":"repeat","background-position":"center center","background-size":"auto","background-attachment":"scroll","background-type":"","background-media":"","overlay-type":"","overlay-color":"","overlay-opacity":"","overlay-gradient":""},"mobile":{"background-color":"","background-image":"","background-repeat":"repeat","background-position":"center center","background-size":"auto","background-attachment":"scroll","background-type":"","background-media":"","overlay-type":"","overlay-color":"","overlay-opacity":"","overlay-gradient":""}},"ast-content-background-meta":{"desktop":{"background-color":"var(--ast-global-color-5)","background-image":"","background-repeat":"repeat","background-position":"center center","background-size":"auto","background-attachment":"scroll","background-type":"","background-media":"","overlay-type":"","overlay-color":"","overlay-opacity":"","overlay-gradient":""},"tablet":{"background-color":"var(--ast-global-color-5)","background-image":"","background-repeat":"repeat","background-position":"center center","background-size":"auto","background-attachment":"scroll","background-type":"","background-media":"","overlay-type":"","overlay-color":"","overlay-opacity":"","overlay-gradient":""},"mobile":{"background-color":"var(--ast-global-color-5)","background-image":"","background-repeat":"repeat","background-position":"center center","background-size":"auto","background-attachment":"scroll","background-type":"","background-media":"","overlay-type":"","overlay-color":"","overlay-opacity":"","overlay-gradient":""}},"footnotes":""},"class_list":["post-13760","page","type-page","status-publish","hentry"],"_links":{"self":[{"href":"https:\/\/bergstrominc.com\/us\/fr\/wp-json\/wp\/v2\/pages\/13760","targetHints":{"allow":["GET"]}}],"collection":[{"href":"https:\/\/bergstrominc.com\/us\/fr\/wp-json\/wp\/v2\/pages"}],"about":[{"href":"https:\/\/bergstrominc.com\/us\/fr\/wp-json\/wp\/v2\/types\/page"}],"author":[{"embeddable":true,"href":"https:\/\/bergstrominc.com\/us\/fr\/wp-json\/wp\/v2\/users\/1"}],"replies":[{"embeddable":true,"href":"https:\/\/bergstrominc.com\/us\/fr\/wp-json\/wp\/v2\/comments?post=13760"}],"version-history":[{"count":3,"href":"https:\/\/bergstrominc.com\/us\/fr\/wp-json\/wp\/v2\/pages\/13760\/revisions"}],"predecessor-version":[{"id":13790,"href":"https:\/\/bergstrominc.com\/us\/fr\/wp-json\/wp\/v2\/pages\/13760\/revisions\/13790"}],"wp:attachment":[{"href":"https:\/\/bergstrominc.com\/us\/fr\/wp-json\/wp\/v2\/media?parent=13760"}],"curies":[{"name":"wp","href":"https:\/\/api.w.org\/{rel}","templated":true}]}}