{"id":13762,"date":"2024-07-15T12:18:46","date_gmt":"2024-07-15T16:18:46","guid":{"rendered":"https:\/\/dimgrey-goat-433611.hostingersite.com\/us\/warranty-policy-busac\/"},"modified":"2025-03-18T07:18:02","modified_gmt":"2025-03-18T11:18:02","slug":"warranty-policy-busac","status":"publish","type":"page","link":"https:\/\/bergstrominc.com\/us\/fr\/warranty-policy-busac\/","title":{"rendered":"Warranty Policy &#8211; Bergstrom Bus Air Conditioning Products"},"content":{"rendered":"\t\t<div data-elementor-type=\"wp-page\" data-elementor-id=\"13762\" class=\"elementor elementor-13762 elementor-9509\" data-elementor-post-type=\"page\">\n\t\t\t\t<div class=\"elementor-element elementor-element-49a394be e-flex e-con-boxed e-con e-parent\" data-id=\"49a394be\" data-element_type=\"container\" data-e-type=\"container\" data-settings=\"{&quot;background_background&quot;:&quot;classic&quot;,&quot;jet_parallax_layout_list&quot;:[]}\">\n\t\t\t\t\t<div class=\"e-con-inner\">\n\t\t<div class=\"elementor-element elementor-element-5eb25a2e e-con-full e-flex e-con e-child\" data-id=\"5eb25a2e\" data-element_type=\"container\" data-e-type=\"container\" data-settings=\"{&quot;jet_parallax_layout_list&quot;:[]}\">\n\t\t\t\t<div class=\"elementor-element elementor-element-a307cc elementor-widget__width-initial elementor-widget elementor-widget-heading\" data-id=\"a307cc\" data-element_type=\"widget\" data-e-type=\"widget\" data-widget_type=\"heading.default\">\n\t\t\t\t<div class=\"elementor-widget-container\">\n\t\t\t\t\t<h1 class=\"elementor-heading-title elementor-size-default\">Politique de garantie \u2013 Produits de climatisation pour bus Bergstrom<\/h1>\t\t\t\t<\/div>\n\t\t\t\t<\/div>\n\t\t\t\t<\/div>\n\t\t\t\t\t<\/div>\n\t\t\t\t<\/div>\n\t\t<div class=\"elementor-element elementor-element-38e0bf60 e-flex e-con-boxed e-con e-parent\" data-id=\"38e0bf60\" data-element_type=\"container\" data-e-type=\"container\" data-settings=\"{&quot;background_background&quot;:&quot;classic&quot;,&quot;jet_parallax_layout_list&quot;:[]}\">\n\t\t\t\t\t<div class=\"e-con-inner\">\n\t\t\t\t<div class=\"elementor-element elementor-element-2da5bf5b elementor-widget elementor-widget-text-editor\" data-id=\"2da5bf5b\" data-element_type=\"widget\" data-e-type=\"widget\" data-widget_type=\"text-editor.default\">\n\t\t\t\t<div class=\"elementor-widget-container\">\n\t\t\t\t\t\t\t\t\t<p><b>Garantie de Bergstrom Inc. pour les produits de climatisation de bus et les pi\u00e8ces de remplacement<\/b><\/p><p><span style=\"font-weight: 400;\">La garantie de Bergstrom Inc. pour les produits de climatisation de bus et les pi\u00e8ces de remplacement est d\u00e9finie ci-dessous.<\/span><span style=\"font-weight: 400;\"><br \/><\/span><span style=\"font-weight: 400;\">Toute garantie est nulle et non avenue sauf si l&rsquo;enregistrement de la garantie est compl\u00e9t\u00e9 en ligne sur <\/span><a href=\"https:\/\/warranty.bergstrominc.com\/\"><span style=\"font-weight: 400;\">https:\/\/warranty.bergstrominc.com\/<\/span><\/a><span style=\"font-weight: 400;\"> dans les trente (30) jours suivant la date d&rsquo;installation.<\/span><span style=\"font-weight: 400;\"><br \/><\/span><span style=\"font-weight: 400;\">Pour les r\u00e9parations de produits, renvoyez le v\u00e9hicule \u00e0 l&rsquo;installateur pour que les travaux sous garantie soient effectu\u00e9s. Contactez Bergstrom au (1.855.BUS.HVAC) pour une pr\u00e9-autorisation avant de proc\u00e9der si le co\u00fbt de la r\u00e9paration d\u00e9passe 200,00 $.<\/span><span style=\"font-weight: 400;\"><br \/><\/span><span style=\"font-weight: 400;\">Dans le cas o\u00f9 une pi\u00e8ce pr\u00e9sente un d\u00e9faut de qualit\u00e9 avant l&rsquo;installation, veuillez contacter votre repr\u00e9sentant du service client\u00e8le de Bergstrom pour obtenir une autorisation de retour de marchandise (RGA) et les instructions pour retourner la pi\u00e8ce d\u00e9fectueuse.<\/span><\/p><ol><li style=\"font-weight: 400;\" aria-level=\"1\"><b>D\u00e9finition des produits<\/b><\/li><\/ol><p><span style=\"font-weight: 400;\">1.1 Les produits BusAC incluent, mais ne se limitent pas, aux produits sous la marque Cool Zone. Aux fins de cette politique de garantie, le terme \u00ab\u00a0produits BusAC\u00a0\u00bb d\u00e9signe tous les produits vendus par Bergstrom au Client.<\/span><\/p><ol><li style=\"font-weight: 400;\" aria-level=\"1\"><b>Garantie des produits<\/b><\/li><\/ol><p><span style=\"font-weight: 400;\">2.1 Sous r\u00e9serve de la section 3, Bergstrom garantit que, pendant la p\u00e9riode de garantie sp\u00e9cifi\u00e9e ci-dessous, les produits vendus par Bergstrom au Client seront :<\/span><span style=\"font-weight: 400;\"><br \/><\/span><span style=\"font-weight: 400;\">2.1.1 exempts de d\u00e9fauts de conception, de mat\u00e9riaux et de fabrication ; et<\/span><span style=\"font-weight: 400;\"><br \/><\/span><span style=\"font-weight: 400;\">2.1.2 exempts de privil\u00e8ges ou d&rsquo;hypoth\u00e8ques.<\/span><\/p><p><span style=\"font-weight: 400;\">2.2 La p\u00e9riode de garantie pour les produits (\u00ab\u00a0P\u00e9riode de garantie\u00a0\u00bb) est d\u00e9finie dans le tableau A ci-dessous et commencera apr\u00e8s que le premier propri\u00e9taire de d\u00e9tail ait pris possession du produit aupr\u00e8s du revendeur, mais pas plus de 18 mois apr\u00e8s l&rsquo;installation :<\/span><\/p><p><b>Tableau A<\/b><\/p><table><thead><tr><th><p><b>Type de produit<\/b><\/p><\/th><th><p><b>Dur\u00e9e de la garantie<\/b><\/p><\/th><\/tr><\/thead><tbody><tr><td><p><span style=\"font-weight: 400;\">Installation initiale<\/span><\/p><\/td><td><p><span style=\"font-weight: 400;\">3 ans\/illimit\u00e9e en kilom\u00e8tres<\/span><\/p><\/td><\/tr><tr><td><p><span style=\"font-weight: 400;\">Pi\u00e8ces de service<\/span><\/p><\/td><td><p><span style=\"font-weight: 400;\">1 an\/illimit\u00e9e en kilom\u00e8tres<\/span><\/p><\/td><\/tr><\/tbody><\/table><p><span style=\"font-weight: 400;\">Une garantie \u00e9tendue de 4e et 5e ann\u00e9e est disponible \u00e0 l&rsquo;achat (avec ou sans kilom\u00e9trage illimit\u00e9). Celle-ci est disponible uniquement au moment de l&rsquo;installation initiale du produit ou de l&rsquo;achat du bus. La p\u00e9riode de garantie commence \u00e0 la date d&rsquo;enregistrement de la garantie.<\/span><\/p><p><span style=\"font-weight: 400;\">2.3 Toute r\u00e9paration ou remplacement des produits ou composants de produits dans le cadre de la garantie de Bergstrom n&rsquo;\u00e9tendra pas la p\u00e9riode de garantie.<\/span><\/p><p><span style=\"font-weight: 400;\">2.4 La garantie est la propri\u00e9t\u00e9 exclusive du propri\u00e9taire-utilisateur-consommateur initial et n&rsquo;est pas transf\u00e9rable. Un transfert de propri\u00e9t\u00e9 mettra fin \u00e0 la garantie restante.<\/span><\/p><ol><li style=\"font-weight: 400;\" aria-level=\"1\"><b>D\u00c9NI DE GARANTIE POUR LES PRODUITS COUVERTS ET EXCLUSIONS DE GARANTIE<\/b><\/li><\/ol><p><span style=\"font-weight: 400;\">3.1 LA GARANTIE LIMIT\u00c9E EXPLICITE \u00c9NONC\u00c9E DANS LA SECTION 2 REMPLACE TOUTES LES AUTRES GARANTIES, EXPLICITES OU IMPLICITES, ORALES OU \u00c9CRITES, ET IL N&rsquo;Y A AUCUNE GARANTIE IMPLICITE DE QUALIT\u00c9 MARCHANDE, DE PRATICABILIT\u00c9 POUR UN USAGE PARTICULIER, OU TOUTE AUTRE GARANTIE POUR LES PRODUITS SAUF CELLE EXPRESS\u00c9MENT \u00c9NONC\u00c9E DANS CET ACCORD DE GARANTIE.<\/span><\/p><p><span style=\"font-weight: 400;\">3.2 La garantie limit\u00e9e explicite \u00e9nonc\u00e9e dans la section 2 ne s&rsquo;\u00e9tendra pas ou ne s&rsquo;appliquera pas \u00e0 :<\/span><span style=\"font-weight: 400;\"><br \/><\/span><span style=\"font-weight: 400;\">3.2.1 tout produit ayant \u00e9t\u00e9 mal entretenu ou conserv\u00e9 en entrep\u00f4t, soumis \u00e0 une contamination, une manipulation, une installation, un assemblage inappropri\u00e9, des sabotages, un d\u00e9montage non autoris\u00e9, un mauvais usage ou des abus ;<\/span><span style=\"font-weight: 400;\"><br \/><\/span><span style=\"font-weight: 400;\">3.2.2 tout produit qui a fait l&rsquo;objet d&rsquo;un manque d&rsquo;entretien ou de service ad\u00e9quat par le client final ;<\/span><span style=\"font-weight: 400;\"><br \/><\/span><span style=\"font-weight: 400;\">3.2.3 tout \u00e9chec de produit caus\u00e9, en tout ou en partie, par tout composant de remplacement ou accessoire apr\u00e8s-vente non con\u00e7u, fabriqu\u00e9 ou approuv\u00e9 par Bergstrom ; ou<\/span><span style=\"font-weight: 400;\"><br \/><\/span><span style=\"font-weight: 400;\">3.2.4 l&rsquo;usure normale de tout produit ou d&rsquo;\u00e9l\u00e9ments de maintenance ou de pi\u00e8ces ou composants consommables, y compris mais sans s&rsquo;y limiter les courroies, tuyaux, joints d&rsquo;arbre de compresseur, joints, embrayages et roulements de compresseur, vannes, d\u00e9shydrateurs, produits chimiques, huiles, ampoules et filtres.<\/span><span style=\"font-weight: 400;\"><br \/><\/span><span style=\"font-weight: 400;\">3.2.5 tout produit qui aura \u00e9t\u00e9 install\u00e9 contrairement aux pratiques d&rsquo;installation recommand\u00e9es ou utilis\u00e9 en conjonction avec des composants non-BusAC, de sorte qu&rsquo;\u00e0 l&rsquo;avis de Bergstrom, cela affecte son fonctionnement.<\/span><span style=\"font-weight: 400;\"><br \/><\/span><span style=\"font-weight: 400;\">3.2.6 tous les autres composants de v\u00e9hicule exclus de cette garantie, y compris, mais sans s&rsquo;y limiter, les composants standards de chauffage, ventilation et climatisation (HVAC) du v\u00e9hicule, les batteries*, les chauffages \u00e0 carburant optionnels**, les chauffages de bloc optionnels**, les onduleurs ou les combin\u00e9s onduleur\/chargeur optionnels***.<\/span><\/p><ul><li style=\"font-weight: 400;\" aria-level=\"1\"><span style=\"font-weight: 400;\">Les batteries Trojan sont garanties par le fabricant. Pour les informations sur la garantie, appelez le 800.423.6569.<\/span><span style=\"font-weight: 400;\"><br \/><\/span><span style=\"font-weight: 400;\">** Les chauffages Ebersp\u00e4cher sont garantis par le fabricant. Pour les informations sur la garantie, appelez le 800.387.4800.<\/span><span style=\"font-weight: 400;\"><br \/><\/span><span style=\"font-weight: 400;\">*** Les onduleurs et\/ou chargeurs Tundra sont garantis par le fabricant. Pour les informations sur la garantie, appelez le 877.964.2582.<\/span><\/li><\/ul><ol><li style=\"font-weight: 400;\" aria-level=\"1\"><b>LIMITATION DE RESPONSABILIT\u00c9 POUR LES PRODUITS COUVERTS<\/b><\/li><\/ol><p><span style=\"font-weight: 400;\">4.1 EN AUCUN CAS BERGSTROM NE SERA RESPONSABLE DES DOMMAGES INDIRECTS, ACCESSOIRES, CONS\u00c9CUTIFS OU SP\u00c9CIAUX, NI DES PERTES DE PROFITS R\u00c9SULTANT DE D\u00c9FAUTS OU DE NON-CONFORMIT\u00c9S DANS N&rsquo;IMPORTE QUEL PRODUIT OU D&rsquo;UNE VIOLATION DE CET ACCORD DE GARANTIE, Y COMPRIS, MAIS SANS S&rsquo;Y LIMITER, LES FRAIS DE REMORQUAGE, D&rsquo;EXP\u00c9DITION DE LA PI\u00c8CE DE REMPLACEMENT, LES FRAIS DE LOCATION, LES P\u00c9RIODES D&rsquo;INACTIVIT\u00c9 OU LES FRAIS LI\u00c9S \u00c0 L&rsquo;INACTIVIT\u00c9 DU PRODUIT OU DU V\u00c9HICULE DANS LEQUEL IL EST INCORPOR\u00c9, LES DOMMAGES AUX V\u00c9HICULES OU \u00c0 LEURS CONTENUS OU CARGAISON, OU LES DOMMAGES LI\u00c9S AU RETRAIT DU PRODUIT OU \u00c0 L&rsquo;INSTALLATION DU PRODUIT R\u00c9PAR\u00c9 OU REMPLAC\u00c9, QUELLE QUE SOIT LA FORME DE L&rsquo;ACTION (CONTRAT, TORT OU AUTRE) ET M\u00caME SI LE CLIENT A AVERTI BERGSTROM DE LA POSSIBILIT\u00c9 DE TELS DOMMAGES.<\/span><\/p><ol><li style=\"font-weight: 400;\" aria-level=\"1\"><b>Remboursement des r\u00e9clamations sous garantie<\/b><\/li><\/ol><p><span style=\"font-weight: 400;\">5.1 Sous r\u00e9serve des conditions de garantie d\u00e9finies dans cet accord de garantie, et en tant que seul recours exclusif du Client en cas de violation de garantie concernant les produits, Bergstrom remboursera le Client pour les co\u00fbts des r\u00e9clamations de garantie conjointement d\u00e9termin\u00e9s par les parties comme \u00e9tant \u00e0 la charge de Bergstrom comme suit :<\/span><span style=\"font-weight: 400;\"><br \/><\/span><span style=\"font-weight: 400;\">5.1.1 Co\u00fbts des mat\u00e9riaux au prix de vente de Bergstrom au Client ; plus<\/span><span style=\"font-weight: 400;\"><br \/><\/span><span style=\"font-weight: 400;\">5.1.2 Co\u00fbts de main-d&rsquo;\u0153uvre au tarif horaire approuv\u00e9 du centre de service multipli\u00e9 par le temps standard de r\u00e9paration (SRT) de Bergstrom.<\/span><span style=\"font-weight: 400;\"><br \/><\/span><span style=\"font-weight: 400;\">5.1.3 Pour les pi\u00e8ces de service, le remboursement de la garantie sera limit\u00e9 au prix d&rsquo;achat pay\u00e9 par le Client \u00e0 Bergstrom pour les pi\u00e8ces d\u00e9fectueuses ou non conformes sous garantie.<\/span><\/p><p><span style=\"font-weight: 400;\">5.2 Pour chaque r\u00e9clamation de garantie et demande de remboursement, un num\u00e9ro de r\u00e9clamation distinct et un formulaire \u00ab\u00a0Demande de garantie\u00a0\u00bb doivent \u00eatre \u00e9mis pour chaque v\u00e9hicule individuel r\u00e9par\u00e9. Les r\u00e9clamations de garantie doivent \u00eatre soumises sur le portail de garantie de Bergstrom <\/span><a href=\"https:\/\/warranty.bergstrominc.com\"><span style=\"font-weight: 400;\">https:\/\/warranty.bergstrominc.com<\/span><\/a><span style=\"font-weight: 400;\"> et le Client devra automatiquement retourner la ou les pi\u00e8ces d\u00e9fectueuses \u00e0 Bergstrom dans les trente (30) jours suivant la r\u00e9paration. Les frais de retour seront pr\u00e9pay\u00e9s par le Client et uniquement rembours\u00e9s si la r\u00e9clamation est approuv\u00e9e par Bergstrom.<\/span><\/p><p><span style=\"font-weight: 400;\">5.3 Bergstrom s&rsquo;engage \u00e0 r\u00e9pondre \u00e0 toutes les r\u00e9clamations sous garantie dans les trente (30) jours suivant la date o\u00f9 (a) la r\u00e9clamation est pr\u00e9sent\u00e9e ou (b) les pi\u00e8ces d\u00e9fectueuses sont retourn\u00e9es \u00e0 Bergstrom, selon la derni\u00e8re \u00e9ventualit\u00e9.<\/span><\/p><p><span style=\"font-weight: 400;\">5.4 Le remboursement de Bergstrom pour les r\u00e9clamations sous garantie sera effectu\u00e9 dans les trente (30) jours suivant la d\u00e9termination finale de la responsabilit\u00e9.<\/span><\/p><p><span style=\"font-weight: 400;\">5.5 La garantie et le recours en remboursement d\u00e9finis ici sont express\u00e9ment conditionn\u00e9s \u00e0 :<\/span><span style=\"font-weight: 400;\"><br \/><\/span><span style=\"font-weight: 400;\">(a) paiement int\u00e9gral du prix d&rsquo;achat des produits ;<\/span><span style=\"font-weight: 400;\"><br \/><\/span><span style=\"font-weight: 400;\">(b) le Client fournissant \u00e0 Bergstrom un avis \u00e9crit du d\u00e9faut ou de la non-conformit\u00e9 dans les 60 jours suivant le moment o\u00f9 le Client a d\u00e9couvert ou aurait d\u00fb d\u00e9couvrir le d\u00e9faut ou la non-conformit\u00e9 ;<\/span><span style=\"font-weight: 400;\"><br \/><\/span><span style=\"font-weight: 400;\">(c) le stockage, l&rsquo;installation, l&rsquo;assemblage, l&rsquo;exploitation, l&rsquo;utilisation et l&rsquo;entretien des produits conform\u00e9ment aux instructions \u00e9crites de Bergstrom ;<\/span><span style=\"font-weight: 400;\"><br \/><\/span><span style=\"font-weight: 400;\">(d) la pr\u00e9sence du num\u00e9ro de s\u00e9rie original ou du sticker de la date de garantie sur les produits, intact et dans son \u00e9tat original ; et<\/span><span style=\"font-weight: 400;\"><br \/><\/span><span style=\"font-weight: 400;\">(e) le retour de tout produit \u00e0 Bergstrom.<\/span><\/p><ol><li style=\"font-weight: 400;\" aria-level=\"1\"><b>Dur\u00e9e et applicabilit\u00e9 de la politique de garantie<\/b><\/li><\/ol><p><span style=\"font-weight: 400;\">6.1 Les dispositions relatives aux garanties, recours et responsabilit\u00e9s concernant les produits vendus par Bergstrom au Client dans le cadre de cette politique de garantie ne peuvent \u00eatre modifi\u00e9es, compl\u00e9t\u00e9es ou amend\u00e9es de quelque mani\u00e8re que ce soit, sauf par un accord \u00e9crit, sign\u00e9 par les deux parties, et qui reconna\u00eet qu&rsquo;il modifie cette politique de garantie.<\/span><\/p><p><span style=\"font-weight: 400;\">6.2 Les parties conviennent en outre que cette politique de garantie constitue l&rsquo;int\u00e9gralit\u00e9 de l&rsquo;accord et de l&rsquo;entente des parties concernant le sujet de la garantie. Il n&rsquo;existe aucune promesse, condition, obligation, orale ou \u00e9crite, expresse ou implicite concernant ce sujet, autre que celles contenues dans cette politique de garantie, et aucune des parties ne pourra se baser sur un accord, une entente ou un arrangement concernant les garanties sur les produits vendus par Bergstrom au Client qui ne sont pas express\u00e9ment identifi\u00e9s dans le pr\u00e9sent document.<\/span><\/p><ol><li style=\"font-weight: 400;\" aria-level=\"1\"><b>Loi applicable<\/b><\/li><\/ol><p><span style=\"font-weight: 400;\">7.1 Cet accord de garantie sera r\u00e9gi par et interpr\u00e9t\u00e9 conform\u00e9ment aux lois de l&rsquo;\u00c9tat de l&rsquo;Illinois. Si une quelconque disposition de limitation de responsabilit\u00e9 ou d&rsquo;indemnisation contenue dans le pr\u00e9sent document est jug\u00e9e ill\u00e9gale, invalide ou inapplicable par un tribunal comp\u00e9tent, la l\u00e9galit\u00e9, la validit\u00e9 et l&rsquo;applicabilit\u00e9 des autres dispositions ne seront pas affect\u00e9es ou alt\u00e9r\u00e9es pour autant.<\/span><\/p><p>\u00a0<\/p>\t\t\t\t\t\t\t\t<\/div>\n\t\t\t\t<\/div>\n\t\t\t\t\t<\/div>\n\t\t\t\t<\/div>\n\t\t\t\t<\/div>\n\t\t","protected":false},"excerpt":{"rendered":"<p>Politique de garantie \u2013 Produits de climatisation pour bus Bergstrom Garantie de Bergstrom Inc. pour les produits de climatisation de [&hellip;]<\/p>\n","protected":false},"author":1,"featured_media":0,"parent":0,"menu_order":0,"comment_status":"closed","ping_status":"closed","template":"","meta":{"postBodyCss":"","postBodyMargin":[],"postBodyPadding":[],"postBodyBackground":{"backgroundType":"classic","gradient":""},"site-sidebar-layout":"no-sidebar","site-content-layout":"","ast-site-content-layout":"full-width-container","site-content-style":"default","site-sidebar-style":"default","ast-global-header-display":"","ast-banner-title-visibility":"","ast-main-header-display":"","ast-hfb-above-header-display":"","ast-hfb-below-header-display":"","ast-hfb-mobile-header-display":"","site-post-title":"disabled","ast-breadcrumbs-content":"","ast-featured-img":"disabled","footer-sml-layout":"","ast-disable-related-posts":"","theme-transparent-header-meta":"","adv-header-id-meta":"","stick-header-meta":"","header-above-stick-meta":"","header-main-stick-meta":"","header-below-stick-meta":"","astra-migrate-meta-layouts":"default","ast-page-background-enabled":"default","ast-page-background-meta":{"desktop":{"background-color":"var(--ast-global-color-4)","background-image":"","background-repeat":"repeat","background-position":"center center","background-size":"auto","background-attachment":"scroll","background-type":"","background-media":"","overlay-type":"","overlay-color":"","overlay-opacity":"","overlay-gradient":""},"tablet":{"background-color":"","background-image":"","background-repeat":"repeat","background-position":"center center","background-size":"auto","background-attachment":"scroll","background-type":"","background-media":"","overlay-type":"","overlay-color":"","overlay-opacity":"","overlay-gradient":""},"mobile":{"background-color":"","background-image":"","background-repeat":"repeat","background-position":"center center","background-size":"auto","background-attachment":"scroll","background-type":"","background-media":"","overlay-type":"","overlay-color":"","overlay-opacity":"","overlay-gradient":""}},"ast-content-background-meta":{"desktop":{"background-color":"var(--ast-global-color-5)","background-image":"","background-repeat":"repeat","background-position":"center center","background-size":"auto","background-attachment":"scroll","background-type":"","background-media":"","overlay-type":"","overlay-color":"","overlay-opacity":"","overlay-gradient":""},"tablet":{"background-color":"var(--ast-global-color-5)","background-image":"","background-repeat":"repeat","background-position":"center center","background-size":"auto","background-attachment":"scroll","background-type":"","background-media":"","overlay-type":"","overlay-color":"","overlay-opacity":"","overlay-gradient":""},"mobile":{"background-color":"var(--ast-global-color-5)","background-image":"","background-repeat":"repeat","background-position":"center center","background-size":"auto","background-attachment":"scroll","background-type":"","background-media":"","overlay-type":"","overlay-color":"","overlay-opacity":"","overlay-gradient":""}},"footnotes":""},"class_list":["post-13762","page","type-page","status-publish","hentry"],"_links":{"self":[{"href":"https:\/\/bergstrominc.com\/us\/fr\/wp-json\/wp\/v2\/pages\/13762","targetHints":{"allow":["GET"]}}],"collection":[{"href":"https:\/\/bergstrominc.com\/us\/fr\/wp-json\/wp\/v2\/pages"}],"about":[{"href":"https:\/\/bergstrominc.com\/us\/fr\/wp-json\/wp\/v2\/types\/page"}],"author":[{"embeddable":true,"href":"https:\/\/bergstrominc.com\/us\/fr\/wp-json\/wp\/v2\/users\/1"}],"replies":[{"embeddable":true,"href":"https:\/\/bergstrominc.com\/us\/fr\/wp-json\/wp\/v2\/comments?post=13762"}],"version-history":[{"count":3,"href":"https:\/\/bergstrominc.com\/us\/fr\/wp-json\/wp\/v2\/pages\/13762\/revisions"}],"predecessor-version":[{"id":13772,"href":"https:\/\/bergstrominc.com\/us\/fr\/wp-json\/wp\/v2\/pages\/13762\/revisions\/13772"}],"wp:attachment":[{"href":"https:\/\/bergstrominc.com\/us\/fr\/wp-json\/wp\/v2\/media?parent=13762"}],"curies":[{"name":"wp","href":"https:\/\/api.w.org\/{rel}","templated":true}]}}